{"id":32691,"date":"2023-10-20T14:36:33","date_gmt":"2023-10-20T13:36:33","guid":{"rendered":"https:\/\/www.stenogfritid.dk\/?post_type=product&#038;p=32691"},"modified":"2024-04-16T16:29:31","modified_gmt":"2024-04-16T15:29:31","slug":"moby-sweater-baby","status":"publish","type":"product","link":"https:\/\/www.stenogfritid.dk\/de\/produkt-2\/moby-sweater-baby\/","title":{"rendered":"Moby Pullover Baby"},"content":{"rendered":"<p><strong>Materialer:\u00a0<\/strong>150 (200) 200 (250) g Double Sunday fra Sandnes Garn (50 g = 108 m), tynd elastiktr\u00e5d til halskant<\/p>\n<p><strong>Sv\u00e6rhedsgrad<\/strong>: \u2605\u00a0\u2605 \u2605 \u2605 \u2605 (5 ud af 5)<\/p>\n<p>Se klassifikationen af sv\u00e6rhedsgrad\u00a0<a title=\"FAQ\" href=\"https:\/\/www.petiteknit.com\/pages\/svaerhedsgrad\">her<\/a>.<\/p>\n<p>Opskriften sendes som PDF-fil til din mail.<\/p>\n<p>Moby Sweater Baby er strikket i Double Sunday fra Sandnes Garn i farven Whipped cream [1012].<\/p>\n","protected":false},"excerpt":{"rendered":"<p>Der Moby Sweater Baby wird von oben nach unten mit Struktur- und Zopfmuster gestrickt. Zuerst wird das R\u00fcckenteil gestrickt, das mit kurzen Reihen geformt wird, um die Schulterschr\u00e4ge zu bilden. Dann werden die Maschen f\u00fcr die Schultern aufgenommen, die f\u00fcr das Vorderteil vorne zusammengef\u00fcgt werden. Vorder- und R\u00fcckenteil werden unter dem Armausschnitt verbunden, um den K\u00f6rper zu bilden, der gerade nach unten gestrickt wird. Die \u00c4rmel werden auf doppelspitzen Nadeln oder mit der Magic Loop-Technik rund gestrickt. Am Halsausschnitt wird eine gerippte Kante gearbeitet, die umgeschlagen und nach unten gearbeitet wird.<\/p>\n<p>Machen Sie ein Muster, um zu pr\u00fcfen, welche Nadelst\u00e4rke Sie ben\u00f6tigen, um die Maschenprobe zu erreichen - beachten Sie, dass dies von Garn zu Garn unterschiedlich sein kann. Achten Sie darauf, das Muster zu waschen, da texturierte Strickwaren beim Waschen wachsen k\u00f6nnen.<\/p>\n<p><strong>Gr\u00f6\u00dfen:\u00a0<\/strong>1-3 (3-6) 6-9 (9-12) Monate<\/p>\n<p><strong>Die obere Breite des Pullovers:\u00a0<\/strong>54 (58) 62 (66) cm<\/p>\n<p><strong>L\u00e4nge:\u00a0<\/strong>28 (30) 32 (34) cm (inkl. Halskante)<\/p>\n<p><strong>Spannung beim Stricken:\u00a0<\/strong>20 Maschen x 32 Reihen in Strukturstrick auf 4,5 mm Nadeln = 10 x 10 cm nach dem Waschen und Abketten<\/p>\n<p><strong>Leitstangen:\u00a0<\/strong>4,5 mm Rundstricknadel (40 oder 60 cm), 4 mm Rundstricknadel (40 oder 60 cm), 3-, 4- und 4,5-mm-Doppelspitznadeln, Zopfnadel<\/p>","protected":false},"featured_media":32692,"template":"","meta":{"_acf_changed":false},"product_brand":[],"product_cat":[1307],"product_tag":[],"class_list":{"0":"post-32691","1":"product","2":"type-product","3":"status-publish","4":"has-post-thumbnail","6":"product_cat-petiteknit_baby_boern","8":"first","9":"outofstock","10":"taxable","11":"shipping-taxable","12":"purchasable","13":"product-type-simple"},"acf":[],"yoast_head":"<!-- This site is optimized with the Yoast SEO Premium plugin v21.7 (Yoast SEO v27.5) - https:\/\/yoast.com\/product\/yoast-seo-premium-wordpress\/ -->\n<title>Moby Sweater Baby - Smykkesten og Fritid<\/title>\n<meta name=\"description\" content=\"Moby Sweater Baby\" \/>\n<meta name=\"robots\" content=\"index, follow, max-snippet:-1, max-image-preview:large, max-video-preview:-1\" \/>\n<link rel=\"canonical\" href=\"https:\/\/www.stenogfritid.dk\/de\/produkt-2\/moby-sweater-baby\/\" \/>\n<meta property=\"og:locale\" content=\"de_DE\" \/>\n<meta property=\"og:type\" content=\"article\" \/>\n<meta property=\"og:title\" content=\"Moby Sweater Baby\" \/>\n<meta property=\"og:description\" content=\"Moby Sweater Baby\" \/>\n<meta property=\"og:url\" content=\"https:\/\/www.stenogfritid.dk\/de\/produkt-2\/moby-sweater-baby\/\" \/>\n<meta property=\"og:site_name\" content=\"Smykkesten og Fritid\" \/>\n<meta property=\"article:publisher\" content=\"http:\/\/www.facebook.com\/smykkestenogfritid\" \/>\n<meta property=\"article:modified_time\" content=\"2024-04-16T15:29:31+00:00\" \/>\n<meta property=\"og:image\" content=\"https:\/\/www.stenogfritid.dk\/wp-content\/uploads\/2023\/10\/mobybaby1Cropped_439f8a7e-b615-47d9-8c1c-f3b76a6d9e1a_1500x1500.jpg\" \/>\n\t<meta property=\"og:image:width\" content=\"400\" \/>\n\t<meta property=\"og:image:height\" content=\"500\" \/>\n\t<meta property=\"og:image:type\" content=\"image\/jpeg\" \/>\n<meta name=\"twitter:label1\" content=\"Preis\" \/>\n\t<meta name=\"twitter:data1\" content=\"45,00&nbsp;DKK\" \/>\n\t<meta name=\"twitter:label2\" content=\"Verf\u00fcgbarkeit\" \/>\n\t<meta name=\"twitter:data2\" content=\"ausverkauft\" \/>\n<script type=\"application\/ld+json\" class=\"yoast-schema-graph\">{\"@context\":\"https:\\\/\\\/schema.org\",\"@graph\":[{\"@type\":\"WebPage\",\"@id\":\"https:\\\/\\\/www.stenogfritid.dk\\\/vare\\\/moby-sweater-baby\\\/\",\"url\":\"https:\\\/\\\/www.stenogfritid.dk\\\/vare\\\/moby-sweater-baby\\\/\",\"name\":\"Moby Sweater Baby - Smykkesten og Fritid\",\"isPartOf\":{\"@id\":\"https:\\\/\\\/www.stenogfritid.dk\\\/#website\"},\"primaryImageOfPage\":{\"@id\":\"https:\\\/\\\/www.stenogfritid.dk\\\/vare\\\/moby-sweater-baby\\\/#primaryimage\"},\"image\":{\"@id\":\"https:\\\/\\\/www.stenogfritid.dk\\\/vare\\\/moby-sweater-baby\\\/#primaryimage\"},\"thumbnailUrl\":\"https:\\\/\\\/www.stenogfritid.dk\\\/wp-content\\\/uploads\\\/2023\\\/10\\\/mobybaby1Cropped_439f8a7e-b615-47d9-8c1c-f3b76a6d9e1a_1500x1500.jpg\",\"datePublished\":\"2023-10-20T13:36:33+00:00\",\"dateModified\":\"2024-04-16T15:29:31+00:00\",\"description\":\"Moby Sweater Baby\",\"breadcrumb\":{\"@id\":\"https:\\\/\\\/www.stenogfritid.dk\\\/vare\\\/moby-sweater-baby\\\/#breadcrumb\"},\"inLanguage\":\"de\",\"potentialAction\":[{\"@type\":\"ReadAction\",\"target\":[\"https:\\\/\\\/www.stenogfritid.dk\\\/vare\\\/moby-sweater-baby\\\/\"]}]},{\"@type\":\"ImageObject\",\"inLanguage\":\"de\",\"@id\":\"https:\\\/\\\/www.stenogfritid.dk\\\/vare\\\/moby-sweater-baby\\\/#primaryimage\",\"url\":\"https:\\\/\\\/www.stenogfritid.dk\\\/wp-content\\\/uploads\\\/2023\\\/10\\\/mobybaby1Cropped_439f8a7e-b615-47d9-8c1c-f3b76a6d9e1a_1500x1500.jpg\",\"contentUrl\":\"https:\\\/\\\/www.stenogfritid.dk\\\/wp-content\\\/uploads\\\/2023\\\/10\\\/mobybaby1Cropped_439f8a7e-b615-47d9-8c1c-f3b76a6d9e1a_1500x1500.jpg\",\"width\":400,\"height\":500},{\"@type\":\"BreadcrumbList\",\"@id\":\"https:\\\/\\\/www.stenogfritid.dk\\\/vare\\\/moby-sweater-baby\\\/#breadcrumb\",\"itemListElement\":[{\"@type\":\"ListItem\",\"position\":1,\"name\":\"Hjem\",\"item\":\"https:\\\/\\\/www.stenogfritid.dk\\\/\"},{\"@type\":\"ListItem\",\"position\":2,\"name\":\"Shop\",\"item\":\"https:\\\/\\\/www.stenogfritid.dk\\\/shop\\\/\"},{\"@type\":\"ListItem\",\"position\":3,\"name\":\"Moby Sweater Baby\"}]},{\"@type\":\"WebSite\",\"@id\":\"https:\\\/\\\/www.stenogfritid.dk\\\/#website\",\"url\":\"https:\\\/\\\/www.stenogfritid.dk\\\/\",\"name\":\"Smykkesten og Fritid\",\"description\":\"Garn, Krystyaller, Stenslibning, Smykkematerialer\",\"publisher\":{\"@id\":\"https:\\\/\\\/www.stenogfritid.dk\\\/#organization\"},\"potentialAction\":[{\"@type\":\"SearchAction\",\"target\":{\"@type\":\"EntryPoint\",\"urlTemplate\":\"https:\\\/\\\/www.stenogfritid.dk\\\/?s={search_term_string}\"},\"query-input\":{\"@type\":\"PropertyValueSpecification\",\"valueRequired\":true,\"valueName\":\"search_term_string\"}}],\"inLanguage\":\"de\"},{\"@type\":[\"Organization\",\"Place\",\"Store\"],\"@id\":\"https:\\\/\\\/www.stenogfritid.dk\\\/#organization\",\"name\":\"Smykkesten og Fritid I\\\/S\",\"alternateName\":\"www.stenogfritid.dk\",\"url\":\"https:\\\/\\\/www.stenogfritid.dk\\\/\",\"logo\":{\"@id\":\"https:\\\/\\\/www.stenogfritid.dk\\\/vare\\\/moby-sweater-baby\\\/#local-main-organization-logo\"},\"image\":{\"@id\":\"https:\\\/\\\/www.stenogfritid.dk\\\/vare\\\/moby-sweater-baby\\\/#local-main-organization-logo\"},\"sameAs\":[\"http:\\\/\\\/www.facebook.com\\\/smykkestenogfritid\"],\"ownershipFundingInfo\":\"https:\\\/\\\/www.stenogfritid.dk\\\/handelsbetingelser\\\/\",\"address\":{\"@id\":\"https:\\\/\\\/www.stenogfritid.dk\\\/vare\\\/moby-sweater-baby\\\/#local-main-place-address\"},\"geo\":{\"@type\":\"GeoCoordinates\",\"latitude\":\"55.974960\",\"longitude\":\"12.020150\"},\"openingHoursSpecification\":[{\"@type\":\"OpeningHoursSpecification\",\"dayOfWeek\":[\"Monday\",\"Sunday\"],\"opens\":\"00:00\",\"closes\":\"00:00\"},{\"@type\":\"OpeningHoursSpecification\",\"dayOfWeek\":[\"Tuesday\",\"Wednesday\",\"Thursday\"],\"opens\":\"10:00\",\"closes\":\"17:30\"},{\"@type\":\"OpeningHoursSpecification\",\"dayOfWeek\":[\"Friday\"],\"opens\":\"10:00\",\"closes\":\"18:00\"},{\"@type\":\"OpeningHoursSpecification\",\"dayOfWeek\":[\"Saturday\"],\"opens\":\"10:00\",\"closes\":\"14:00\"}],\"email\":\"kontakt@stenogfritid.dk\",\"vatID\":\"DK34386641\",\"priceRange\":\"$$\"},{\"@type\":\"PostalAddress\",\"@id\":\"https:\\\/\\\/www.stenogfritid.dk\\\/vare\\\/moby-sweater-baby\\\/#local-main-place-address\",\"streetAddress\":\"N\u00f8rregade 28A\",\"addressLocality\":\"Frederiksv\u00e6rk\",\"postalCode\":\"3300\",\"addressCountry\":\"DK\"},{\"@type\":\"ImageObject\",\"inLanguage\":\"de\",\"@id\":\"https:\\\/\\\/www.stenogfritid.dk\\\/vare\\\/moby-sweater-baby\\\/#local-main-organization-logo\",\"url\":\"https:\\\/\\\/www.stenogfritid.dk\\\/wp-content\\\/uploads\\\/2021\\\/12\\\/Smykkesten-LOGO_krk.png\",\"contentUrl\":\"https:\\\/\\\/www.stenogfritid.dk\\\/wp-content\\\/uploads\\\/2021\\\/12\\\/Smykkesten-LOGO_krk.png\",\"width\":361,\"height\":50,\"caption\":\"Smykkesten og Fritid I\\\/S\"}]}<\/script>\n<meta property=\"product:price:amount\" content=\"45.00\" \/>\n<meta property=\"product:price:currency\" content=\"DKK\" \/>\n<meta property=\"og:availability\" content=\"out of stock\" \/>\n<meta property=\"product:availability\" content=\"out of stock\" \/>\n<meta property=\"product:retailer_item_id\" content=\"T0218-dk\" \/>\n<meta property=\"product:condition\" content=\"new\" \/>\n<meta name=\"geo.placename\" content=\"Frederiksv\u00e6rk\" \/>\n<meta name=\"geo.position\" content=\"55.974960;12.020150\" \/>\n<meta name=\"geo.region\" content=\"D\u00e4nemark\" \/>\n<!-- \/ Yoast SEO Premium plugin. -->","yoast_head_json":{"title":"Moby Sweater Baby - Schmuck und Freizeit","description":"Moby Pullover Baby","robots":{"index":"index","follow":"follow","max-snippet":"max-snippet:-1","max-image-preview":"max-image-preview:large","max-video-preview":"max-video-preview:-1"},"canonical":"https:\/\/www.stenogfritid.dk\/de\/produkt-2\/moby-sweater-baby\/","og_locale":"de_DE","og_type":"article","og_title":"Moby Sweater Baby","og_description":"Moby Sweater Baby","og_url":"https:\/\/www.stenogfritid.dk\/de\/produkt-2\/moby-sweater-baby\/","og_site_name":"Smykkesten og Fritid","article_publisher":"http:\/\/www.facebook.com\/smykkestenogfritid","article_modified_time":"2024-04-16T15:29:31+00:00","og_image":[{"width":400,"height":500,"url":"https:\/\/www.stenogfritid.dk\/wp-content\/uploads\/2023\/10\/mobybaby1Cropped_439f8a7e-b615-47d9-8c1c-f3b76a6d9e1a_1500x1500.jpg","type":"image\/jpeg"}],"twitter_misc":{"Preis":"45,00&nbsp;DKK","Verf\u00fcgbarkeit":"ausverkauft"},"schema":{"@context":"https:\/\/schema.org","@graph":[{"@type":"WebPage","@id":"https:\/\/www.stenogfritid.dk\/vare\/moby-sweater-baby\/","url":"https:\/\/www.stenogfritid.dk\/vare\/moby-sweater-baby\/","name":"Moby Sweater Baby - Schmuck und Freizeit","isPartOf":{"@id":"https:\/\/www.stenogfritid.dk\/#website"},"primaryImageOfPage":{"@id":"https:\/\/www.stenogfritid.dk\/vare\/moby-sweater-baby\/#primaryimage"},"image":{"@id":"https:\/\/www.stenogfritid.dk\/vare\/moby-sweater-baby\/#primaryimage"},"thumbnailUrl":"https:\/\/www.stenogfritid.dk\/wp-content\/uploads\/2023\/10\/mobybaby1Cropped_439f8a7e-b615-47d9-8c1c-f3b76a6d9e1a_1500x1500.jpg","datePublished":"2023-10-20T13:36:33+00:00","dateModified":"2024-04-16T15:29:31+00:00","description":"Moby Pullover Baby","breadcrumb":{"@id":"https:\/\/www.stenogfritid.dk\/vare\/moby-sweater-baby\/#breadcrumb"},"inLanguage":"de","potentialAction":[{"@type":"ReadAction","target":["https:\/\/www.stenogfritid.dk\/vare\/moby-sweater-baby\/"]}]},{"@type":"ImageObject","inLanguage":"de","@id":"https:\/\/www.stenogfritid.dk\/vare\/moby-sweater-baby\/#primaryimage","url":"https:\/\/www.stenogfritid.dk\/wp-content\/uploads\/2023\/10\/mobybaby1Cropped_439f8a7e-b615-47d9-8c1c-f3b76a6d9e1a_1500x1500.jpg","contentUrl":"https:\/\/www.stenogfritid.dk\/wp-content\/uploads\/2023\/10\/mobybaby1Cropped_439f8a7e-b615-47d9-8c1c-f3b76a6d9e1a_1500x1500.jpg","width":400,"height":500},{"@type":"BreadcrumbList","@id":"https:\/\/www.stenogfritid.dk\/vare\/moby-sweater-baby\/#breadcrumb","itemListElement":[{"@type":"ListItem","position":1,"name":"Hjem","item":"https:\/\/www.stenogfritid.dk\/"},{"@type":"ListItem","position":2,"name":"Shop","item":"https:\/\/www.stenogfritid.dk\/shop\/"},{"@type":"ListItem","position":3,"name":"Moby Sweater Baby"}]},{"@type":"WebSite","@id":"https:\/\/www.stenogfritid.dk\/#website","url":"https:\/\/www.stenogfritid.dk\/","name":"Edelsteine und Freizeit","description":"Garne, Kristalle, Steinschleifen, Schmuckmaterialien","publisher":{"@id":"https:\/\/www.stenogfritid.dk\/#organization"},"potentialAction":[{"@type":"SearchAction","target":{"@type":"EntryPoint","urlTemplate":"https:\/\/www.stenogfritid.dk\/?s={search_term_string}"},"query-input":{"@type":"PropertyValueSpecification","valueRequired":true,"valueName":"search_term_string"}}],"inLanguage":"de"},{"@type":["Organization","Place","Store"],"@id":"https:\/\/www.stenogfritid.dk\/#organization","name":"Schmuck und Freizeit I\/S","alternateName":"www.stenogfritid.dk","url":"https:\/\/www.stenogfritid.dk\/","logo":{"@id":"https:\/\/www.stenogfritid.dk\/vare\/moby-sweater-baby\/#local-main-organization-logo"},"image":{"@id":"https:\/\/www.stenogfritid.dk\/vare\/moby-sweater-baby\/#local-main-organization-logo"},"sameAs":["http:\/\/www.facebook.com\/smykkestenogfritid"],"ownershipFundingInfo":"https:\/\/www.stenogfritid.dk\/handelsbetingelser\/","address":{"@id":"https:\/\/www.stenogfritid.dk\/vare\/moby-sweater-baby\/#local-main-place-address"},"geo":{"@type":"GeoCoordinates","latitude":"55.974960","longitude":"12.020150"},"openingHoursSpecification":[{"@type":"OpeningHoursSpecification","dayOfWeek":["Monday","Sunday"],"opens":"00:00","closes":"00:00"},{"@type":"OpeningHoursSpecification","dayOfWeek":["Tuesday","Wednesday","Thursday"],"opens":"10:00","closes":"17:30"},{"@type":"OpeningHoursSpecification","dayOfWeek":["Friday"],"opens":"10:00","closes":"18:00"},{"@type":"OpeningHoursSpecification","dayOfWeek":["Saturday"],"opens":"10:00","closes":"14:00"}],"email":"kontakt@stenogfritid.dk","vatID":"DK34386641","priceRange":"$$"},{"@type":"PostalAddress","@id":"https:\/\/www.stenogfritid.dk\/vare\/moby-sweater-baby\/#local-main-place-address","streetAddress":"N\u00f8rregade 28A","addressLocality":"Frederiksv\u00e6rk","postalCode":"3300","addressCountry":"DK"},{"@type":"ImageObject","inLanguage":"de","@id":"https:\/\/www.stenogfritid.dk\/vare\/moby-sweater-baby\/#local-main-organization-logo","url":"https:\/\/www.stenogfritid.dk\/wp-content\/uploads\/2021\/12\/Smykkesten-LOGO_krk.png","contentUrl":"https:\/\/www.stenogfritid.dk\/wp-content\/uploads\/2021\/12\/Smykkesten-LOGO_krk.png","width":361,"height":50,"caption":"Smykkesten og Fritid I\/S"}]},"product_price_amount":"45.00","product_price_currency":"DKK","og_availability":"out of stock","product_availability":"out of stock","product_retailer_item_id":"T0218-dk","product_condition":"new","geo.placename":"Frederiksv\u00e6rk","geo.position":{"lat":"55.974960","long":"12.020150"},"geo.region":"D\u00e4nemark"},"_links":{"self":[{"href":"https:\/\/www.stenogfritid.dk\/de\/wp-json\/wp\/v2\/product\/32691","targetHints":{"allow":["GET"]}}],"collection":[{"href":"https:\/\/www.stenogfritid.dk\/de\/wp-json\/wp\/v2\/product"}],"about":[{"href":"https:\/\/www.stenogfritid.dk\/de\/wp-json\/wp\/v2\/types\/product"}],"version-history":[{"count":0,"href":"https:\/\/www.stenogfritid.dk\/de\/wp-json\/wp\/v2\/product\/32691\/revisions"}],"wp:featuredmedia":[{"embeddable":true,"href":"https:\/\/www.stenogfritid.dk\/de\/wp-json\/wp\/v2\/media\/32692"}],"wp:attachment":[{"href":"https:\/\/www.stenogfritid.dk\/de\/wp-json\/wp\/v2\/media?parent=32691"}],"wp:term":[{"taxonomy":"product_brand","embeddable":true,"href":"https:\/\/www.stenogfritid.dk\/de\/wp-json\/wp\/v2\/product_brand?post=32691"},{"taxonomy":"product_cat","embeddable":true,"href":"https:\/\/www.stenogfritid.dk\/de\/wp-json\/wp\/v2\/product_cat?post=32691"},{"taxonomy":"product_tag","embeddable":true,"href":"https:\/\/www.stenogfritid.dk\/de\/wp-json\/wp\/v2\/product_tag?post=32691"}],"curies":[{"name":"wp","href":"https:\/\/api.w.org\/{rel}","templated":true}]}}