{"id":32813,"date":"2023-10-20T17:15:00","date_gmt":"2023-10-20T16:15:00","guid":{"rendered":"https:\/\/www.stenogfritid.dk\/?post_type=product&#038;p=32813"},"modified":"2024-04-16T13:46:16","modified_gmt":"2024-04-16T12:46:16","slug":"jeansjacke","status":"publish","type":"product","link":"https:\/\/www.stenogfritid.dk\/de\/produkt-2\/jeansjacke\/","title":{"rendered":"Jenny-Jacke"},"content":{"rendered":"<div class=\"easytabs-content-holder\" role=\"tabpanel\">\n<p><strong>Materialer:\u00a0<\/strong>550 (550-600) 600 (750) 800 (800) 850 (900) g Sunday fra Sandnes Garn (50 g = 235 m)\u00a0<strong>strikket sammen<\/strong> med 150-175 (175) 175 (200) 200 (200) 225 (225-250) g Tynn Silk Mohair fra Sandnes Garn (25 g = 212 m). <em>Bem\u00e6rk, at der strikkes med to tr\u00e5de Sunday og en tr\u00e5d Tynn Silk Mohair og at garnforbruget angiver det total garnforbrug. <\/em><\/p>\n<p>6 (6) 6 (7) 8 (8) 8 (8) knapper (\u00f8 = 18 mm)<\/p>\n<p><strong>Sv\u00e6rhedsgrad<\/strong>: \u2605\u00a0\u2605 \u2605\u00a0\u2605\u00a0\u2605\u00a0(5 ud af 5)<\/p>\n<p>Se klassifikationen af sv\u00e6rhedsgrad\u00a0<a title=\"FAQ\" href=\"https:\/\/www.petiteknit.com\/pages\/svaerhedsgrad\">her<\/a>.<\/p>\n<p>Opskriften sendes som PDF-fil til din mail.<\/p>\n<p>Knapper kan findes <a title=\"knapper buttons jenny jacket\" href=\"https:\/\/www.petiteknit.com\/collections\/o18-20\">her<\/a>.<\/p>\n<p>Den brune Jenny Jacket er strikket i Sunday fra Sandnes Garn i farven Camel [2542] sammen med Tynn Silk Mohair fra Sandnes Garn i farven Brunt sukker [2543].<\/p>\n<\/div>\n","protected":false},"excerpt":{"rendered":"<p>Jenny Jacket wird von unten nach oben im Smokestrick gestrickt. K\u00f6rper und \u00c4rmel werden getrennt gestrickt, dann auf derselben Rundstricknadel zusammengef\u00fchrt und die Passe gestrickt. Die Passe wird oben mit kurzen Reihen abgeschlossen, um den Halsausschnitt zu bilden. Der K\u00f6rper wird vorw\u00e4rts und r\u00fcckw\u00e4rts gestrickt, w\u00e4hrend die \u00c4rmel in der Runde auf doppelspitzen Nadeln oder mit <em>Magische Schleife<\/em>-Technik. Nehmen Sie zum Schluss Maschen entlang der Vorderkanten auf und stricken Sie Knopfleisten. Dann stricken Sie den Halsausschnitt.<\/p>\n<p><strong>Leitfaden zur Gr\u00f6\u00dfe<\/strong><\/p>\n<p>Jenny Jacket sollte einen Raum zum Umziehen haben (<em>positive Leichtigkeit) <\/em>von ca. 12-15 cm im Verh\u00e4ltnis zu Ihrem Brustumfang. Die Gr\u00f6\u00dfen XS (S) M (L) XL (2XL) 3XL (4XL) entsprechen einem Brustumfang von 80-85 (85-90) 90-95 (95-100) 100-105 (105-115) 115-125 (125-135) cm. Die Ma\u00dfe der fertigen Strickjacke sind auf der Vorderseite des Musters angegeben. Messen Sie sich selbst, bevor Sie mit dem Stricken beginnen, um festzustellen, welche Gr\u00f6\u00dfe Ihnen am besten passen wird. Wenn Sie zum Beispiel 90 cm im Brustbereich (oder an der breitesten Stelle Ihres K\u00f6rpers) messen, sollten Sie Gr\u00f6\u00dfe S stricken. Eine Strickjacke in Gr\u00f6\u00dfe S. Eine Strickjacke in Gr\u00f6\u00dfe S hat eine Gesamtbreite von 102 cm und bietet in diesem Beispiel eine gute Bewegungsfreiheit (<em>positive Leichtigkeit<\/em>) von 12 cm. Wenn Sie zwischen zwei Gr\u00f6\u00dfen liegen, empfiehlt es sich, die kleinere Gr\u00f6\u00dfe zu w\u00e4hlen, da das Smokestrick im Gebrauch leicht w\u00e4chst.<\/p>\n<p><strong>Gr\u00f6\u00dfen:\u00a0<\/strong>XS (S) M (L) XL (2XL) 3XL (4XL)<\/p>\n<p><strong>Die Breite der Jacke:\u00a0<\/strong>97 (102) 107 (113) 118 (123) 134 (145) cm<\/p>\n<p><strong>L\u00e4nge:\u00a0<\/strong>52 (52) 53 (59) 61 (61) 64 (64) cm<\/p>\n<p><strong>Spannung beim Stricken:<\/strong>\u00a0Smokmuster: 30 Maschen x 25-26 Reihen auf einer 4 mm Nadel in zwei Str\u00e4ngen Sunday und einem Strang Thin Silk Mohair = 10 x 10 cm nach dem Waschen und Blockieren<\/p>\n<p>Rippe stricken: 28 Maschen x 27 Reihen auf einer 3,5 mm Nadel in zwei Str\u00e4ngen Sunday und einem Strang Thin Silk Mohair = 10 x 10 cm<\/p>\n<p><strong>Leitstangen:<\/strong>\u00a03,5 mm und 4 mm Rundstricknadeln (60, 80 und 100 oder 120 cm); 3,5 mm und 4 mm Doppelspitznadeln (wenn die \u00c4rmel nicht mit <em>Magische Schleife<\/em>-Technologie)<\/p>","protected":false},"featured_media":32815,"template":"","meta":{"_acf_changed":false},"product_brand":[],"product_cat":[1306],"product_tag":[],"class_list":{"0":"post-32813","1":"product","2":"type-product","3":"status-publish","4":"has-post-thumbnail","6":"product_cat-petiteknit_kvinde","8":"first","9":"outofstock","10":"taxable","11":"shipping-taxable","12":"purchasable","13":"product-type-simple"},"acf":[],"yoast_head":"<!-- This site is optimized with the Yoast SEO Premium plugin v21.7 (Yoast SEO v27.5) - https:\/\/yoast.com\/product\/yoast-seo-premium-wordpress\/ -->\n<title>Jenny Jacket - Smykkesten og Fritid<\/title>\n<meta name=\"description\" content=\"Jenny Jacket\" \/>\n<meta name=\"robots\" content=\"index, follow, max-snippet:-1, max-image-preview:large, max-video-preview:-1\" \/>\n<link rel=\"canonical\" href=\"https:\/\/www.stenogfritid.dk\/de\/produkt-2\/jeansjacke\/\" \/>\n<meta property=\"og:locale\" content=\"de_DE\" \/>\n<meta property=\"og:type\" content=\"article\" \/>\n<meta property=\"og:title\" content=\"Jenny Jacket\" \/>\n<meta property=\"og:description\" content=\"Jenny Jacket\" \/>\n<meta property=\"og:url\" content=\"https:\/\/www.stenogfritid.dk\/de\/produkt-2\/jeansjacke\/\" \/>\n<meta property=\"og:site_name\" content=\"Smykkesten og Fritid\" \/>\n<meta property=\"article:publisher\" content=\"http:\/\/www.facebook.com\/smykkestenogfritid\" \/>\n<meta property=\"article:modified_time\" content=\"2024-04-16T12:46:16+00:00\" \/>\n<meta property=\"og:image\" content=\"https:\/\/www.stenogfritid.dk\/wp-content\/uploads\/2023\/10\/jenny2_c1497739-f175-4def-bdad-5c907b3d692a_1500x1500.jpg\" \/>\n\t<meta property=\"og:image:width\" content=\"400\" \/>\n\t<meta property=\"og:image:height\" content=\"500\" \/>\n\t<meta property=\"og:image:type\" content=\"image\/jpeg\" \/>\n<meta name=\"twitter:label1\" content=\"Preis\" \/>\n\t<meta name=\"twitter:data1\" content=\"45,00&nbsp;DKK\" \/>\n\t<meta name=\"twitter:label2\" content=\"Verf\u00fcgbarkeit\" \/>\n\t<meta name=\"twitter:data2\" content=\"ausverkauft\" \/>\n<script type=\"application\/ld+json\" class=\"yoast-schema-graph\">{\"@context\":\"https:\\\/\\\/schema.org\",\"@graph\":[{\"@type\":\"WebPage\",\"@id\":\"https:\\\/\\\/www.stenogfritid.dk\\\/vare\\\/jenny-jacket\\\/\",\"url\":\"https:\\\/\\\/www.stenogfritid.dk\\\/vare\\\/jenny-jacket\\\/\",\"name\":\"Jenny Jacket - Smykkesten og Fritid\",\"isPartOf\":{\"@id\":\"https:\\\/\\\/www.stenogfritid.dk\\\/#website\"},\"primaryImageOfPage\":{\"@id\":\"https:\\\/\\\/www.stenogfritid.dk\\\/vare\\\/jenny-jacket\\\/#primaryimage\"},\"image\":{\"@id\":\"https:\\\/\\\/www.stenogfritid.dk\\\/vare\\\/jenny-jacket\\\/#primaryimage\"},\"thumbnailUrl\":\"https:\\\/\\\/www.stenogfritid.dk\\\/wp-content\\\/uploads\\\/2023\\\/10\\\/jenny2_c1497739-f175-4def-bdad-5c907b3d692a_1500x1500.jpg\",\"datePublished\":\"2023-10-20T16:15:00+00:00\",\"dateModified\":\"2024-04-16T12:46:16+00:00\",\"description\":\"Jenny Jacket\",\"breadcrumb\":{\"@id\":\"https:\\\/\\\/www.stenogfritid.dk\\\/vare\\\/jenny-jacket\\\/#breadcrumb\"},\"inLanguage\":\"de\",\"potentialAction\":[{\"@type\":\"ReadAction\",\"target\":[\"https:\\\/\\\/www.stenogfritid.dk\\\/vare\\\/jenny-jacket\\\/\"]}]},{\"@type\":\"ImageObject\",\"inLanguage\":\"de\",\"@id\":\"https:\\\/\\\/www.stenogfritid.dk\\\/vare\\\/jenny-jacket\\\/#primaryimage\",\"url\":\"https:\\\/\\\/www.stenogfritid.dk\\\/wp-content\\\/uploads\\\/2023\\\/10\\\/jenny2_c1497739-f175-4def-bdad-5c907b3d692a_1500x1500.jpg\",\"contentUrl\":\"https:\\\/\\\/www.stenogfritid.dk\\\/wp-content\\\/uploads\\\/2023\\\/10\\\/jenny2_c1497739-f175-4def-bdad-5c907b3d692a_1500x1500.jpg\",\"width\":400,\"height\":500},{\"@type\":\"BreadcrumbList\",\"@id\":\"https:\\\/\\\/www.stenogfritid.dk\\\/vare\\\/jenny-jacket\\\/#breadcrumb\",\"itemListElement\":[{\"@type\":\"ListItem\",\"position\":1,\"name\":\"Hjem\",\"item\":\"https:\\\/\\\/www.stenogfritid.dk\\\/\"},{\"@type\":\"ListItem\",\"position\":2,\"name\":\"Shop\",\"item\":\"https:\\\/\\\/www.stenogfritid.dk\\\/shop\\\/\"},{\"@type\":\"ListItem\",\"position\":3,\"name\":\"Jenny Jacket\"}]},{\"@type\":\"WebSite\",\"@id\":\"https:\\\/\\\/www.stenogfritid.dk\\\/#website\",\"url\":\"https:\\\/\\\/www.stenogfritid.dk\\\/\",\"name\":\"Smykkesten og Fritid\",\"description\":\"Garn, Krystyaller, Stenslibning, Smykkematerialer\",\"publisher\":{\"@id\":\"https:\\\/\\\/www.stenogfritid.dk\\\/#organization\"},\"potentialAction\":[{\"@type\":\"SearchAction\",\"target\":{\"@type\":\"EntryPoint\",\"urlTemplate\":\"https:\\\/\\\/www.stenogfritid.dk\\\/?s={search_term_string}\"},\"query-input\":{\"@type\":\"PropertyValueSpecification\",\"valueRequired\":true,\"valueName\":\"search_term_string\"}}],\"inLanguage\":\"de\"},{\"@type\":[\"Organization\",\"Place\",\"Store\"],\"@id\":\"https:\\\/\\\/www.stenogfritid.dk\\\/#organization\",\"name\":\"Smykkesten og Fritid I\\\/S\",\"alternateName\":\"www.stenogfritid.dk\",\"url\":\"https:\\\/\\\/www.stenogfritid.dk\\\/\",\"logo\":{\"@id\":\"https:\\\/\\\/www.stenogfritid.dk\\\/vare\\\/jenny-jacket\\\/#local-main-organization-logo\"},\"image\":{\"@id\":\"https:\\\/\\\/www.stenogfritid.dk\\\/vare\\\/jenny-jacket\\\/#local-main-organization-logo\"},\"sameAs\":[\"http:\\\/\\\/www.facebook.com\\\/smykkestenogfritid\"],\"ownershipFundingInfo\":\"https:\\\/\\\/www.stenogfritid.dk\\\/handelsbetingelser\\\/\",\"address\":{\"@id\":\"https:\\\/\\\/www.stenogfritid.dk\\\/vare\\\/jenny-jacket\\\/#local-main-place-address\"},\"geo\":{\"@type\":\"GeoCoordinates\",\"latitude\":\"55.974960\",\"longitude\":\"12.020150\"},\"openingHoursSpecification\":[{\"@type\":\"OpeningHoursSpecification\",\"dayOfWeek\":[\"Monday\",\"Sunday\"],\"opens\":\"00:00\",\"closes\":\"00:00\"},{\"@type\":\"OpeningHoursSpecification\",\"dayOfWeek\":[\"Tuesday\",\"Wednesday\",\"Thursday\"],\"opens\":\"10:00\",\"closes\":\"17:30\"},{\"@type\":\"OpeningHoursSpecification\",\"dayOfWeek\":[\"Friday\"],\"opens\":\"10:00\",\"closes\":\"18:00\"},{\"@type\":\"OpeningHoursSpecification\",\"dayOfWeek\":[\"Saturday\"],\"opens\":\"10:00\",\"closes\":\"14:00\"}],\"email\":\"kontakt@stenogfritid.dk\",\"vatID\":\"DK34386641\",\"priceRange\":\"$$\"},{\"@type\":\"PostalAddress\",\"@id\":\"https:\\\/\\\/www.stenogfritid.dk\\\/vare\\\/jenny-jacket\\\/#local-main-place-address\",\"streetAddress\":\"N\u00f8rregade 28A\",\"addressLocality\":\"Frederiksv\u00e6rk\",\"postalCode\":\"3300\",\"addressCountry\":\"DK\"},{\"@type\":\"ImageObject\",\"inLanguage\":\"de\",\"@id\":\"https:\\\/\\\/www.stenogfritid.dk\\\/vare\\\/jenny-jacket\\\/#local-main-organization-logo\",\"url\":\"https:\\\/\\\/www.stenogfritid.dk\\\/wp-content\\\/uploads\\\/2021\\\/12\\\/Smykkesten-LOGO_krk.png\",\"contentUrl\":\"https:\\\/\\\/www.stenogfritid.dk\\\/wp-content\\\/uploads\\\/2021\\\/12\\\/Smykkesten-LOGO_krk.png\",\"width\":361,\"height\":50,\"caption\":\"Smykkesten og Fritid I\\\/S\"}]}<\/script>\n<meta property=\"product:price:amount\" content=\"45.00\" \/>\n<meta property=\"product:price:currency\" content=\"DKK\" \/>\n<meta property=\"og:availability\" content=\"out of stock\" \/>\n<meta property=\"product:availability\" content=\"out of stock\" \/>\n<meta property=\"product:retailer_item_id\" content=\"T0058-dk\" \/>\n<meta property=\"product:condition\" content=\"new\" \/>\n<meta name=\"geo.placename\" content=\"Frederiksv\u00e6rk\" \/>\n<meta name=\"geo.position\" content=\"55.974960;12.020150\" \/>\n<meta name=\"geo.region\" content=\"D\u00e4nemark\" \/>\n<!-- \/ Yoast SEO Premium plugin. -->","yoast_head_json":{"title":"Jenny Jacket - Schmuck und Freizeit","description":"Jenny-Jacke","robots":{"index":"index","follow":"follow","max-snippet":"max-snippet:-1","max-image-preview":"max-image-preview:large","max-video-preview":"max-video-preview:-1"},"canonical":"https:\/\/www.stenogfritid.dk\/de\/produkt-2\/jeansjacke\/","og_locale":"de_DE","og_type":"article","og_title":"Jenny Jacket","og_description":"Jenny Jacket","og_url":"https:\/\/www.stenogfritid.dk\/de\/produkt-2\/jeansjacke\/","og_site_name":"Smykkesten og Fritid","article_publisher":"http:\/\/www.facebook.com\/smykkestenogfritid","article_modified_time":"2024-04-16T12:46:16+00:00","og_image":[{"width":400,"height":500,"url":"https:\/\/www.stenogfritid.dk\/wp-content\/uploads\/2023\/10\/jenny2_c1497739-f175-4def-bdad-5c907b3d692a_1500x1500.jpg","type":"image\/jpeg"}],"twitter_misc":{"Preis":"45,00&nbsp;DKK","Verf\u00fcgbarkeit":"ausverkauft"},"schema":{"@context":"https:\/\/schema.org","@graph":[{"@type":"WebPage","@id":"https:\/\/www.stenogfritid.dk\/vare\/jenny-jacket\/","url":"https:\/\/www.stenogfritid.dk\/vare\/jenny-jacket\/","name":"Jenny Jacket - Schmuck und Freizeit","isPartOf":{"@id":"https:\/\/www.stenogfritid.dk\/#website"},"primaryImageOfPage":{"@id":"https:\/\/www.stenogfritid.dk\/vare\/jenny-jacket\/#primaryimage"},"image":{"@id":"https:\/\/www.stenogfritid.dk\/vare\/jenny-jacket\/#primaryimage"},"thumbnailUrl":"https:\/\/www.stenogfritid.dk\/wp-content\/uploads\/2023\/10\/jenny2_c1497739-f175-4def-bdad-5c907b3d692a_1500x1500.jpg","datePublished":"2023-10-20T16:15:00+00:00","dateModified":"2024-04-16T12:46:16+00:00","description":"Jenny-Jacke","breadcrumb":{"@id":"https:\/\/www.stenogfritid.dk\/vare\/jenny-jacket\/#breadcrumb"},"inLanguage":"de","potentialAction":[{"@type":"ReadAction","target":["https:\/\/www.stenogfritid.dk\/vare\/jenny-jacket\/"]}]},{"@type":"ImageObject","inLanguage":"de","@id":"https:\/\/www.stenogfritid.dk\/vare\/jenny-jacket\/#primaryimage","url":"https:\/\/www.stenogfritid.dk\/wp-content\/uploads\/2023\/10\/jenny2_c1497739-f175-4def-bdad-5c907b3d692a_1500x1500.jpg","contentUrl":"https:\/\/www.stenogfritid.dk\/wp-content\/uploads\/2023\/10\/jenny2_c1497739-f175-4def-bdad-5c907b3d692a_1500x1500.jpg","width":400,"height":500},{"@type":"BreadcrumbList","@id":"https:\/\/www.stenogfritid.dk\/vare\/jenny-jacket\/#breadcrumb","itemListElement":[{"@type":"ListItem","position":1,"name":"Hjem","item":"https:\/\/www.stenogfritid.dk\/"},{"@type":"ListItem","position":2,"name":"Shop","item":"https:\/\/www.stenogfritid.dk\/shop\/"},{"@type":"ListItem","position":3,"name":"Jenny Jacket"}]},{"@type":"WebSite","@id":"https:\/\/www.stenogfritid.dk\/#website","url":"https:\/\/www.stenogfritid.dk\/","name":"Edelsteine und Freizeit","description":"Garne, Kristalle, Steinschleifen, Schmuckmaterialien","publisher":{"@id":"https:\/\/www.stenogfritid.dk\/#organization"},"potentialAction":[{"@type":"SearchAction","target":{"@type":"EntryPoint","urlTemplate":"https:\/\/www.stenogfritid.dk\/?s={search_term_string}"},"query-input":{"@type":"PropertyValueSpecification","valueRequired":true,"valueName":"search_term_string"}}],"inLanguage":"de"},{"@type":["Organization","Place","Store"],"@id":"https:\/\/www.stenogfritid.dk\/#organization","name":"Schmuck und Freizeit I\/S","alternateName":"www.stenogfritid.dk","url":"https:\/\/www.stenogfritid.dk\/","logo":{"@id":"https:\/\/www.stenogfritid.dk\/vare\/jenny-jacket\/#local-main-organization-logo"},"image":{"@id":"https:\/\/www.stenogfritid.dk\/vare\/jenny-jacket\/#local-main-organization-logo"},"sameAs":["http:\/\/www.facebook.com\/smykkestenogfritid"],"ownershipFundingInfo":"https:\/\/www.stenogfritid.dk\/handelsbetingelser\/","address":{"@id":"https:\/\/www.stenogfritid.dk\/vare\/jenny-jacket\/#local-main-place-address"},"geo":{"@type":"GeoCoordinates","latitude":"55.974960","longitude":"12.020150"},"openingHoursSpecification":[{"@type":"OpeningHoursSpecification","dayOfWeek":["Monday","Sunday"],"opens":"00:00","closes":"00:00"},{"@type":"OpeningHoursSpecification","dayOfWeek":["Tuesday","Wednesday","Thursday"],"opens":"10:00","closes":"17:30"},{"@type":"OpeningHoursSpecification","dayOfWeek":["Friday"],"opens":"10:00","closes":"18:00"},{"@type":"OpeningHoursSpecification","dayOfWeek":["Saturday"],"opens":"10:00","closes":"14:00"}],"email":"kontakt@stenogfritid.dk","vatID":"DK34386641","priceRange":"$$"},{"@type":"PostalAddress","@id":"https:\/\/www.stenogfritid.dk\/vare\/jenny-jacket\/#local-main-place-address","streetAddress":"N\u00f8rregade 28A","addressLocality":"Frederiksv\u00e6rk","postalCode":"3300","addressCountry":"DK"},{"@type":"ImageObject","inLanguage":"de","@id":"https:\/\/www.stenogfritid.dk\/vare\/jenny-jacket\/#local-main-organization-logo","url":"https:\/\/www.stenogfritid.dk\/wp-content\/uploads\/2021\/12\/Smykkesten-LOGO_krk.png","contentUrl":"https:\/\/www.stenogfritid.dk\/wp-content\/uploads\/2021\/12\/Smykkesten-LOGO_krk.png","width":361,"height":50,"caption":"Smykkesten og Fritid I\/S"}]},"product_price_amount":"45.00","product_price_currency":"DKK","og_availability":"out of stock","product_availability":"out of stock","product_retailer_item_id":"T0058-dk","product_condition":"new","geo.placename":"Frederiksv\u00e6rk","geo.position":{"lat":"55.974960","long":"12.020150"},"geo.region":"D\u00e4nemark"},"_links":{"self":[{"href":"https:\/\/www.stenogfritid.dk\/de\/wp-json\/wp\/v2\/product\/32813","targetHints":{"allow":["GET"]}}],"collection":[{"href":"https:\/\/www.stenogfritid.dk\/de\/wp-json\/wp\/v2\/product"}],"about":[{"href":"https:\/\/www.stenogfritid.dk\/de\/wp-json\/wp\/v2\/types\/product"}],"version-history":[{"count":0,"href":"https:\/\/www.stenogfritid.dk\/de\/wp-json\/wp\/v2\/product\/32813\/revisions"}],"wp:featuredmedia":[{"embeddable":true,"href":"https:\/\/www.stenogfritid.dk\/de\/wp-json\/wp\/v2\/media\/32815"}],"wp:attachment":[{"href":"https:\/\/www.stenogfritid.dk\/de\/wp-json\/wp\/v2\/media?parent=32813"}],"wp:term":[{"taxonomy":"product_brand","embeddable":true,"href":"https:\/\/www.stenogfritid.dk\/de\/wp-json\/wp\/v2\/product_brand?post=32813"},{"taxonomy":"product_cat","embeddable":true,"href":"https:\/\/www.stenogfritid.dk\/de\/wp-json\/wp\/v2\/product_cat?post=32813"},{"taxonomy":"product_tag","embeddable":true,"href":"https:\/\/www.stenogfritid.dk\/de\/wp-json\/wp\/v2\/product_tag?post=32813"}],"curies":[{"name":"wp","href":"https:\/\/api.w.org\/{rel}","templated":true}]}}