{"id":32828,"date":"2023-10-20T17:24:46","date_gmt":"2023-10-20T16:24:46","guid":{"rendered":"https:\/\/www.stenogfritid.dk\/?post_type=product&#038;p=32828"},"modified":"2024-04-16T13:46:14","modified_gmt":"2024-04-16T12:46:14","slug":"zipfelmutze","status":"publish","type":"product","link":"https:\/\/www.stenogfritid.dk\/de\/produkt-2\/zipfelmutze\/","title":{"rendered":"Ferien-Slipover"},"content":{"rendered":"<div class=\"easytabs-content-holder\" role=\"tabpanel\">\n<p><strong>Materialer:\u00a0<\/strong>250-300 (300) 300 (350) 350 (400) 450 (450) 500 g Snefnug fra CaMaRose (50 g = 110 m) <strong>eller <\/strong>Alpaca 3 fra Isager (50 g = 125 m) <strong>eller <\/strong>200-250 (250) 250 (250) 300 (300-350) 350 (350-400) 400-450 g Kos fra Sandnes Garn (50 g = 150 m) <strong>sammen med <\/strong>50 (50) 50 (50) 50 (50) 50 (75) 75 g Silk Mohair fra Isager (25 g = 212 m) <strong>eller\u00a0 <\/strong>Tynn Silk Mohair fra Sandnes Garn (25 g = 212 m) <strong>eller <\/strong>Tilia fra Filcolana\u00a0 (25 g = 210 m) <strong>eller <\/strong>Brushed Lace fra Mohair By Canard (25 g = 212 m) <strong>eller<\/strong> Kid Seta fra\u00a0 Gepard Garn (25 g = 212 m)<\/p>\n<p><strong>Sv\u00e6rhedsgrad<\/strong>: \u2605\u00a0\u2605\u00a0(2 ud af 5)<\/p>\n<p>Se klassifikationen af sv\u00e6rhedsgrad\u00a0<a title=\"FAQ\" href=\"https:\/\/www.petiteknit.com\/pages\/svaerhedsgrad\">her<\/a>.<\/p>\n<p>Opskriften sendes som PDF-fil til din mail.<\/p>\n<p>Den\u00a0hvide\u00a0Holiday Slipover er strikket i\u00a0Puf fra Gepard Garn i farven R\u00e5hvid [101] sammen med Kid Seta fra Gepard Garn i farven R\u00e5hvid [406]. Denne er strikket l\u00e6ngere end angivet i opskriften.<\/p>\n<p>Den\u00a0beige\u00a0Holiday Slipover\u00a0er strikket i\u00a0Snefnug\u00a0fra\u00a0CaMaRose\u00a0i farven\u00a0Lysbeige\u00a0[7314] sammen med\u00a0Silk Mohair\u00a0fra\u00a0Isager\u00a0i farve 6.<\/p>\n<\/div>\n","protected":false},"excerpt":{"rendered":"<p>Der Holiday Slipover ist ein dicker Pullunder mit einem tiefen Armausschnitt. Der Holiday Slipover wird von oben nach unten im Stockinette-Stich gestrickt. Zuerst wird das R\u00fcckenteil gestrickt, dann die Schultern und das Vorderteil und schlie\u00dflich der K\u00f6rper. Am unteren Ende des K\u00f6rpers wird eine zweiteilige Rippenkante gearbeitet, wobei das R\u00fcckenteil l\u00e4nger als die vordere Rippenkante gearbeitet wird. Zum Schluss wird entlang des Halsausschnitts und der Armausschnitte eine Rippe gestrickt, die mit einem italienischen B\u00fcndchen abgeschlossen wird, um einen sch\u00f6nen, fertigen Look zu erzielen.<\/p>\n<p>Fertigen Sie ein Muster an, bevor Sie beginnen. Beachten Sie, dass Sie mit drei F\u00e4den arbeiten (zwei des dicken Garns und ein Faden aus Seidenmohair).<\/p>\n<p><strong>Leitfaden zur Gr\u00f6\u00dfe<\/strong><\/p>\n<p>Der Holiday Slipover sollte ein Bewegungsfeld haben (<em>positive Leichtigkeit) <\/em>von ca. 6 cm im Verh\u00e4ltnis zu Ihrem Brustumfang. Die Gr\u00f6\u00dfen XS (S) M (L) XL (2XL) 3XL (4XL) 5XL entsprechen einem Brustumfang von 80-85 (85-90) 90-95 (95-100) 100-110 (110-120) 120-130 (130-140) 140-150 cm. Messen Sie sich selbst, bevor Sie mit dem Stricken beginnen, um festzustellen, welche Gr\u00f6\u00dfe Ihnen am besten passen wird. Wenn Sie z. B. 90 cm im Brustbereich (oder an der breitesten Stelle Ihres K\u00f6rpers) messen, sollten Sie Gr\u00f6\u00dfe S stricken, die eine Breite von 96 cm hat. S, die eine Gesamtbreite von 96 cm hat. So haben Sie gen\u00fcgend Bewegungsfreiheit (<em>positive Leichtigkeit) <\/em>von 6 cm in diesem Beispiel.<\/p>\n<p>Wenn Sie eine gr\u00f6\u00dfere Passform w\u00fcnschen, k\u00f6nnen Sie eine Nummer gr\u00f6\u00dfer als Ihre normale Gr\u00f6\u00dfe w\u00e4hlen.<\/p>\n<p><strong>Gr\u00f6\u00dfen:\u00a0<\/strong>XS (S) M (L) XL (2XL) 3XL (4XL) 5XL<\/p>\n<p><strong>Das Ziel der \u00dcbergabe:\u00a0<\/strong>Gesamtbreite: 92 (96) 102 (106) 116 (126) 136 (146) 156 cm<\/p>\n<p>R\u00fcckenbreite oben inkl. Rippenkante: 36 (36) 37 (39) 42 (43) 44 (44) 46 cm<\/p>\n<p>Armlochtiefe: 27 (27) 28 (29) 30 (31) 31 (33) 34 cm<\/p>\n<p>L\u00e4nge Mitte R\u00fccken: 56 (57) 58 (59) 60 (62) 63 (63) 64 cm gemessen Mitte R\u00fccken inkl. Rippenkragen<\/p>\n<p><strong>Spannung beim Stricken:\u00a0<\/strong>10 Maschen x 14 Reihen im Stockinette-Stich auf einer 10-mm-Nadel mit zwei Str\u00e4ngen der dicken Garne und einem Strang Seidenmohair zusammengestrickt = 10 x 10 cm nach dem Waschen und Blockieren<\/p>\n<p><strong>Leitstangen:<\/strong> 10 mm Rundnadel (60, 80 oder 100 cm), 9 mm Rundnadel (40 und 60 cm)<\/p>","protected":false},"featured_media":32829,"template":"","meta":{"_acf_changed":false},"product_brand":[],"product_cat":[1306],"product_tag":[],"class_list":{"0":"post-32828","1":"product","2":"type-product","3":"status-publish","4":"has-post-thumbnail","6":"product_cat-petiteknit_kvinde","8":"first","9":"outofstock","10":"taxable","11":"shipping-taxable","12":"purchasable","13":"product-type-simple"},"acf":[],"yoast_head":"<!-- This site is optimized with the Yoast SEO Premium plugin v21.7 (Yoast SEO v27.5) - https:\/\/yoast.com\/product\/yoast-seo-premium-wordpress\/ -->\n<title>Holiday Slipover - Smykkesten og Fritid<\/title>\n<meta name=\"description\" content=\"Holiday Slipover\" \/>\n<meta name=\"robots\" content=\"index, follow, max-snippet:-1, max-image-preview:large, max-video-preview:-1\" \/>\n<link rel=\"canonical\" href=\"https:\/\/www.stenogfritid.dk\/de\/produkt-2\/zipfelmutze\/\" \/>\n<meta property=\"og:locale\" content=\"de_DE\" \/>\n<meta property=\"og:type\" content=\"article\" \/>\n<meta property=\"og:title\" content=\"Holiday Slipover\" \/>\n<meta property=\"og:description\" content=\"Holiday Slipover\" \/>\n<meta property=\"og:url\" content=\"https:\/\/www.stenogfritid.dk\/de\/produkt-2\/zipfelmutze\/\" \/>\n<meta property=\"og:site_name\" content=\"Smykkesten og Fritid\" \/>\n<meta property=\"article:publisher\" content=\"http:\/\/www.facebook.com\/smykkestenogfritid\" \/>\n<meta property=\"article:modified_time\" content=\"2024-04-16T12:46:14+00:00\" \/>\n<meta property=\"og:image\" content=\"https:\/\/www.stenogfritid.dk\/wp-content\/uploads\/2023\/10\/hvid2_91af06d0-f9dd-4da7-ba1a-5d2b9a0268c3_1500x1500.jpg\" \/>\n\t<meta property=\"og:image:width\" content=\"400\" \/>\n\t<meta property=\"og:image:height\" content=\"500\" \/>\n\t<meta property=\"og:image:type\" content=\"image\/jpeg\" \/>\n<meta name=\"twitter:label1\" content=\"Preis\" \/>\n\t<meta name=\"twitter:data1\" content=\"45,00&nbsp;DKK\" \/>\n\t<meta name=\"twitter:label2\" content=\"Verf\u00fcgbarkeit\" \/>\n\t<meta name=\"twitter:data2\" content=\"ausverkauft\" \/>\n<script type=\"application\/ld+json\" class=\"yoast-schema-graph\">{\"@context\":\"https:\\\/\\\/schema.org\",\"@graph\":[{\"@type\":\"WebPage\",\"@id\":\"https:\\\/\\\/www.stenogfritid.dk\\\/vare\\\/holiday-slipover\\\/\",\"url\":\"https:\\\/\\\/www.stenogfritid.dk\\\/vare\\\/holiday-slipover\\\/\",\"name\":\"Holiday Slipover - Smykkesten og Fritid\",\"isPartOf\":{\"@id\":\"https:\\\/\\\/www.stenogfritid.dk\\\/#website\"},\"primaryImageOfPage\":{\"@id\":\"https:\\\/\\\/www.stenogfritid.dk\\\/vare\\\/holiday-slipover\\\/#primaryimage\"},\"image\":{\"@id\":\"https:\\\/\\\/www.stenogfritid.dk\\\/vare\\\/holiday-slipover\\\/#primaryimage\"},\"thumbnailUrl\":\"https:\\\/\\\/www.stenogfritid.dk\\\/wp-content\\\/uploads\\\/2023\\\/10\\\/hvid2_91af06d0-f9dd-4da7-ba1a-5d2b9a0268c3_1500x1500.jpg\",\"datePublished\":\"2023-10-20T16:24:46+00:00\",\"dateModified\":\"2024-04-16T12:46:14+00:00\",\"description\":\"Holiday Slipover\",\"breadcrumb\":{\"@id\":\"https:\\\/\\\/www.stenogfritid.dk\\\/vare\\\/holiday-slipover\\\/#breadcrumb\"},\"inLanguage\":\"de\",\"potentialAction\":[{\"@type\":\"ReadAction\",\"target\":[\"https:\\\/\\\/www.stenogfritid.dk\\\/vare\\\/holiday-slipover\\\/\"]}]},{\"@type\":\"ImageObject\",\"inLanguage\":\"de\",\"@id\":\"https:\\\/\\\/www.stenogfritid.dk\\\/vare\\\/holiday-slipover\\\/#primaryimage\",\"url\":\"https:\\\/\\\/www.stenogfritid.dk\\\/wp-content\\\/uploads\\\/2023\\\/10\\\/hvid2_91af06d0-f9dd-4da7-ba1a-5d2b9a0268c3_1500x1500.jpg\",\"contentUrl\":\"https:\\\/\\\/www.stenogfritid.dk\\\/wp-content\\\/uploads\\\/2023\\\/10\\\/hvid2_91af06d0-f9dd-4da7-ba1a-5d2b9a0268c3_1500x1500.jpg\",\"width\":400,\"height\":500},{\"@type\":\"BreadcrumbList\",\"@id\":\"https:\\\/\\\/www.stenogfritid.dk\\\/vare\\\/holiday-slipover\\\/#breadcrumb\",\"itemListElement\":[{\"@type\":\"ListItem\",\"position\":1,\"name\":\"Hjem\",\"item\":\"https:\\\/\\\/www.stenogfritid.dk\\\/\"},{\"@type\":\"ListItem\",\"position\":2,\"name\":\"Shop\",\"item\":\"https:\\\/\\\/www.stenogfritid.dk\\\/shop\\\/\"},{\"@type\":\"ListItem\",\"position\":3,\"name\":\"Holiday Slipover\"}]},{\"@type\":\"WebSite\",\"@id\":\"https:\\\/\\\/www.stenogfritid.dk\\\/#website\",\"url\":\"https:\\\/\\\/www.stenogfritid.dk\\\/\",\"name\":\"Smykkesten og Fritid\",\"description\":\"Garn, Krystyaller, Stenslibning, Smykkematerialer\",\"publisher\":{\"@id\":\"https:\\\/\\\/www.stenogfritid.dk\\\/#organization\"},\"potentialAction\":[{\"@type\":\"SearchAction\",\"target\":{\"@type\":\"EntryPoint\",\"urlTemplate\":\"https:\\\/\\\/www.stenogfritid.dk\\\/?s={search_term_string}\"},\"query-input\":{\"@type\":\"PropertyValueSpecification\",\"valueRequired\":true,\"valueName\":\"search_term_string\"}}],\"inLanguage\":\"de\"},{\"@type\":[\"Organization\",\"Place\",\"Store\"],\"@id\":\"https:\\\/\\\/www.stenogfritid.dk\\\/#organization\",\"name\":\"Smykkesten og Fritid I\\\/S\",\"alternateName\":\"www.stenogfritid.dk\",\"url\":\"https:\\\/\\\/www.stenogfritid.dk\\\/\",\"logo\":{\"@id\":\"https:\\\/\\\/www.stenogfritid.dk\\\/vare\\\/holiday-slipover\\\/#local-main-organization-logo\"},\"image\":{\"@id\":\"https:\\\/\\\/www.stenogfritid.dk\\\/vare\\\/holiday-slipover\\\/#local-main-organization-logo\"},\"sameAs\":[\"http:\\\/\\\/www.facebook.com\\\/smykkestenogfritid\"],\"ownershipFundingInfo\":\"https:\\\/\\\/www.stenogfritid.dk\\\/handelsbetingelser\\\/\",\"address\":{\"@id\":\"https:\\\/\\\/www.stenogfritid.dk\\\/vare\\\/holiday-slipover\\\/#local-main-place-address\"},\"geo\":{\"@type\":\"GeoCoordinates\",\"latitude\":\"55.974960\",\"longitude\":\"12.020150\"},\"openingHoursSpecification\":[{\"@type\":\"OpeningHoursSpecification\",\"dayOfWeek\":[\"Monday\",\"Sunday\"],\"opens\":\"00:00\",\"closes\":\"00:00\"},{\"@type\":\"OpeningHoursSpecification\",\"dayOfWeek\":[\"Tuesday\",\"Wednesday\",\"Thursday\"],\"opens\":\"10:00\",\"closes\":\"17:30\"},{\"@type\":\"OpeningHoursSpecification\",\"dayOfWeek\":[\"Friday\"],\"opens\":\"10:00\",\"closes\":\"18:00\"},{\"@type\":\"OpeningHoursSpecification\",\"dayOfWeek\":[\"Saturday\"],\"opens\":\"10:00\",\"closes\":\"14:00\"}],\"email\":\"kontakt@stenogfritid.dk\",\"vatID\":\"DK34386641\",\"priceRange\":\"$$\"},{\"@type\":\"PostalAddress\",\"@id\":\"https:\\\/\\\/www.stenogfritid.dk\\\/vare\\\/holiday-slipover\\\/#local-main-place-address\",\"streetAddress\":\"N\u00f8rregade 28A\",\"addressLocality\":\"Frederiksv\u00e6rk\",\"postalCode\":\"3300\",\"addressCountry\":\"DK\"},{\"@type\":\"ImageObject\",\"inLanguage\":\"de\",\"@id\":\"https:\\\/\\\/www.stenogfritid.dk\\\/vare\\\/holiday-slipover\\\/#local-main-organization-logo\",\"url\":\"https:\\\/\\\/www.stenogfritid.dk\\\/wp-content\\\/uploads\\\/2021\\\/12\\\/Smykkesten-LOGO_krk.png\",\"contentUrl\":\"https:\\\/\\\/www.stenogfritid.dk\\\/wp-content\\\/uploads\\\/2021\\\/12\\\/Smykkesten-LOGO_krk.png\",\"width\":361,\"height\":50,\"caption\":\"Smykkesten og Fritid I\\\/S\"}]}<\/script>\n<meta property=\"product:price:amount\" content=\"45.00\" \/>\n<meta property=\"product:price:currency\" content=\"DKK\" \/>\n<meta property=\"og:availability\" content=\"out of stock\" \/>\n<meta property=\"product:availability\" content=\"out of stock\" \/>\n<meta property=\"product:retailer_item_id\" content=\"T0051-dk\" \/>\n<meta property=\"product:condition\" content=\"new\" \/>\n<meta name=\"geo.placename\" content=\"Frederiksv\u00e6rk\" \/>\n<meta name=\"geo.position\" content=\"55.974960;12.020150\" \/>\n<meta name=\"geo.region\" content=\"D\u00e4nemark\" \/>\n<!-- \/ Yoast SEO Premium plugin. -->","yoast_head_json":{"title":"Holiday Slipover - Schmuck und Freizeit","description":"Ferien-Slipover","robots":{"index":"index","follow":"follow","max-snippet":"max-snippet:-1","max-image-preview":"max-image-preview:large","max-video-preview":"max-video-preview:-1"},"canonical":"https:\/\/www.stenogfritid.dk\/de\/produkt-2\/zipfelmutze\/","og_locale":"de_DE","og_type":"article","og_title":"Holiday Slipover","og_description":"Holiday Slipover","og_url":"https:\/\/www.stenogfritid.dk\/de\/produkt-2\/zipfelmutze\/","og_site_name":"Smykkesten og Fritid","article_publisher":"http:\/\/www.facebook.com\/smykkestenogfritid","article_modified_time":"2024-04-16T12:46:14+00:00","og_image":[{"width":400,"height":500,"url":"https:\/\/www.stenogfritid.dk\/wp-content\/uploads\/2023\/10\/hvid2_91af06d0-f9dd-4da7-ba1a-5d2b9a0268c3_1500x1500.jpg","type":"image\/jpeg"}],"twitter_misc":{"Preis":"45,00&nbsp;DKK","Verf\u00fcgbarkeit":"ausverkauft"},"schema":{"@context":"https:\/\/schema.org","@graph":[{"@type":"WebPage","@id":"https:\/\/www.stenogfritid.dk\/vare\/holiday-slipover\/","url":"https:\/\/www.stenogfritid.dk\/vare\/holiday-slipover\/","name":"Holiday Slipover - Schmuck und Freizeit","isPartOf":{"@id":"https:\/\/www.stenogfritid.dk\/#website"},"primaryImageOfPage":{"@id":"https:\/\/www.stenogfritid.dk\/vare\/holiday-slipover\/#primaryimage"},"image":{"@id":"https:\/\/www.stenogfritid.dk\/vare\/holiday-slipover\/#primaryimage"},"thumbnailUrl":"https:\/\/www.stenogfritid.dk\/wp-content\/uploads\/2023\/10\/hvid2_91af06d0-f9dd-4da7-ba1a-5d2b9a0268c3_1500x1500.jpg","datePublished":"2023-10-20T16:24:46+00:00","dateModified":"2024-04-16T12:46:14+00:00","description":"Ferien-Slipover","breadcrumb":{"@id":"https:\/\/www.stenogfritid.dk\/vare\/holiday-slipover\/#breadcrumb"},"inLanguage":"de","potentialAction":[{"@type":"ReadAction","target":["https:\/\/www.stenogfritid.dk\/vare\/holiday-slipover\/"]}]},{"@type":"ImageObject","inLanguage":"de","@id":"https:\/\/www.stenogfritid.dk\/vare\/holiday-slipover\/#primaryimage","url":"https:\/\/www.stenogfritid.dk\/wp-content\/uploads\/2023\/10\/hvid2_91af06d0-f9dd-4da7-ba1a-5d2b9a0268c3_1500x1500.jpg","contentUrl":"https:\/\/www.stenogfritid.dk\/wp-content\/uploads\/2023\/10\/hvid2_91af06d0-f9dd-4da7-ba1a-5d2b9a0268c3_1500x1500.jpg","width":400,"height":500},{"@type":"BreadcrumbList","@id":"https:\/\/www.stenogfritid.dk\/vare\/holiday-slipover\/#breadcrumb","itemListElement":[{"@type":"ListItem","position":1,"name":"Hjem","item":"https:\/\/www.stenogfritid.dk\/"},{"@type":"ListItem","position":2,"name":"Shop","item":"https:\/\/www.stenogfritid.dk\/shop\/"},{"@type":"ListItem","position":3,"name":"Holiday Slipover"}]},{"@type":"WebSite","@id":"https:\/\/www.stenogfritid.dk\/#website","url":"https:\/\/www.stenogfritid.dk\/","name":"Edelsteine und Freizeit","description":"Garne, Kristalle, Steinschleifen, Schmuckmaterialien","publisher":{"@id":"https:\/\/www.stenogfritid.dk\/#organization"},"potentialAction":[{"@type":"SearchAction","target":{"@type":"EntryPoint","urlTemplate":"https:\/\/www.stenogfritid.dk\/?s={search_term_string}"},"query-input":{"@type":"PropertyValueSpecification","valueRequired":true,"valueName":"search_term_string"}}],"inLanguage":"de"},{"@type":["Organization","Place","Store"],"@id":"https:\/\/www.stenogfritid.dk\/#organization","name":"Schmuck und Freizeit I\/S","alternateName":"www.stenogfritid.dk","url":"https:\/\/www.stenogfritid.dk\/","logo":{"@id":"https:\/\/www.stenogfritid.dk\/vare\/holiday-slipover\/#local-main-organization-logo"},"image":{"@id":"https:\/\/www.stenogfritid.dk\/vare\/holiday-slipover\/#local-main-organization-logo"},"sameAs":["http:\/\/www.facebook.com\/smykkestenogfritid"],"ownershipFundingInfo":"https:\/\/www.stenogfritid.dk\/handelsbetingelser\/","address":{"@id":"https:\/\/www.stenogfritid.dk\/vare\/holiday-slipover\/#local-main-place-address"},"geo":{"@type":"GeoCoordinates","latitude":"55.974960","longitude":"12.020150"},"openingHoursSpecification":[{"@type":"OpeningHoursSpecification","dayOfWeek":["Monday","Sunday"],"opens":"00:00","closes":"00:00"},{"@type":"OpeningHoursSpecification","dayOfWeek":["Tuesday","Wednesday","Thursday"],"opens":"10:00","closes":"17:30"},{"@type":"OpeningHoursSpecification","dayOfWeek":["Friday"],"opens":"10:00","closes":"18:00"},{"@type":"OpeningHoursSpecification","dayOfWeek":["Saturday"],"opens":"10:00","closes":"14:00"}],"email":"kontakt@stenogfritid.dk","vatID":"DK34386641","priceRange":"$$"},{"@type":"PostalAddress","@id":"https:\/\/www.stenogfritid.dk\/vare\/holiday-slipover\/#local-main-place-address","streetAddress":"N\u00f8rregade 28A","addressLocality":"Frederiksv\u00e6rk","postalCode":"3300","addressCountry":"DK"},{"@type":"ImageObject","inLanguage":"de","@id":"https:\/\/www.stenogfritid.dk\/vare\/holiday-slipover\/#local-main-organization-logo","url":"https:\/\/www.stenogfritid.dk\/wp-content\/uploads\/2021\/12\/Smykkesten-LOGO_krk.png","contentUrl":"https:\/\/www.stenogfritid.dk\/wp-content\/uploads\/2021\/12\/Smykkesten-LOGO_krk.png","width":361,"height":50,"caption":"Smykkesten og Fritid I\/S"}]},"product_price_amount":"45.00","product_price_currency":"DKK","og_availability":"out of stock","product_availability":"out of stock","product_retailer_item_id":"T0051-dk","product_condition":"new","geo.placename":"Frederiksv\u00e6rk","geo.position":{"lat":"55.974960","long":"12.020150"},"geo.region":"D\u00e4nemark"},"_links":{"self":[{"href":"https:\/\/www.stenogfritid.dk\/de\/wp-json\/wp\/v2\/product\/32828","targetHints":{"allow":["GET"]}}],"collection":[{"href":"https:\/\/www.stenogfritid.dk\/de\/wp-json\/wp\/v2\/product"}],"about":[{"href":"https:\/\/www.stenogfritid.dk\/de\/wp-json\/wp\/v2\/types\/product"}],"version-history":[{"count":0,"href":"https:\/\/www.stenogfritid.dk\/de\/wp-json\/wp\/v2\/product\/32828\/revisions"}],"wp:featuredmedia":[{"embeddable":true,"href":"https:\/\/www.stenogfritid.dk\/de\/wp-json\/wp\/v2\/media\/32829"}],"wp:attachment":[{"href":"https:\/\/www.stenogfritid.dk\/de\/wp-json\/wp\/v2\/media?parent=32828"}],"wp:term":[{"taxonomy":"product_brand","embeddable":true,"href":"https:\/\/www.stenogfritid.dk\/de\/wp-json\/wp\/v2\/product_brand?post=32828"},{"taxonomy":"product_cat","embeddable":true,"href":"https:\/\/www.stenogfritid.dk\/de\/wp-json\/wp\/v2\/product_cat?post=32828"},{"taxonomy":"product_tag","embeddable":true,"href":"https:\/\/www.stenogfritid.dk\/de\/wp-json\/wp\/v2\/product_tag?post=32828"}],"curies":[{"name":"wp","href":"https:\/\/api.w.org\/{rel}","templated":true}]}}