{"id":46716,"date":"2024-04-16T10:52:20","date_gmt":"2024-04-16T09:52:20","guid":{"rendered":"https:\/\/www.stenogfritid.dk\/?post_type=product&#038;p=46716"},"modified":"2024-04-16T16:40:20","modified_gmt":"2024-04-16T15:40:20","slug":"sille-slipover-mini","status":"publish","type":"product","link":"https:\/\/www.stenogfritid.dk\/de\/produkt-2\/sille-slipover-mini\/","title":{"rendered":"Sille Slipover Mini"},"content":{"rendered":"<p>Gr\u00f6\u00dfen: 6-12 Monate (1-2) 2-3 (3-4) 4-5 (5-6) 6-7 Jahre<\/p>\n<p>Schlupfbreite: 57 (60) 63 (66) 66 (69) 72 cm<\/p>\n<p>L\u00e4nge: 34 (36) 37 (38) 40 (41) 44 cm (gemessen in der Mitte des R\u00fcckens, einschlie\u00dflich Nackenkante)<\/p>\n<p>Schulterbreite: 22 (23) 24 (25) 26 (27) 29 cm<\/p>\n<p>Maschenprobe: 20 Maschen x 32 Reihen im Muster stricken auf 4 mm Nadeln = 10 x 10 cm<\/p>\n<p>Empfohlene Nadeln: 4 mm Rundstricknadel (40 oder 60 cm), 3,5 mm Rundstricknadel (40 und 60 cm)<\/p>\n<p>Materialien: 150 (150-200) 200 (200) 200-250 (250) 250 g Aiayu Yarn 100% babyllama Wolle (50 g = 150 m) (gestrickt mit doppeltem Garn) oder 100-150 (150) 150 (150-200) 200 (200) 250 g Double Sunday (50 g = 108 m) (gestrickt mit einfachem Garn)<\/p>\n<p>Schwierigkeitsgrad: \u2605 \u2605 \u2605 \u2605 \u2605 \u2605 (4 von 5)<\/p>","protected":false},"excerpt":{"rendered":"<p>Sille Slipover Mini wird von oben nach unten in einem strukturierten Strickmuster gestrickt. Zuerst wird der R\u00fccken gestrickt, dann die Schultern und das Vorderteil. Dann wird der K\u00f6rper gestrickt und zum Schluss werden gerippte Kanten am Hals und an den \u00c4rmel\u00f6ffnungen gestrickt.<\/p>","protected":false},"featured_media":47049,"template":"","meta":{"_acf_changed":false},"product_brand":[],"product_cat":[1307],"product_tag":[],"class_list":{"0":"post-46716","1":"product","2":"type-product","3":"status-publish","4":"has-post-thumbnail","6":"product_cat-petiteknit_baby_boern","8":"first","9":"outofstock","10":"taxable","11":"shipping-taxable","12":"purchasable","13":"product-type-simple"},"acf":[],"yoast_head":"<!-- This site is optimized with the Yoast SEO Premium plugin v21.7 (Yoast SEO v27.5) - https:\/\/yoast.com\/product\/yoast-seo-premium-wordpress\/ -->\n<title>Sille Slipover Mini - Smykkesten og Fritid<\/title>\n<meta name=\"description\" content=\"Sille Slipover Mini\" \/>\n<meta name=\"robots\" content=\"index, follow, max-snippet:-1, max-image-preview:large, max-video-preview:-1\" \/>\n<link rel=\"canonical\" href=\"https:\/\/www.stenogfritid.dk\/de\/produkt-2\/sille-slipover-mini\/\" \/>\n<meta property=\"og:locale\" content=\"de_DE\" \/>\n<meta property=\"og:type\" content=\"article\" \/>\n<meta property=\"og:title\" content=\"Sille Slipover Mini\" \/>\n<meta property=\"og:description\" content=\"Sille Slipover Mini\" \/>\n<meta property=\"og:url\" content=\"https:\/\/www.stenogfritid.dk\/de\/produkt-2\/sille-slipover-mini\/\" \/>\n<meta property=\"og:site_name\" content=\"Smykkesten og Fritid\" \/>\n<meta property=\"article:publisher\" content=\"http:\/\/www.facebook.com\/smykkestenogfritid\" \/>\n<meta property=\"article:modified_time\" content=\"2024-04-16T15:40:20+00:00\" \/>\n<meta property=\"og:image\" content=\"https:\/\/www.stenogfritid.dk\/wp-content\/uploads\/2024\/04\/SilleSlipoverMini_4794_f55ee0cd-6367-4fe8-9008-d245e5b92563_1500x1500.jpg\" \/>\n\t<meta property=\"og:image:width\" content=\"400\" \/>\n\t<meta property=\"og:image:height\" content=\"500\" \/>\n\t<meta property=\"og:image:type\" content=\"image\/jpeg\" \/>\n<meta name=\"twitter:label1\" content=\"Preis\" \/>\n\t<meta name=\"twitter:data1\" content=\"45,00&nbsp;DKK\" \/>\n\t<meta name=\"twitter:label2\" content=\"Verf\u00fcgbarkeit\" \/>\n\t<meta name=\"twitter:data2\" content=\"ausverkauft\" \/>\n<script type=\"application\/ld+json\" class=\"yoast-schema-graph\">{\"@context\":\"https:\\\/\\\/schema.org\",\"@graph\":[{\"@type\":\"WebPage\",\"@id\":\"https:\\\/\\\/www.stenogfritid.dk\\\/vare\\\/sille-slipover-mini\\\/\",\"url\":\"https:\\\/\\\/www.stenogfritid.dk\\\/vare\\\/sille-slipover-mini\\\/\",\"name\":\"Sille Slipover Mini - Smykkesten og Fritid\",\"isPartOf\":{\"@id\":\"https:\\\/\\\/www.stenogfritid.dk\\\/#website\"},\"primaryImageOfPage\":{\"@id\":\"https:\\\/\\\/www.stenogfritid.dk\\\/vare\\\/sille-slipover-mini\\\/#primaryimage\"},\"image\":{\"@id\":\"https:\\\/\\\/www.stenogfritid.dk\\\/vare\\\/sille-slipover-mini\\\/#primaryimage\"},\"thumbnailUrl\":\"https:\\\/\\\/www.stenogfritid.dk\\\/wp-content\\\/uploads\\\/2024\\\/04\\\/SilleSlipoverMini_4794_f55ee0cd-6367-4fe8-9008-d245e5b92563_1500x1500.jpg\",\"datePublished\":\"2024-04-16T09:52:20+00:00\",\"dateModified\":\"2024-04-16T15:40:20+00:00\",\"description\":\"Sille Slipover Mini\",\"breadcrumb\":{\"@id\":\"https:\\\/\\\/www.stenogfritid.dk\\\/vare\\\/sille-slipover-mini\\\/#breadcrumb\"},\"inLanguage\":\"de\",\"potentialAction\":[{\"@type\":\"ReadAction\",\"target\":[\"https:\\\/\\\/www.stenogfritid.dk\\\/vare\\\/sille-slipover-mini\\\/\"]}]},{\"@type\":\"ImageObject\",\"inLanguage\":\"de\",\"@id\":\"https:\\\/\\\/www.stenogfritid.dk\\\/vare\\\/sille-slipover-mini\\\/#primaryimage\",\"url\":\"https:\\\/\\\/www.stenogfritid.dk\\\/wp-content\\\/uploads\\\/2024\\\/04\\\/SilleSlipoverMini_4794_f55ee0cd-6367-4fe8-9008-d245e5b92563_1500x1500.jpg\",\"contentUrl\":\"https:\\\/\\\/www.stenogfritid.dk\\\/wp-content\\\/uploads\\\/2024\\\/04\\\/SilleSlipoverMini_4794_f55ee0cd-6367-4fe8-9008-d245e5b92563_1500x1500.jpg\",\"width\":400,\"height\":500},{\"@type\":\"BreadcrumbList\",\"@id\":\"https:\\\/\\\/www.stenogfritid.dk\\\/vare\\\/sille-slipover-mini\\\/#breadcrumb\",\"itemListElement\":[{\"@type\":\"ListItem\",\"position\":1,\"name\":\"Hjem\",\"item\":\"https:\\\/\\\/www.stenogfritid.dk\\\/\"},{\"@type\":\"ListItem\",\"position\":2,\"name\":\"Shop\",\"item\":\"https:\\\/\\\/www.stenogfritid.dk\\\/shop\\\/\"},{\"@type\":\"ListItem\",\"position\":3,\"name\":\"Sille Slipover Mini\"}]},{\"@type\":\"WebSite\",\"@id\":\"https:\\\/\\\/www.stenogfritid.dk\\\/#website\",\"url\":\"https:\\\/\\\/www.stenogfritid.dk\\\/\",\"name\":\"Smykkesten og Fritid\",\"description\":\"Garn, Krystyaller, Stenslibning, Smykkematerialer\",\"publisher\":{\"@id\":\"https:\\\/\\\/www.stenogfritid.dk\\\/#organization\"},\"potentialAction\":[{\"@type\":\"SearchAction\",\"target\":{\"@type\":\"EntryPoint\",\"urlTemplate\":\"https:\\\/\\\/www.stenogfritid.dk\\\/?s={search_term_string}\"},\"query-input\":{\"@type\":\"PropertyValueSpecification\",\"valueRequired\":true,\"valueName\":\"search_term_string\"}}],\"inLanguage\":\"de\"},{\"@type\":[\"Organization\",\"Place\",\"Store\"],\"@id\":\"https:\\\/\\\/www.stenogfritid.dk\\\/#organization\",\"name\":\"Smykkesten og Fritid I\\\/S\",\"alternateName\":\"www.stenogfritid.dk\",\"url\":\"https:\\\/\\\/www.stenogfritid.dk\\\/\",\"logo\":{\"@id\":\"https:\\\/\\\/www.stenogfritid.dk\\\/vare\\\/sille-slipover-mini\\\/#local-main-organization-logo\"},\"image\":{\"@id\":\"https:\\\/\\\/www.stenogfritid.dk\\\/vare\\\/sille-slipover-mini\\\/#local-main-organization-logo\"},\"sameAs\":[\"http:\\\/\\\/www.facebook.com\\\/smykkestenogfritid\"],\"ownershipFundingInfo\":\"https:\\\/\\\/www.stenogfritid.dk\\\/handelsbetingelser\\\/\",\"address\":{\"@id\":\"https:\\\/\\\/www.stenogfritid.dk\\\/vare\\\/sille-slipover-mini\\\/#local-main-place-address\"},\"geo\":{\"@type\":\"GeoCoordinates\",\"latitude\":\"55.974960\",\"longitude\":\"12.020150\"},\"openingHoursSpecification\":[{\"@type\":\"OpeningHoursSpecification\",\"dayOfWeek\":[\"Monday\",\"Sunday\"],\"opens\":\"00:00\",\"closes\":\"00:00\"},{\"@type\":\"OpeningHoursSpecification\",\"dayOfWeek\":[\"Tuesday\",\"Wednesday\",\"Thursday\"],\"opens\":\"10:00\",\"closes\":\"17:30\"},{\"@type\":\"OpeningHoursSpecification\",\"dayOfWeek\":[\"Friday\"],\"opens\":\"10:00\",\"closes\":\"18:00\"},{\"@type\":\"OpeningHoursSpecification\",\"dayOfWeek\":[\"Saturday\"],\"opens\":\"10:00\",\"closes\":\"14:00\"}],\"email\":\"kontakt@stenogfritid.dk\",\"vatID\":\"DK34386641\",\"priceRange\":\"$$\"},{\"@type\":\"PostalAddress\",\"@id\":\"https:\\\/\\\/www.stenogfritid.dk\\\/vare\\\/sille-slipover-mini\\\/#local-main-place-address\",\"streetAddress\":\"N\u00f8rregade 28A\",\"addressLocality\":\"Frederiksv\u00e6rk\",\"postalCode\":\"3300\",\"addressCountry\":\"DK\"},{\"@type\":\"ImageObject\",\"inLanguage\":\"de\",\"@id\":\"https:\\\/\\\/www.stenogfritid.dk\\\/vare\\\/sille-slipover-mini\\\/#local-main-organization-logo\",\"url\":\"https:\\\/\\\/www.stenogfritid.dk\\\/wp-content\\\/uploads\\\/2021\\\/12\\\/Smykkesten-LOGO_krk.png\",\"contentUrl\":\"https:\\\/\\\/www.stenogfritid.dk\\\/wp-content\\\/uploads\\\/2021\\\/12\\\/Smykkesten-LOGO_krk.png\",\"width\":361,\"height\":50,\"caption\":\"Smykkesten og Fritid I\\\/S\"}]}<\/script>\n<meta property=\"product:price:amount\" content=\"45.00\" \/>\n<meta property=\"product:price:currency\" content=\"DKK\" \/>\n<meta property=\"og:availability\" content=\"out of stock\" \/>\n<meta property=\"product:availability\" content=\"out of stock\" \/>\n<meta property=\"product:retailer_item_id\" content=\"T0206-dk\" \/>\n<meta property=\"product:condition\" content=\"new\" \/>\n<meta name=\"geo.placename\" content=\"Frederiksv\u00e6rk\" \/>\n<meta name=\"geo.position\" content=\"55.974960;12.020150\" \/>\n<meta name=\"geo.region\" content=\"D\u00e4nemark\" \/>\n<!-- \/ Yoast SEO Premium plugin. -->","yoast_head_json":{"title":"Sille Slipover Mini - Schmuck und Freizeit","description":"Sille Slipover Mini","robots":{"index":"index","follow":"follow","max-snippet":"max-snippet:-1","max-image-preview":"max-image-preview:large","max-video-preview":"max-video-preview:-1"},"canonical":"https:\/\/www.stenogfritid.dk\/de\/produkt-2\/sille-slipover-mini\/","og_locale":"de_DE","og_type":"article","og_title":"Sille Slipover Mini","og_description":"Sille Slipover Mini","og_url":"https:\/\/www.stenogfritid.dk\/de\/produkt-2\/sille-slipover-mini\/","og_site_name":"Smykkesten og Fritid","article_publisher":"http:\/\/www.facebook.com\/smykkestenogfritid","article_modified_time":"2024-04-16T15:40:20+00:00","og_image":[{"width":400,"height":500,"url":"https:\/\/www.stenogfritid.dk\/wp-content\/uploads\/2024\/04\/SilleSlipoverMini_4794_f55ee0cd-6367-4fe8-9008-d245e5b92563_1500x1500.jpg","type":"image\/jpeg"}],"twitter_misc":{"Preis":"45,00&nbsp;DKK","Verf\u00fcgbarkeit":"ausverkauft"},"schema":{"@context":"https:\/\/schema.org","@graph":[{"@type":"WebPage","@id":"https:\/\/www.stenogfritid.dk\/vare\/sille-slipover-mini\/","url":"https:\/\/www.stenogfritid.dk\/vare\/sille-slipover-mini\/","name":"Sille Slipover Mini - Schmuck und Freizeit","isPartOf":{"@id":"https:\/\/www.stenogfritid.dk\/#website"},"primaryImageOfPage":{"@id":"https:\/\/www.stenogfritid.dk\/vare\/sille-slipover-mini\/#primaryimage"},"image":{"@id":"https:\/\/www.stenogfritid.dk\/vare\/sille-slipover-mini\/#primaryimage"},"thumbnailUrl":"https:\/\/www.stenogfritid.dk\/wp-content\/uploads\/2024\/04\/SilleSlipoverMini_4794_f55ee0cd-6367-4fe8-9008-d245e5b92563_1500x1500.jpg","datePublished":"2024-04-16T09:52:20+00:00","dateModified":"2024-04-16T15:40:20+00:00","description":"Sille Slipover Mini","breadcrumb":{"@id":"https:\/\/www.stenogfritid.dk\/vare\/sille-slipover-mini\/#breadcrumb"},"inLanguage":"de","potentialAction":[{"@type":"ReadAction","target":["https:\/\/www.stenogfritid.dk\/vare\/sille-slipover-mini\/"]}]},{"@type":"ImageObject","inLanguage":"de","@id":"https:\/\/www.stenogfritid.dk\/vare\/sille-slipover-mini\/#primaryimage","url":"https:\/\/www.stenogfritid.dk\/wp-content\/uploads\/2024\/04\/SilleSlipoverMini_4794_f55ee0cd-6367-4fe8-9008-d245e5b92563_1500x1500.jpg","contentUrl":"https:\/\/www.stenogfritid.dk\/wp-content\/uploads\/2024\/04\/SilleSlipoverMini_4794_f55ee0cd-6367-4fe8-9008-d245e5b92563_1500x1500.jpg","width":400,"height":500},{"@type":"BreadcrumbList","@id":"https:\/\/www.stenogfritid.dk\/vare\/sille-slipover-mini\/#breadcrumb","itemListElement":[{"@type":"ListItem","position":1,"name":"Hjem","item":"https:\/\/www.stenogfritid.dk\/"},{"@type":"ListItem","position":2,"name":"Shop","item":"https:\/\/www.stenogfritid.dk\/shop\/"},{"@type":"ListItem","position":3,"name":"Sille Slipover Mini"}]},{"@type":"WebSite","@id":"https:\/\/www.stenogfritid.dk\/#website","url":"https:\/\/www.stenogfritid.dk\/","name":"Edelsteine und Freizeit","description":"Garne, Kristalle, Steinschleifen, Schmuckmaterialien","publisher":{"@id":"https:\/\/www.stenogfritid.dk\/#organization"},"potentialAction":[{"@type":"SearchAction","target":{"@type":"EntryPoint","urlTemplate":"https:\/\/www.stenogfritid.dk\/?s={search_term_string}"},"query-input":{"@type":"PropertyValueSpecification","valueRequired":true,"valueName":"search_term_string"}}],"inLanguage":"de"},{"@type":["Organization","Place","Store"],"@id":"https:\/\/www.stenogfritid.dk\/#organization","name":"Schmuck und Freizeit I\/S","alternateName":"www.stenogfritid.dk","url":"https:\/\/www.stenogfritid.dk\/","logo":{"@id":"https:\/\/www.stenogfritid.dk\/vare\/sille-slipover-mini\/#local-main-organization-logo"},"image":{"@id":"https:\/\/www.stenogfritid.dk\/vare\/sille-slipover-mini\/#local-main-organization-logo"},"sameAs":["http:\/\/www.facebook.com\/smykkestenogfritid"],"ownershipFundingInfo":"https:\/\/www.stenogfritid.dk\/handelsbetingelser\/","address":{"@id":"https:\/\/www.stenogfritid.dk\/vare\/sille-slipover-mini\/#local-main-place-address"},"geo":{"@type":"GeoCoordinates","latitude":"55.974960","longitude":"12.020150"},"openingHoursSpecification":[{"@type":"OpeningHoursSpecification","dayOfWeek":["Monday","Sunday"],"opens":"00:00","closes":"00:00"},{"@type":"OpeningHoursSpecification","dayOfWeek":["Tuesday","Wednesday","Thursday"],"opens":"10:00","closes":"17:30"},{"@type":"OpeningHoursSpecification","dayOfWeek":["Friday"],"opens":"10:00","closes":"18:00"},{"@type":"OpeningHoursSpecification","dayOfWeek":["Saturday"],"opens":"10:00","closes":"14:00"}],"email":"kontakt@stenogfritid.dk","vatID":"DK34386641","priceRange":"$$"},{"@type":"PostalAddress","@id":"https:\/\/www.stenogfritid.dk\/vare\/sille-slipover-mini\/#local-main-place-address","streetAddress":"N\u00f8rregade 28A","addressLocality":"Frederiksv\u00e6rk","postalCode":"3300","addressCountry":"DK"},{"@type":"ImageObject","inLanguage":"de","@id":"https:\/\/www.stenogfritid.dk\/vare\/sille-slipover-mini\/#local-main-organization-logo","url":"https:\/\/www.stenogfritid.dk\/wp-content\/uploads\/2021\/12\/Smykkesten-LOGO_krk.png","contentUrl":"https:\/\/www.stenogfritid.dk\/wp-content\/uploads\/2021\/12\/Smykkesten-LOGO_krk.png","width":361,"height":50,"caption":"Smykkesten og Fritid I\/S"}]},"product_price_amount":"45.00","product_price_currency":"DKK","og_availability":"out of stock","product_availability":"out of stock","product_retailer_item_id":"T0206-dk","product_condition":"new","geo.placename":"Frederiksv\u00e6rk","geo.position":{"lat":"55.974960","long":"12.020150"},"geo.region":"D\u00e4nemark"},"_links":{"self":[{"href":"https:\/\/www.stenogfritid.dk\/de\/wp-json\/wp\/v2\/product\/46716","targetHints":{"allow":["GET"]}}],"collection":[{"href":"https:\/\/www.stenogfritid.dk\/de\/wp-json\/wp\/v2\/product"}],"about":[{"href":"https:\/\/www.stenogfritid.dk\/de\/wp-json\/wp\/v2\/types\/product"}],"version-history":[{"count":0,"href":"https:\/\/www.stenogfritid.dk\/de\/wp-json\/wp\/v2\/product\/46716\/revisions"}],"wp:featuredmedia":[{"embeddable":true,"href":"https:\/\/www.stenogfritid.dk\/de\/wp-json\/wp\/v2\/media\/47049"}],"wp:attachment":[{"href":"https:\/\/www.stenogfritid.dk\/de\/wp-json\/wp\/v2\/media?parent=46716"}],"wp:term":[{"taxonomy":"product_brand","embeddable":true,"href":"https:\/\/www.stenogfritid.dk\/de\/wp-json\/wp\/v2\/product_brand?post=46716"},{"taxonomy":"product_cat","embeddable":true,"href":"https:\/\/www.stenogfritid.dk\/de\/wp-json\/wp\/v2\/product_cat?post=46716"},{"taxonomy":"product_tag","embeddable":true,"href":"https:\/\/www.stenogfritid.dk\/de\/wp-json\/wp\/v2\/product_tag?post=46716"}],"curies":[{"name":"wp","href":"https:\/\/api.w.org\/{rel}","templated":true}]}}