{"id":46727,"date":"2024-04-16T10:52:23","date_gmt":"2024-04-16T09:52:23","guid":{"rendered":"https:\/\/www.stenogfritid.dk\/?post_type=product&#038;p=46727"},"modified":"2024-04-16T16:22:03","modified_gmt":"2024-04-16T15:22:03","slug":"stockholm-slipover-mini","status":"publish","type":"product","link":"https:\/\/www.stenogfritid.dk\/de\/produkt-2\/stockholm-slipover-mini\/","title":{"rendered":"Stockholm Pullunder Mini"},"content":{"rendered":"<p>Gr\u00f6\u00dfen: 1-2 (2-3) 3-4 (4-5) 5-6 (6-7) Jahre<\/p>\n<p>Ma\u00dfe Slipover: Breite: 59 (61) 63 (65,5) 67,5 (69,5) cm<\/p>\n<p>R\u00fcckenbreite oben inkl. Rippenkante: 22 (22) 23 (25) 26 (27) cm<\/p>\n<p>Armlochtiefe: 13,5 (14,5) 14,5 (15) 16,5 (16,5) cm<\/p>\n<p>L\u00e4nge: 34 (36) 37 (38) 40 (41) cm gemessen in der Mitte des R\u00fcckens inkl. geripptem Halsausschnitt<\/p>\n<p>Maschenprobe: 19 Maschen x 27 Reihen im Stockinette-Stich auf 4,5 mm Nadeln = 10 x 10 cm<\/p>\n<p>Empfohlene Nadeln: 4,5 mm Rundstricknadel (60 cm), 3,5 mm Rundstricknadel (40 und 60 cm)<\/p>\n<p>Materialien: 50 (50) 100 (100) 100 (100) 100 (100) g Sonntag aus Sandnes Garn (50 g = 235 m) zusammen mit 25 (25-50) 50 (50) 50 (50) 50 (50) g Seidenmohair aus Isager (25 g = 210 m) oder d\u00fcnnes Seidenmohair aus Sandnes Garn (25 g = 212 m)<\/p>\n<p>Schwierigkeitsgrad: \u2605 \u2605 \u2605 \u2605 (3 von 5)<\/p>","protected":false},"excerpt":{"rendered":"<p>Der Stockholm Slipover Mini wird von oben nach unten gestrickt. Zuerst der R\u00fccken, dann die Schultern und das Vorderteil und schlie\u00dflich der K\u00f6rper. Der Stockholm-Slipover hat eine Schulterschr\u00e4ge, die durch kurze Reihen in den Schultern gebildet wird, um eine gute Passform zu erreichen. Am Halsausschnitt und an den Armausschnitten werden gerippte Kanten gearbeitet und mit einem italienischen B\u00fcndchen abgeschlossen.<\/p>","protected":false},"featured_media":47028,"template":"","meta":{"_acf_changed":false},"product_brand":[],"product_cat":[1307],"product_tag":[],"class_list":{"0":"post-46727","1":"product","2":"type-product","3":"status-publish","4":"has-post-thumbnail","6":"product_cat-petiteknit_baby_boern","8":"first","9":"outofstock","10":"taxable","11":"shipping-taxable","12":"purchasable","13":"product-type-simple"},"acf":[],"yoast_head":"<!-- This site is optimized with the Yoast SEO Premium plugin v21.7 (Yoast SEO v27.5) - https:\/\/yoast.com\/product\/yoast-seo-premium-wordpress\/ -->\n<title>Stockholm Slipover Mini - Smykkesten og Fritid<\/title>\n<meta name=\"description\" content=\"Stockholm Slipover Mini\" \/>\n<meta name=\"robots\" content=\"index, follow, max-snippet:-1, max-image-preview:large, max-video-preview:-1\" \/>\n<link rel=\"canonical\" href=\"https:\/\/www.stenogfritid.dk\/de\/produkt-2\/stockholm-slipover-mini\/\" \/>\n<meta property=\"og:locale\" content=\"de_DE\" \/>\n<meta property=\"og:type\" content=\"article\" \/>\n<meta property=\"og:title\" content=\"Stockholm Slipover Mini\" \/>\n<meta property=\"og:description\" content=\"Stockholm Slipover Mini\" \/>\n<meta property=\"og:url\" content=\"https:\/\/www.stenogfritid.dk\/de\/produkt-2\/stockholm-slipover-mini\/\" \/>\n<meta property=\"og:site_name\" content=\"Smykkesten og Fritid\" \/>\n<meta property=\"article:publisher\" content=\"http:\/\/www.facebook.com\/smykkestenogfritid\" \/>\n<meta property=\"article:modified_time\" content=\"2024-04-16T15:22:03+00:00\" \/>\n<meta property=\"og:image\" content=\"https:\/\/www.stenogfritid.dk\/wp-content\/uploads\/2024\/04\/bla1_5b628ded-af28-4f20-a03c-fea5920b283b_1500x1500.webp\" \/>\n\t<meta property=\"og:image:width\" content=\"400\" \/>\n\t<meta property=\"og:image:height\" content=\"500\" \/>\n\t<meta property=\"og:image:type\" content=\"image\/webp\" \/>\n<meta name=\"twitter:label1\" content=\"Preis\" \/>\n\t<meta name=\"twitter:data1\" content=\"45,00&nbsp;DKK\" \/>\n\t<meta name=\"twitter:label2\" content=\"Verf\u00fcgbarkeit\" \/>\n\t<meta name=\"twitter:data2\" content=\"ausverkauft\" \/>\n<script type=\"application\/ld+json\" class=\"yoast-schema-graph\">{\"@context\":\"https:\\\/\\\/schema.org\",\"@graph\":[{\"@type\":\"WebPage\",\"@id\":\"https:\\\/\\\/www.stenogfritid.dk\\\/vare\\\/stockholm-slipover-mini\\\/\",\"url\":\"https:\\\/\\\/www.stenogfritid.dk\\\/vare\\\/stockholm-slipover-mini\\\/\",\"name\":\"Stockholm Slipover Mini - Smykkesten og Fritid\",\"isPartOf\":{\"@id\":\"https:\\\/\\\/www.stenogfritid.dk\\\/#website\"},\"primaryImageOfPage\":{\"@id\":\"https:\\\/\\\/www.stenogfritid.dk\\\/vare\\\/stockholm-slipover-mini\\\/#primaryimage\"},\"image\":{\"@id\":\"https:\\\/\\\/www.stenogfritid.dk\\\/vare\\\/stockholm-slipover-mini\\\/#primaryimage\"},\"thumbnailUrl\":\"https:\\\/\\\/www.stenogfritid.dk\\\/wp-content\\\/uploads\\\/2024\\\/04\\\/bla1_5b628ded-af28-4f20-a03c-fea5920b283b_1500x1500.webp\",\"datePublished\":\"2024-04-16T09:52:23+00:00\",\"dateModified\":\"2024-04-16T15:22:03+00:00\",\"description\":\"Stockholm Slipover Mini\",\"breadcrumb\":{\"@id\":\"https:\\\/\\\/www.stenogfritid.dk\\\/vare\\\/stockholm-slipover-mini\\\/#breadcrumb\"},\"inLanguage\":\"de\",\"potentialAction\":[{\"@type\":\"ReadAction\",\"target\":[\"https:\\\/\\\/www.stenogfritid.dk\\\/vare\\\/stockholm-slipover-mini\\\/\"]}]},{\"@type\":\"ImageObject\",\"inLanguage\":\"de\",\"@id\":\"https:\\\/\\\/www.stenogfritid.dk\\\/vare\\\/stockholm-slipover-mini\\\/#primaryimage\",\"url\":\"https:\\\/\\\/www.stenogfritid.dk\\\/wp-content\\\/uploads\\\/2024\\\/04\\\/bla1_5b628ded-af28-4f20-a03c-fea5920b283b_1500x1500.webp\",\"contentUrl\":\"https:\\\/\\\/www.stenogfritid.dk\\\/wp-content\\\/uploads\\\/2024\\\/04\\\/bla1_5b628ded-af28-4f20-a03c-fea5920b283b_1500x1500.webp\",\"width\":400,\"height\":500},{\"@type\":\"BreadcrumbList\",\"@id\":\"https:\\\/\\\/www.stenogfritid.dk\\\/vare\\\/stockholm-slipover-mini\\\/#breadcrumb\",\"itemListElement\":[{\"@type\":\"ListItem\",\"position\":1,\"name\":\"Hjem\",\"item\":\"https:\\\/\\\/www.stenogfritid.dk\\\/\"},{\"@type\":\"ListItem\",\"position\":2,\"name\":\"Shop\",\"item\":\"https:\\\/\\\/www.stenogfritid.dk\\\/shop\\\/\"},{\"@type\":\"ListItem\",\"position\":3,\"name\":\"Stockholm Slipover Mini\"}]},{\"@type\":\"WebSite\",\"@id\":\"https:\\\/\\\/www.stenogfritid.dk\\\/#website\",\"url\":\"https:\\\/\\\/www.stenogfritid.dk\\\/\",\"name\":\"Smykkesten og Fritid\",\"description\":\"Garn, Krystyaller, Stenslibning, Smykkematerialer\",\"publisher\":{\"@id\":\"https:\\\/\\\/www.stenogfritid.dk\\\/#organization\"},\"potentialAction\":[{\"@type\":\"SearchAction\",\"target\":{\"@type\":\"EntryPoint\",\"urlTemplate\":\"https:\\\/\\\/www.stenogfritid.dk\\\/?s={search_term_string}\"},\"query-input\":{\"@type\":\"PropertyValueSpecification\",\"valueRequired\":true,\"valueName\":\"search_term_string\"}}],\"inLanguage\":\"de\"},{\"@type\":[\"Organization\",\"Place\",\"Store\"],\"@id\":\"https:\\\/\\\/www.stenogfritid.dk\\\/#organization\",\"name\":\"Smykkesten og Fritid I\\\/S\",\"alternateName\":\"www.stenogfritid.dk\",\"url\":\"https:\\\/\\\/www.stenogfritid.dk\\\/\",\"logo\":{\"@id\":\"https:\\\/\\\/www.stenogfritid.dk\\\/vare\\\/stockholm-slipover-mini\\\/#local-main-organization-logo\"},\"image\":{\"@id\":\"https:\\\/\\\/www.stenogfritid.dk\\\/vare\\\/stockholm-slipover-mini\\\/#local-main-organization-logo\"},\"sameAs\":[\"http:\\\/\\\/www.facebook.com\\\/smykkestenogfritid\"],\"ownershipFundingInfo\":\"https:\\\/\\\/www.stenogfritid.dk\\\/handelsbetingelser\\\/\",\"address\":{\"@id\":\"https:\\\/\\\/www.stenogfritid.dk\\\/vare\\\/stockholm-slipover-mini\\\/#local-main-place-address\"},\"geo\":{\"@type\":\"GeoCoordinates\",\"latitude\":\"55.974960\",\"longitude\":\"12.020150\"},\"openingHoursSpecification\":[{\"@type\":\"OpeningHoursSpecification\",\"dayOfWeek\":[\"Monday\",\"Sunday\"],\"opens\":\"00:00\",\"closes\":\"00:00\"},{\"@type\":\"OpeningHoursSpecification\",\"dayOfWeek\":[\"Tuesday\",\"Wednesday\",\"Thursday\"],\"opens\":\"10:00\",\"closes\":\"17:30\"},{\"@type\":\"OpeningHoursSpecification\",\"dayOfWeek\":[\"Friday\"],\"opens\":\"10:00\",\"closes\":\"18:00\"},{\"@type\":\"OpeningHoursSpecification\",\"dayOfWeek\":[\"Saturday\"],\"opens\":\"10:00\",\"closes\":\"14:00\"}],\"email\":\"kontakt@stenogfritid.dk\",\"vatID\":\"DK34386641\",\"priceRange\":\"$$\"},{\"@type\":\"PostalAddress\",\"@id\":\"https:\\\/\\\/www.stenogfritid.dk\\\/vare\\\/stockholm-slipover-mini\\\/#local-main-place-address\",\"streetAddress\":\"N\u00f8rregade 28A\",\"addressLocality\":\"Frederiksv\u00e6rk\",\"postalCode\":\"3300\",\"addressCountry\":\"DK\"},{\"@type\":\"ImageObject\",\"inLanguage\":\"de\",\"@id\":\"https:\\\/\\\/www.stenogfritid.dk\\\/vare\\\/stockholm-slipover-mini\\\/#local-main-organization-logo\",\"url\":\"https:\\\/\\\/www.stenogfritid.dk\\\/wp-content\\\/uploads\\\/2021\\\/12\\\/Smykkesten-LOGO_krk.png\",\"contentUrl\":\"https:\\\/\\\/www.stenogfritid.dk\\\/wp-content\\\/uploads\\\/2021\\\/12\\\/Smykkesten-LOGO_krk.png\",\"width\":361,\"height\":50,\"caption\":\"Smykkesten og Fritid I\\\/S\"}]}<\/script>\n<meta property=\"product:price:amount\" content=\"45.00\" \/>\n<meta property=\"product:price:currency\" content=\"DKK\" \/>\n<meta property=\"og:availability\" content=\"out of stock\" \/>\n<meta property=\"product:availability\" content=\"out of stock\" \/>\n<meta property=\"product:retailer_item_id\" content=\"T0117-dk\" \/>\n<meta property=\"product:condition\" content=\"new\" \/>\n<meta name=\"geo.placename\" content=\"Frederiksv\u00e6rk\" \/>\n<meta name=\"geo.position\" content=\"55.974960;12.020150\" \/>\n<meta name=\"geo.region\" content=\"D\u00e4nemark\" \/>\n<!-- \/ Yoast SEO Premium plugin. -->","yoast_head_json":{"title":"Stockholm Slipover Mini - Schmuck und Freizeit","description":"Stockholm Pullunder Mini","robots":{"index":"index","follow":"follow","max-snippet":"max-snippet:-1","max-image-preview":"max-image-preview:large","max-video-preview":"max-video-preview:-1"},"canonical":"https:\/\/www.stenogfritid.dk\/de\/produkt-2\/stockholm-slipover-mini\/","og_locale":"de_DE","og_type":"article","og_title":"Stockholm Slipover Mini","og_description":"Stockholm Slipover Mini","og_url":"https:\/\/www.stenogfritid.dk\/de\/produkt-2\/stockholm-slipover-mini\/","og_site_name":"Smykkesten og Fritid","article_publisher":"http:\/\/www.facebook.com\/smykkestenogfritid","article_modified_time":"2024-04-16T15:22:03+00:00","og_image":[{"width":400,"height":500,"url":"https:\/\/www.stenogfritid.dk\/wp-content\/uploads\/2024\/04\/bla1_5b628ded-af28-4f20-a03c-fea5920b283b_1500x1500.webp","type":"image\/webp"}],"twitter_misc":{"Preis":"45,00&nbsp;DKK","Verf\u00fcgbarkeit":"ausverkauft"},"schema":{"@context":"https:\/\/schema.org","@graph":[{"@type":"WebPage","@id":"https:\/\/www.stenogfritid.dk\/vare\/stockholm-slipover-mini\/","url":"https:\/\/www.stenogfritid.dk\/vare\/stockholm-slipover-mini\/","name":"Stockholm Slipover Mini - Schmuck und Freizeit","isPartOf":{"@id":"https:\/\/www.stenogfritid.dk\/#website"},"primaryImageOfPage":{"@id":"https:\/\/www.stenogfritid.dk\/vare\/stockholm-slipover-mini\/#primaryimage"},"image":{"@id":"https:\/\/www.stenogfritid.dk\/vare\/stockholm-slipover-mini\/#primaryimage"},"thumbnailUrl":"https:\/\/www.stenogfritid.dk\/wp-content\/uploads\/2024\/04\/bla1_5b628ded-af28-4f20-a03c-fea5920b283b_1500x1500.webp","datePublished":"2024-04-16T09:52:23+00:00","dateModified":"2024-04-16T15:22:03+00:00","description":"Stockholm Pullunder Mini","breadcrumb":{"@id":"https:\/\/www.stenogfritid.dk\/vare\/stockholm-slipover-mini\/#breadcrumb"},"inLanguage":"de","potentialAction":[{"@type":"ReadAction","target":["https:\/\/www.stenogfritid.dk\/vare\/stockholm-slipover-mini\/"]}]},{"@type":"ImageObject","inLanguage":"de","@id":"https:\/\/www.stenogfritid.dk\/vare\/stockholm-slipover-mini\/#primaryimage","url":"https:\/\/www.stenogfritid.dk\/wp-content\/uploads\/2024\/04\/bla1_5b628ded-af28-4f20-a03c-fea5920b283b_1500x1500.webp","contentUrl":"https:\/\/www.stenogfritid.dk\/wp-content\/uploads\/2024\/04\/bla1_5b628ded-af28-4f20-a03c-fea5920b283b_1500x1500.webp","width":400,"height":500},{"@type":"BreadcrumbList","@id":"https:\/\/www.stenogfritid.dk\/vare\/stockholm-slipover-mini\/#breadcrumb","itemListElement":[{"@type":"ListItem","position":1,"name":"Hjem","item":"https:\/\/www.stenogfritid.dk\/"},{"@type":"ListItem","position":2,"name":"Shop","item":"https:\/\/www.stenogfritid.dk\/shop\/"},{"@type":"ListItem","position":3,"name":"Stockholm Slipover Mini"}]},{"@type":"WebSite","@id":"https:\/\/www.stenogfritid.dk\/#website","url":"https:\/\/www.stenogfritid.dk\/","name":"Edelsteine und Freizeit","description":"Garne, Kristalle, Steinschleifen, Schmuckmaterialien","publisher":{"@id":"https:\/\/www.stenogfritid.dk\/#organization"},"potentialAction":[{"@type":"SearchAction","target":{"@type":"EntryPoint","urlTemplate":"https:\/\/www.stenogfritid.dk\/?s={search_term_string}"},"query-input":{"@type":"PropertyValueSpecification","valueRequired":true,"valueName":"search_term_string"}}],"inLanguage":"de"},{"@type":["Organization","Place","Store"],"@id":"https:\/\/www.stenogfritid.dk\/#organization","name":"Schmuck und Freizeit I\/S","alternateName":"www.stenogfritid.dk","url":"https:\/\/www.stenogfritid.dk\/","logo":{"@id":"https:\/\/www.stenogfritid.dk\/vare\/stockholm-slipover-mini\/#local-main-organization-logo"},"image":{"@id":"https:\/\/www.stenogfritid.dk\/vare\/stockholm-slipover-mini\/#local-main-organization-logo"},"sameAs":["http:\/\/www.facebook.com\/smykkestenogfritid"],"ownershipFundingInfo":"https:\/\/www.stenogfritid.dk\/handelsbetingelser\/","address":{"@id":"https:\/\/www.stenogfritid.dk\/vare\/stockholm-slipover-mini\/#local-main-place-address"},"geo":{"@type":"GeoCoordinates","latitude":"55.974960","longitude":"12.020150"},"openingHoursSpecification":[{"@type":"OpeningHoursSpecification","dayOfWeek":["Monday","Sunday"],"opens":"00:00","closes":"00:00"},{"@type":"OpeningHoursSpecification","dayOfWeek":["Tuesday","Wednesday","Thursday"],"opens":"10:00","closes":"17:30"},{"@type":"OpeningHoursSpecification","dayOfWeek":["Friday"],"opens":"10:00","closes":"18:00"},{"@type":"OpeningHoursSpecification","dayOfWeek":["Saturday"],"opens":"10:00","closes":"14:00"}],"email":"kontakt@stenogfritid.dk","vatID":"DK34386641","priceRange":"$$"},{"@type":"PostalAddress","@id":"https:\/\/www.stenogfritid.dk\/vare\/stockholm-slipover-mini\/#local-main-place-address","streetAddress":"N\u00f8rregade 28A","addressLocality":"Frederiksv\u00e6rk","postalCode":"3300","addressCountry":"DK"},{"@type":"ImageObject","inLanguage":"de","@id":"https:\/\/www.stenogfritid.dk\/vare\/stockholm-slipover-mini\/#local-main-organization-logo","url":"https:\/\/www.stenogfritid.dk\/wp-content\/uploads\/2021\/12\/Smykkesten-LOGO_krk.png","contentUrl":"https:\/\/www.stenogfritid.dk\/wp-content\/uploads\/2021\/12\/Smykkesten-LOGO_krk.png","width":361,"height":50,"caption":"Smykkesten og Fritid I\/S"}]},"product_price_amount":"45.00","product_price_currency":"DKK","og_availability":"out of stock","product_availability":"out of stock","product_retailer_item_id":"T0117-dk","product_condition":"new","geo.placename":"Frederiksv\u00e6rk","geo.position":{"lat":"55.974960","long":"12.020150"},"geo.region":"D\u00e4nemark"},"_links":{"self":[{"href":"https:\/\/www.stenogfritid.dk\/de\/wp-json\/wp\/v2\/product\/46727","targetHints":{"allow":["GET"]}}],"collection":[{"href":"https:\/\/www.stenogfritid.dk\/de\/wp-json\/wp\/v2\/product"}],"about":[{"href":"https:\/\/www.stenogfritid.dk\/de\/wp-json\/wp\/v2\/types\/product"}],"version-history":[{"count":0,"href":"https:\/\/www.stenogfritid.dk\/de\/wp-json\/wp\/v2\/product\/46727\/revisions"}],"wp:featuredmedia":[{"embeddable":true,"href":"https:\/\/www.stenogfritid.dk\/de\/wp-json\/wp\/v2\/media\/47028"}],"wp:attachment":[{"href":"https:\/\/www.stenogfritid.dk\/de\/wp-json\/wp\/v2\/media?parent=46727"}],"wp:term":[{"taxonomy":"product_brand","embeddable":true,"href":"https:\/\/www.stenogfritid.dk\/de\/wp-json\/wp\/v2\/product_brand?post=46727"},{"taxonomy":"product_cat","embeddable":true,"href":"https:\/\/www.stenogfritid.dk\/de\/wp-json\/wp\/v2\/product_cat?post=46727"},{"taxonomy":"product_tag","embeddable":true,"href":"https:\/\/www.stenogfritid.dk\/de\/wp-json\/wp\/v2\/product_tag?post=46727"}],"curies":[{"name":"wp","href":"https:\/\/api.w.org\/{rel}","templated":true}]}}