{"id":46737,"date":"2024-04-16T10:52:28","date_gmt":"2024-04-16T09:52:28","guid":{"rendered":"https:\/\/www.stenogfritid.dk\/?post_type=product&#038;p=46737"},"modified":"2024-04-16T16:22:01","modified_gmt":"2024-04-16T15:22:01","slug":"sturmhaube-junior","status":"publish","type":"product","link":"https:\/\/www.stenogfritid.dk\/de\/produkt-2\/sturmhaube-junior\/","title":{"rendered":"Storm Slipover Junior"},"content":{"rendered":"<p>Leitfaden zur Gr\u00f6\u00dfe<\/p>\n<p>Der Storm Slipover Junior sollte im Verh\u00e4ltnis zum Brustumfang eine positive Weite von etwa 10 cm haben. Die Gr\u00f6\u00dfen 1-2 (2-3) 3-4 (4-5) 5-6 (6-7) 7-8 (8-9) 9-10 (10-12) 12-14 Jahre entsprechen einem Brustumfang von etwa 53 (54) 56 (57) 59 (62) 64 (68) 72 (78) 82 cm. Die Ma\u00dfe f\u00fcr den fertigen Pullunder sind auf der Vorderseite des Schnittmusters angegeben (beachten Sie, dass diese Ma\u00dfe nur gelten, wenn die Ma\u00dfangaben eingehalten werden). Wenn der Empf\u00e4nger zum Beispiel 62 cm im Brustbereich misst, sollten Sie eine Gr\u00f6\u00dfe 6-7 Jahre stricken. Ein Pullunder in Gr\u00f6\u00dfe 6-7 Jahre hat eine Gesamtbreite von 72 cm und ergibt in diesem Beispiel eine positive Maschenprobe von 10 cm. Wenn der gemessene Brustumfang von der Altersempfehlung abweicht, sollten Sie darauf achten, die L\u00e4ngen an die Person anzupassen, f\u00fcr die Sie stricken. Das Gleiche gilt, wenn das Kind kleiner\/gr\u00f6\u00dfer ist als der Durchschnitt.<\/p>\n<p>Gr\u00f6\u00dfen: 1-2 (2-3) 3-4 (4-5) 5-6 (6-7) 7-8 (8-9) 9-10 (10-12) 12-14 Jahre<\/p>\n<p>Ma\u00dfe des \u00dcberwurfs: Breite: 60 (64) 68 (68) 72 (72) 76 (80) 84 (88) 92 cm<\/p>\n<p>L\u00e4nge Mitte R\u00fccken: 35 (36) 38 (40) 41 (43) 45 (46) 48 (51) 52 cm<\/p>\n<p>Maschenprobe: 20 Maschen x 32 Reihen im Strukturstrick auf 4 mm Nadeln = 10 x 10 cm<\/p>\n<p>Empfohlene Nadeln: 4 mm Rundstricknadel (60 und 80 cm), 3,5 mm Rundstricknadel (40, 60 oder 80 cm)<\/p>\n<p>Materialien: 150 (150-200) 200 (200) 200 (200-250) 250 (250) 300 (300) 350 g Peer Gynt aus Sandnes Garn (50 g = 91 m) oder 150 (150) 150-200 (200) 200 (200) 200-250 (250) 250 (250-300) 300 g Double Sunday aus Sandnes Garn (50 g = 108 m)<\/p>\n<p>Schwierigkeitsgrad: \u2605 \u2605 \u2605 \u2605 (3 von 5)<\/p>","protected":false},"excerpt":{"rendered":"<p>Storm Slipover Junior wird von oben nach unten gestrickt. Zuerst wird das R\u00fcckenteil gestrickt, dann werden Maschen in der Anschlagsrille des R\u00fcckenteils aufgenommen, um die Schultern zu bilden, die dann vorne zusammengef\u00fcgt werden, um das Vorderteil zu bilden. Das R\u00fcckenteil und das Vorderteil werden unter dem Armausschnitt verbunden, um den K\u00f6rper zu bilden, der auf Rundstricknadeln in der Runde gestrickt wird. Entlang des Halsausschnitts und des Armausschnitts werden gerippte Kanten gestrickt. Machen Sie eine Probe, um zu pr\u00fcfen, welche Nadelst\u00e4rke Sie f\u00fcr die richtige Maschenprobe ben\u00f6tigen. Sie k\u00f6nnen eine Abmusterung nach dem Diagramm im Muster anfertigen.<\/p>","protected":false},"featured_media":47023,"template":"","meta":{"_acf_changed":false},"product_brand":[],"product_cat":[1307],"product_tag":[],"class_list":{"0":"post-46737","1":"product","2":"type-product","3":"status-publish","4":"has-post-thumbnail","6":"product_cat-petiteknit_baby_boern","8":"first","9":"outofstock","10":"taxable","11":"shipping-taxable","12":"purchasable","13":"product-type-simple"},"acf":[],"yoast_head":"<!-- This site is optimized with the Yoast SEO Premium plugin v21.7 (Yoast SEO v27.5) - https:\/\/yoast.com\/product\/yoast-seo-premium-wordpress\/ -->\n<title>Storm Slipover Junior - Smykkesten og Fritid<\/title>\n<meta name=\"description\" content=\"Storm Slipover Junior\" \/>\n<meta name=\"robots\" content=\"index, follow, max-snippet:-1, max-image-preview:large, max-video-preview:-1\" \/>\n<link rel=\"canonical\" href=\"https:\/\/www.stenogfritid.dk\/de\/produkt-2\/sturmhaube-junior\/\" \/>\n<meta property=\"og:locale\" content=\"de_DE\" \/>\n<meta property=\"og:type\" content=\"article\" \/>\n<meta property=\"og:title\" content=\"Storm Slipover Junior\" \/>\n<meta property=\"og:description\" content=\"Storm Slipover Junior\" \/>\n<meta property=\"og:url\" content=\"https:\/\/www.stenogfritid.dk\/de\/produkt-2\/sturmhaube-junior\/\" \/>\n<meta property=\"og:site_name\" content=\"Smykkesten og Fritid\" \/>\n<meta property=\"article:publisher\" content=\"http:\/\/www.facebook.com\/smykkestenogfritid\" \/>\n<meta property=\"article:modified_time\" content=\"2024-04-16T15:22:01+00:00\" \/>\n<meta property=\"og:image\" content=\"https:\/\/www.stenogfritid.dk\/wp-content\/uploads\/2024\/04\/stormslipoverjuniorithy3_1500x1500.webp\" \/>\n\t<meta property=\"og:image:width\" content=\"400\" \/>\n\t<meta property=\"og:image:height\" content=\"500\" \/>\n\t<meta property=\"og:image:type\" content=\"image\/webp\" \/>\n<meta name=\"twitter:label1\" content=\"Preis\" \/>\n\t<meta name=\"twitter:data1\" content=\"45,00&nbsp;DKK\" \/>\n\t<meta name=\"twitter:label2\" content=\"Verf\u00fcgbarkeit\" \/>\n\t<meta name=\"twitter:data2\" content=\"ausverkauft\" \/>\n<script type=\"application\/ld+json\" class=\"yoast-schema-graph\">{\"@context\":\"https:\\\/\\\/schema.org\",\"@graph\":[{\"@type\":\"WebPage\",\"@id\":\"https:\\\/\\\/www.stenogfritid.dk\\\/vare\\\/storm-slipover-junior\\\/\",\"url\":\"https:\\\/\\\/www.stenogfritid.dk\\\/vare\\\/storm-slipover-junior\\\/\",\"name\":\"Storm Slipover Junior - Smykkesten og Fritid\",\"isPartOf\":{\"@id\":\"https:\\\/\\\/www.stenogfritid.dk\\\/#website\"},\"primaryImageOfPage\":{\"@id\":\"https:\\\/\\\/www.stenogfritid.dk\\\/vare\\\/storm-slipover-junior\\\/#primaryimage\"},\"image\":{\"@id\":\"https:\\\/\\\/www.stenogfritid.dk\\\/vare\\\/storm-slipover-junior\\\/#primaryimage\"},\"thumbnailUrl\":\"https:\\\/\\\/www.stenogfritid.dk\\\/wp-content\\\/uploads\\\/2024\\\/04\\\/stormslipoverjuniorithy3_1500x1500.webp\",\"datePublished\":\"2024-04-16T09:52:28+00:00\",\"dateModified\":\"2024-04-16T15:22:01+00:00\",\"description\":\"Storm Slipover Junior\",\"breadcrumb\":{\"@id\":\"https:\\\/\\\/www.stenogfritid.dk\\\/vare\\\/storm-slipover-junior\\\/#breadcrumb\"},\"inLanguage\":\"de\",\"potentialAction\":[{\"@type\":\"ReadAction\",\"target\":[\"https:\\\/\\\/www.stenogfritid.dk\\\/vare\\\/storm-slipover-junior\\\/\"]}]},{\"@type\":\"ImageObject\",\"inLanguage\":\"de\",\"@id\":\"https:\\\/\\\/www.stenogfritid.dk\\\/vare\\\/storm-slipover-junior\\\/#primaryimage\",\"url\":\"https:\\\/\\\/www.stenogfritid.dk\\\/wp-content\\\/uploads\\\/2024\\\/04\\\/stormslipoverjuniorithy3_1500x1500.webp\",\"contentUrl\":\"https:\\\/\\\/www.stenogfritid.dk\\\/wp-content\\\/uploads\\\/2024\\\/04\\\/stormslipoverjuniorithy3_1500x1500.webp\",\"width\":400,\"height\":500},{\"@type\":\"BreadcrumbList\",\"@id\":\"https:\\\/\\\/www.stenogfritid.dk\\\/vare\\\/storm-slipover-junior\\\/#breadcrumb\",\"itemListElement\":[{\"@type\":\"ListItem\",\"position\":1,\"name\":\"Hjem\",\"item\":\"https:\\\/\\\/www.stenogfritid.dk\\\/\"},{\"@type\":\"ListItem\",\"position\":2,\"name\":\"Shop\",\"item\":\"https:\\\/\\\/www.stenogfritid.dk\\\/shop\\\/\"},{\"@type\":\"ListItem\",\"position\":3,\"name\":\"Storm Slipover Junior\"}]},{\"@type\":\"WebSite\",\"@id\":\"https:\\\/\\\/www.stenogfritid.dk\\\/#website\",\"url\":\"https:\\\/\\\/www.stenogfritid.dk\\\/\",\"name\":\"Smykkesten og Fritid\",\"description\":\"Garn, Krystyaller, Stenslibning, Smykkematerialer\",\"publisher\":{\"@id\":\"https:\\\/\\\/www.stenogfritid.dk\\\/#organization\"},\"potentialAction\":[{\"@type\":\"SearchAction\",\"target\":{\"@type\":\"EntryPoint\",\"urlTemplate\":\"https:\\\/\\\/www.stenogfritid.dk\\\/?s={search_term_string}\"},\"query-input\":{\"@type\":\"PropertyValueSpecification\",\"valueRequired\":true,\"valueName\":\"search_term_string\"}}],\"inLanguage\":\"de\"},{\"@type\":[\"Organization\",\"Place\",\"Store\"],\"@id\":\"https:\\\/\\\/www.stenogfritid.dk\\\/#organization\",\"name\":\"Smykkesten og Fritid I\\\/S\",\"alternateName\":\"www.stenogfritid.dk\",\"url\":\"https:\\\/\\\/www.stenogfritid.dk\\\/\",\"logo\":{\"@id\":\"https:\\\/\\\/www.stenogfritid.dk\\\/vare\\\/storm-slipover-junior\\\/#local-main-organization-logo\"},\"image\":{\"@id\":\"https:\\\/\\\/www.stenogfritid.dk\\\/vare\\\/storm-slipover-junior\\\/#local-main-organization-logo\"},\"sameAs\":[\"http:\\\/\\\/www.facebook.com\\\/smykkestenogfritid\"],\"ownershipFundingInfo\":\"https:\\\/\\\/www.stenogfritid.dk\\\/handelsbetingelser\\\/\",\"address\":{\"@id\":\"https:\\\/\\\/www.stenogfritid.dk\\\/vare\\\/storm-slipover-junior\\\/#local-main-place-address\"},\"geo\":{\"@type\":\"GeoCoordinates\",\"latitude\":\"55.974960\",\"longitude\":\"12.020150\"},\"openingHoursSpecification\":[{\"@type\":\"OpeningHoursSpecification\",\"dayOfWeek\":[\"Monday\",\"Sunday\"],\"opens\":\"00:00\",\"closes\":\"00:00\"},{\"@type\":\"OpeningHoursSpecification\",\"dayOfWeek\":[\"Tuesday\",\"Wednesday\",\"Thursday\"],\"opens\":\"10:00\",\"closes\":\"17:30\"},{\"@type\":\"OpeningHoursSpecification\",\"dayOfWeek\":[\"Friday\"],\"opens\":\"10:00\",\"closes\":\"18:00\"},{\"@type\":\"OpeningHoursSpecification\",\"dayOfWeek\":[\"Saturday\"],\"opens\":\"10:00\",\"closes\":\"14:00\"}],\"email\":\"kontakt@stenogfritid.dk\",\"vatID\":\"DK34386641\",\"priceRange\":\"$$\"},{\"@type\":\"PostalAddress\",\"@id\":\"https:\\\/\\\/www.stenogfritid.dk\\\/vare\\\/storm-slipover-junior\\\/#local-main-place-address\",\"streetAddress\":\"N\u00f8rregade 28A\",\"addressLocality\":\"Frederiksv\u00e6rk\",\"postalCode\":\"3300\",\"addressCountry\":\"DK\"},{\"@type\":\"ImageObject\",\"inLanguage\":\"de\",\"@id\":\"https:\\\/\\\/www.stenogfritid.dk\\\/vare\\\/storm-slipover-junior\\\/#local-main-organization-logo\",\"url\":\"https:\\\/\\\/www.stenogfritid.dk\\\/wp-content\\\/uploads\\\/2021\\\/12\\\/Smykkesten-LOGO_krk.png\",\"contentUrl\":\"https:\\\/\\\/www.stenogfritid.dk\\\/wp-content\\\/uploads\\\/2021\\\/12\\\/Smykkesten-LOGO_krk.png\",\"width\":361,\"height\":50,\"caption\":\"Smykkesten og Fritid I\\\/S\"}]}<\/script>\n<meta property=\"product:price:amount\" content=\"45.00\" \/>\n<meta property=\"product:price:currency\" content=\"DKK\" \/>\n<meta property=\"og:availability\" content=\"out of stock\" \/>\n<meta property=\"product:availability\" content=\"out of stock\" \/>\n<meta property=\"product:retailer_item_id\" content=\"T0282-dk\" \/>\n<meta property=\"product:condition\" content=\"new\" \/>\n<meta name=\"geo.placename\" content=\"Frederiksv\u00e6rk\" \/>\n<meta name=\"geo.position\" content=\"55.974960;12.020150\" \/>\n<meta name=\"geo.region\" content=\"D\u00e4nemark\" \/>\n<!-- \/ Yoast SEO Premium plugin. -->","yoast_head_json":{"title":"Storm Slipover Junior - Schmuck und Freizeit","description":"Storm Slipover Junior","robots":{"index":"index","follow":"follow","max-snippet":"max-snippet:-1","max-image-preview":"max-image-preview:large","max-video-preview":"max-video-preview:-1"},"canonical":"https:\/\/www.stenogfritid.dk\/de\/produkt-2\/sturmhaube-junior\/","og_locale":"de_DE","og_type":"article","og_title":"Storm Slipover Junior","og_description":"Storm Slipover Junior","og_url":"https:\/\/www.stenogfritid.dk\/de\/produkt-2\/sturmhaube-junior\/","og_site_name":"Smykkesten og Fritid","article_publisher":"http:\/\/www.facebook.com\/smykkestenogfritid","article_modified_time":"2024-04-16T15:22:01+00:00","og_image":[{"width":400,"height":500,"url":"https:\/\/www.stenogfritid.dk\/wp-content\/uploads\/2024\/04\/stormslipoverjuniorithy3_1500x1500.webp","type":"image\/webp"}],"twitter_misc":{"Preis":"45,00&nbsp;DKK","Verf\u00fcgbarkeit":"ausverkauft"},"schema":{"@context":"https:\/\/schema.org","@graph":[{"@type":"WebPage","@id":"https:\/\/www.stenogfritid.dk\/vare\/storm-slipover-junior\/","url":"https:\/\/www.stenogfritid.dk\/vare\/storm-slipover-junior\/","name":"Storm Slipover Junior - Schmuck und Freizeit","isPartOf":{"@id":"https:\/\/www.stenogfritid.dk\/#website"},"primaryImageOfPage":{"@id":"https:\/\/www.stenogfritid.dk\/vare\/storm-slipover-junior\/#primaryimage"},"image":{"@id":"https:\/\/www.stenogfritid.dk\/vare\/storm-slipover-junior\/#primaryimage"},"thumbnailUrl":"https:\/\/www.stenogfritid.dk\/wp-content\/uploads\/2024\/04\/stormslipoverjuniorithy3_1500x1500.webp","datePublished":"2024-04-16T09:52:28+00:00","dateModified":"2024-04-16T15:22:01+00:00","description":"Storm Slipover Junior","breadcrumb":{"@id":"https:\/\/www.stenogfritid.dk\/vare\/storm-slipover-junior\/#breadcrumb"},"inLanguage":"de","potentialAction":[{"@type":"ReadAction","target":["https:\/\/www.stenogfritid.dk\/vare\/storm-slipover-junior\/"]}]},{"@type":"ImageObject","inLanguage":"de","@id":"https:\/\/www.stenogfritid.dk\/vare\/storm-slipover-junior\/#primaryimage","url":"https:\/\/www.stenogfritid.dk\/wp-content\/uploads\/2024\/04\/stormslipoverjuniorithy3_1500x1500.webp","contentUrl":"https:\/\/www.stenogfritid.dk\/wp-content\/uploads\/2024\/04\/stormslipoverjuniorithy3_1500x1500.webp","width":400,"height":500},{"@type":"BreadcrumbList","@id":"https:\/\/www.stenogfritid.dk\/vare\/storm-slipover-junior\/#breadcrumb","itemListElement":[{"@type":"ListItem","position":1,"name":"Hjem","item":"https:\/\/www.stenogfritid.dk\/"},{"@type":"ListItem","position":2,"name":"Shop","item":"https:\/\/www.stenogfritid.dk\/shop\/"},{"@type":"ListItem","position":3,"name":"Storm Slipover Junior"}]},{"@type":"WebSite","@id":"https:\/\/www.stenogfritid.dk\/#website","url":"https:\/\/www.stenogfritid.dk\/","name":"Edelsteine und Freizeit","description":"Garne, Kristalle, Steinschleifen, Schmuckmaterialien","publisher":{"@id":"https:\/\/www.stenogfritid.dk\/#organization"},"potentialAction":[{"@type":"SearchAction","target":{"@type":"EntryPoint","urlTemplate":"https:\/\/www.stenogfritid.dk\/?s={search_term_string}"},"query-input":{"@type":"PropertyValueSpecification","valueRequired":true,"valueName":"search_term_string"}}],"inLanguage":"de"},{"@type":["Organization","Place","Store"],"@id":"https:\/\/www.stenogfritid.dk\/#organization","name":"Schmuck und Freizeit I\/S","alternateName":"www.stenogfritid.dk","url":"https:\/\/www.stenogfritid.dk\/","logo":{"@id":"https:\/\/www.stenogfritid.dk\/vare\/storm-slipover-junior\/#local-main-organization-logo"},"image":{"@id":"https:\/\/www.stenogfritid.dk\/vare\/storm-slipover-junior\/#local-main-organization-logo"},"sameAs":["http:\/\/www.facebook.com\/smykkestenogfritid"],"ownershipFundingInfo":"https:\/\/www.stenogfritid.dk\/handelsbetingelser\/","address":{"@id":"https:\/\/www.stenogfritid.dk\/vare\/storm-slipover-junior\/#local-main-place-address"},"geo":{"@type":"GeoCoordinates","latitude":"55.974960","longitude":"12.020150"},"openingHoursSpecification":[{"@type":"OpeningHoursSpecification","dayOfWeek":["Monday","Sunday"],"opens":"00:00","closes":"00:00"},{"@type":"OpeningHoursSpecification","dayOfWeek":["Tuesday","Wednesday","Thursday"],"opens":"10:00","closes":"17:30"},{"@type":"OpeningHoursSpecification","dayOfWeek":["Friday"],"opens":"10:00","closes":"18:00"},{"@type":"OpeningHoursSpecification","dayOfWeek":["Saturday"],"opens":"10:00","closes":"14:00"}],"email":"kontakt@stenogfritid.dk","vatID":"DK34386641","priceRange":"$$"},{"@type":"PostalAddress","@id":"https:\/\/www.stenogfritid.dk\/vare\/storm-slipover-junior\/#local-main-place-address","streetAddress":"N\u00f8rregade 28A","addressLocality":"Frederiksv\u00e6rk","postalCode":"3300","addressCountry":"DK"},{"@type":"ImageObject","inLanguage":"de","@id":"https:\/\/www.stenogfritid.dk\/vare\/storm-slipover-junior\/#local-main-organization-logo","url":"https:\/\/www.stenogfritid.dk\/wp-content\/uploads\/2021\/12\/Smykkesten-LOGO_krk.png","contentUrl":"https:\/\/www.stenogfritid.dk\/wp-content\/uploads\/2021\/12\/Smykkesten-LOGO_krk.png","width":361,"height":50,"caption":"Smykkesten og Fritid I\/S"}]},"product_price_amount":"45.00","product_price_currency":"DKK","og_availability":"out of stock","product_availability":"out of stock","product_retailer_item_id":"T0282-dk","product_condition":"new","geo.placename":"Frederiksv\u00e6rk","geo.position":{"lat":"55.974960","long":"12.020150"},"geo.region":"D\u00e4nemark"},"_links":{"self":[{"href":"https:\/\/www.stenogfritid.dk\/de\/wp-json\/wp\/v2\/product\/46737","targetHints":{"allow":["GET"]}}],"collection":[{"href":"https:\/\/www.stenogfritid.dk\/de\/wp-json\/wp\/v2\/product"}],"about":[{"href":"https:\/\/www.stenogfritid.dk\/de\/wp-json\/wp\/v2\/types\/product"}],"version-history":[{"count":0,"href":"https:\/\/www.stenogfritid.dk\/de\/wp-json\/wp\/v2\/product\/46737\/revisions"}],"wp:featuredmedia":[{"embeddable":true,"href":"https:\/\/www.stenogfritid.dk\/de\/wp-json\/wp\/v2\/media\/47023"}],"wp:attachment":[{"href":"https:\/\/www.stenogfritid.dk\/de\/wp-json\/wp\/v2\/media?parent=46737"}],"wp:term":[{"taxonomy":"product_brand","embeddable":true,"href":"https:\/\/www.stenogfritid.dk\/de\/wp-json\/wp\/v2\/product_brand?post=46737"},{"taxonomy":"product_cat","embeddable":true,"href":"https:\/\/www.stenogfritid.dk\/de\/wp-json\/wp\/v2\/product_cat?post=46737"},{"taxonomy":"product_tag","embeddable":true,"href":"https:\/\/www.stenogfritid.dk\/de\/wp-json\/wp\/v2\/product_tag?post=46737"}],"curies":[{"name":"wp","href":"https:\/\/api.w.org\/{rel}","templated":true}]}}