{"id":46779,"date":"2024-04-16T10:52:42","date_gmt":"2024-04-16T09:52:42","guid":{"rendered":"https:\/\/www.stenogfritid.dk\/?post_type=product&#038;p=46779"},"modified":"2024-04-16T15:44:21","modified_gmt":"2024-04-16T14:44:21","slug":"technicolour-kissen","status":"publish","type":"product","link":"https:\/\/www.stenogfritid.dk\/de\/produkt-2\/technicolour-kissen\/","title":{"rendered":"Technicolor-Kissen"},"content":{"rendered":"<p>Abmessungen: 40 x 40 cm (50 x 50 cm) 40 x 60 cm<\/p>\n<p>Maschenprobe: 24 Maschen x 45 Reihen mit drei Str\u00e4ngen auf einer 5 mm Nadel = 10 x 10 cm<\/p>\n<p>Empfohlene Nadeln: 5 mm Rundstricknadel (80 cm)<\/p>\n<p>Materialien: Insgesamt ca. 178 (286) 276 g Sonntag aus Sandnes Garn (50 g = 235 m), aufgeteilt in die Farben A: ca. 55 (85) 83 g, B: ca. 33 (55) 52 g, C: ca. 60 (95) 92 g, D: ca. 30 (51) 49 g.<\/p>\n<p>Unterlegstoff 42 x 42 cm (52 x 52 cm) 42 x 62 cm<\/p>\n<p>Schwierigkeitsgrad: \u2605 \u2605\u2605 (2 von 5)<\/p>","protected":false},"excerpt":{"rendered":"<p>Das Technicolor Pillow wird im Webstuhl hin und her gestrickt. Die R\u00fcckseite des Kissens ist aus Stoff gefertigt. Die Vorder- und R\u00fcckseite werden am Ende zusammengen\u00e4ht.<\/p>\n<p>Die Farbwechsel sind im Muster ausf\u00fchrlich beschrieben. Stricken Sie das Kissen in Ihren Lieblingsfarben und folgen Sie sklavisch den Beschreibungen der Farb\u00fcberg\u00e4nge oder nutzen Sie sie als Anleitung und Inspiration f\u00fcr Ihre eigene Interpretation des Kissens.<\/p>","protected":false},"featured_media":46984,"template":"","meta":{"_acf_changed":false},"product_brand":[],"product_cat":[1309],"product_tag":[],"class_list":{"0":"post-46779","1":"product","2":"type-product","3":"status-publish","4":"has-post-thumbnail","6":"product_cat-petiteknit_tilbeoer","8":"first","9":"outofstock","10":"taxable","11":"shipping-taxable","12":"purchasable","13":"product-type-simple"},"acf":[],"yoast_head":"<!-- This site is optimized with the Yoast SEO Premium plugin v21.7 (Yoast SEO v27.5) - https:\/\/yoast.com\/product\/yoast-seo-premium-wordpress\/ -->\n<title>Technicolor Pillow - Smykkesten og Fritid<\/title>\n<meta name=\"description\" content=\"Technicolor Pillow\" \/>\n<meta name=\"robots\" content=\"index, follow, max-snippet:-1, max-image-preview:large, max-video-preview:-1\" \/>\n<link rel=\"canonical\" href=\"https:\/\/www.stenogfritid.dk\/de\/produkt-2\/technicolour-kissen\/\" \/>\n<meta property=\"og:locale\" content=\"de_DE\" \/>\n<meta property=\"og:type\" content=\"article\" \/>\n<meta property=\"og:title\" content=\"Technicolor Pillow\" \/>\n<meta property=\"og:description\" content=\"Technicolor Pillow\" \/>\n<meta property=\"og:url\" content=\"https:\/\/www.stenogfritid.dk\/de\/produkt-2\/technicolour-kissen\/\" \/>\n<meta property=\"og:site_name\" content=\"Smykkesten og Fritid\" \/>\n<meta property=\"article:publisher\" content=\"http:\/\/www.facebook.com\/smykkestenogfritid\" \/>\n<meta property=\"article:modified_time\" content=\"2024-04-16T14:44:21+00:00\" \/>\n<meta property=\"og:image\" content=\"https:\/\/www.stenogfritid.dk\/wp-content\/uploads\/2024\/04\/technicolorpillow_5832_f58fc8aa-2790-4762-8b00-72475474db1e_1500x1500.webp\" \/>\n\t<meta property=\"og:image:width\" content=\"400\" \/>\n\t<meta property=\"og:image:height\" content=\"500\" \/>\n\t<meta property=\"og:image:type\" content=\"image\/webp\" \/>\n<meta name=\"twitter:label1\" content=\"Preis\" \/>\n\t<meta name=\"twitter:data1\" content=\"30,00&nbsp;DKK\" \/>\n\t<meta name=\"twitter:label2\" content=\"Verf\u00fcgbarkeit\" \/>\n\t<meta name=\"twitter:data2\" content=\"ausverkauft\" \/>\n<script type=\"application\/ld+json\" class=\"yoast-schema-graph\">{\"@context\":\"https:\\\/\\\/schema.org\",\"@graph\":[{\"@type\":\"WebPage\",\"@id\":\"https:\\\/\\\/www.stenogfritid.dk\\\/vare\\\/technicolor-pillow\\\/\",\"url\":\"https:\\\/\\\/www.stenogfritid.dk\\\/vare\\\/technicolor-pillow\\\/\",\"name\":\"Technicolor Pillow - Smykkesten og Fritid\",\"isPartOf\":{\"@id\":\"https:\\\/\\\/www.stenogfritid.dk\\\/#website\"},\"primaryImageOfPage\":{\"@id\":\"https:\\\/\\\/www.stenogfritid.dk\\\/vare\\\/technicolor-pillow\\\/#primaryimage\"},\"image\":{\"@id\":\"https:\\\/\\\/www.stenogfritid.dk\\\/vare\\\/technicolor-pillow\\\/#primaryimage\"},\"thumbnailUrl\":\"https:\\\/\\\/www.stenogfritid.dk\\\/wp-content\\\/uploads\\\/2024\\\/04\\\/technicolorpillow_5832_f58fc8aa-2790-4762-8b00-72475474db1e_1500x1500.webp\",\"datePublished\":\"2024-04-16T09:52:42+00:00\",\"dateModified\":\"2024-04-16T14:44:21+00:00\",\"description\":\"Technicolor Pillow\",\"breadcrumb\":{\"@id\":\"https:\\\/\\\/www.stenogfritid.dk\\\/vare\\\/technicolor-pillow\\\/#breadcrumb\"},\"inLanguage\":\"de\",\"potentialAction\":[{\"@type\":\"ReadAction\",\"target\":[\"https:\\\/\\\/www.stenogfritid.dk\\\/vare\\\/technicolor-pillow\\\/\"]}]},{\"@type\":\"ImageObject\",\"inLanguage\":\"de\",\"@id\":\"https:\\\/\\\/www.stenogfritid.dk\\\/vare\\\/technicolor-pillow\\\/#primaryimage\",\"url\":\"https:\\\/\\\/www.stenogfritid.dk\\\/wp-content\\\/uploads\\\/2024\\\/04\\\/technicolorpillow_5832_f58fc8aa-2790-4762-8b00-72475474db1e_1500x1500.webp\",\"contentUrl\":\"https:\\\/\\\/www.stenogfritid.dk\\\/wp-content\\\/uploads\\\/2024\\\/04\\\/technicolorpillow_5832_f58fc8aa-2790-4762-8b00-72475474db1e_1500x1500.webp\",\"width\":400,\"height\":500},{\"@type\":\"BreadcrumbList\",\"@id\":\"https:\\\/\\\/www.stenogfritid.dk\\\/vare\\\/technicolor-pillow\\\/#breadcrumb\",\"itemListElement\":[{\"@type\":\"ListItem\",\"position\":1,\"name\":\"Hjem\",\"item\":\"https:\\\/\\\/www.stenogfritid.dk\\\/\"},{\"@type\":\"ListItem\",\"position\":2,\"name\":\"Shop\",\"item\":\"https:\\\/\\\/www.stenogfritid.dk\\\/shop\\\/\"},{\"@type\":\"ListItem\",\"position\":3,\"name\":\"Technicolor Pillow\"}]},{\"@type\":\"WebSite\",\"@id\":\"https:\\\/\\\/www.stenogfritid.dk\\\/#website\",\"url\":\"https:\\\/\\\/www.stenogfritid.dk\\\/\",\"name\":\"Smykkesten og Fritid\",\"description\":\"Garn, Krystyaller, Stenslibning, Smykkematerialer\",\"publisher\":{\"@id\":\"https:\\\/\\\/www.stenogfritid.dk\\\/#organization\"},\"potentialAction\":[{\"@type\":\"SearchAction\",\"target\":{\"@type\":\"EntryPoint\",\"urlTemplate\":\"https:\\\/\\\/www.stenogfritid.dk\\\/?s={search_term_string}\"},\"query-input\":{\"@type\":\"PropertyValueSpecification\",\"valueRequired\":true,\"valueName\":\"search_term_string\"}}],\"inLanguage\":\"de\"},{\"@type\":[\"Organization\",\"Place\",\"Store\"],\"@id\":\"https:\\\/\\\/www.stenogfritid.dk\\\/#organization\",\"name\":\"Smykkesten og Fritid I\\\/S\",\"alternateName\":\"www.stenogfritid.dk\",\"url\":\"https:\\\/\\\/www.stenogfritid.dk\\\/\",\"logo\":{\"@id\":\"https:\\\/\\\/www.stenogfritid.dk\\\/vare\\\/technicolor-pillow\\\/#local-main-organization-logo\"},\"image\":{\"@id\":\"https:\\\/\\\/www.stenogfritid.dk\\\/vare\\\/technicolor-pillow\\\/#local-main-organization-logo\"},\"sameAs\":[\"http:\\\/\\\/www.facebook.com\\\/smykkestenogfritid\"],\"ownershipFundingInfo\":\"https:\\\/\\\/www.stenogfritid.dk\\\/handelsbetingelser\\\/\",\"address\":{\"@id\":\"https:\\\/\\\/www.stenogfritid.dk\\\/vare\\\/technicolor-pillow\\\/#local-main-place-address\"},\"geo\":{\"@type\":\"GeoCoordinates\",\"latitude\":\"55.974960\",\"longitude\":\"12.020150\"},\"openingHoursSpecification\":[{\"@type\":\"OpeningHoursSpecification\",\"dayOfWeek\":[\"Monday\",\"Sunday\"],\"opens\":\"00:00\",\"closes\":\"00:00\"},{\"@type\":\"OpeningHoursSpecification\",\"dayOfWeek\":[\"Tuesday\",\"Wednesday\",\"Thursday\"],\"opens\":\"10:00\",\"closes\":\"17:30\"},{\"@type\":\"OpeningHoursSpecification\",\"dayOfWeek\":[\"Friday\"],\"opens\":\"10:00\",\"closes\":\"18:00\"},{\"@type\":\"OpeningHoursSpecification\",\"dayOfWeek\":[\"Saturday\"],\"opens\":\"10:00\",\"closes\":\"14:00\"}],\"email\":\"kontakt@stenogfritid.dk\",\"vatID\":\"DK34386641\",\"priceRange\":\"$$\"},{\"@type\":\"PostalAddress\",\"@id\":\"https:\\\/\\\/www.stenogfritid.dk\\\/vare\\\/technicolor-pillow\\\/#local-main-place-address\",\"streetAddress\":\"N\u00f8rregade 28A\",\"addressLocality\":\"Frederiksv\u00e6rk\",\"postalCode\":\"3300\",\"addressCountry\":\"DK\"},{\"@type\":\"ImageObject\",\"inLanguage\":\"de\",\"@id\":\"https:\\\/\\\/www.stenogfritid.dk\\\/vare\\\/technicolor-pillow\\\/#local-main-organization-logo\",\"url\":\"https:\\\/\\\/www.stenogfritid.dk\\\/wp-content\\\/uploads\\\/2021\\\/12\\\/Smykkesten-LOGO_krk.png\",\"contentUrl\":\"https:\\\/\\\/www.stenogfritid.dk\\\/wp-content\\\/uploads\\\/2021\\\/12\\\/Smykkesten-LOGO_krk.png\",\"width\":361,\"height\":50,\"caption\":\"Smykkesten og Fritid I\\\/S\"}]}<\/script>\n<meta property=\"product:price:amount\" content=\"30.00\" \/>\n<meta property=\"product:price:currency\" content=\"DKK\" \/>\n<meta property=\"og:availability\" content=\"out of stock\" \/>\n<meta property=\"product:availability\" content=\"out of stock\" \/>\n<meta property=\"product:retailer_item_id\" content=\"T0198-dk\" \/>\n<meta property=\"product:condition\" content=\"new\" \/>\n<meta name=\"geo.placename\" content=\"Frederiksv\u00e6rk\" \/>\n<meta name=\"geo.position\" content=\"55.974960;12.020150\" \/>\n<meta name=\"geo.region\" content=\"D\u00e4nemark\" \/>\n<!-- \/ Yoast SEO Premium plugin. -->","yoast_head_json":{"title":"Technicolor Pillow - Schmuck und Freizeit","description":"Technicolor-Kissen","robots":{"index":"index","follow":"follow","max-snippet":"max-snippet:-1","max-image-preview":"max-image-preview:large","max-video-preview":"max-video-preview:-1"},"canonical":"https:\/\/www.stenogfritid.dk\/de\/produkt-2\/technicolour-kissen\/","og_locale":"de_DE","og_type":"article","og_title":"Technicolor Pillow","og_description":"Technicolor Pillow","og_url":"https:\/\/www.stenogfritid.dk\/de\/produkt-2\/technicolour-kissen\/","og_site_name":"Smykkesten og Fritid","article_publisher":"http:\/\/www.facebook.com\/smykkestenogfritid","article_modified_time":"2024-04-16T14:44:21+00:00","og_image":[{"width":400,"height":500,"url":"https:\/\/www.stenogfritid.dk\/wp-content\/uploads\/2024\/04\/technicolorpillow_5832_f58fc8aa-2790-4762-8b00-72475474db1e_1500x1500.webp","type":"image\/webp"}],"twitter_misc":{"Preis":"30,00&nbsp;DKK","Verf\u00fcgbarkeit":"ausverkauft"},"schema":{"@context":"https:\/\/schema.org","@graph":[{"@type":"WebPage","@id":"https:\/\/www.stenogfritid.dk\/vare\/technicolor-pillow\/","url":"https:\/\/www.stenogfritid.dk\/vare\/technicolor-pillow\/","name":"Technicolor Pillow - Schmuck und Freizeit","isPartOf":{"@id":"https:\/\/www.stenogfritid.dk\/#website"},"primaryImageOfPage":{"@id":"https:\/\/www.stenogfritid.dk\/vare\/technicolor-pillow\/#primaryimage"},"image":{"@id":"https:\/\/www.stenogfritid.dk\/vare\/technicolor-pillow\/#primaryimage"},"thumbnailUrl":"https:\/\/www.stenogfritid.dk\/wp-content\/uploads\/2024\/04\/technicolorpillow_5832_f58fc8aa-2790-4762-8b00-72475474db1e_1500x1500.webp","datePublished":"2024-04-16T09:52:42+00:00","dateModified":"2024-04-16T14:44:21+00:00","description":"Technicolor-Kissen","breadcrumb":{"@id":"https:\/\/www.stenogfritid.dk\/vare\/technicolor-pillow\/#breadcrumb"},"inLanguage":"de","potentialAction":[{"@type":"ReadAction","target":["https:\/\/www.stenogfritid.dk\/vare\/technicolor-pillow\/"]}]},{"@type":"ImageObject","inLanguage":"de","@id":"https:\/\/www.stenogfritid.dk\/vare\/technicolor-pillow\/#primaryimage","url":"https:\/\/www.stenogfritid.dk\/wp-content\/uploads\/2024\/04\/technicolorpillow_5832_f58fc8aa-2790-4762-8b00-72475474db1e_1500x1500.webp","contentUrl":"https:\/\/www.stenogfritid.dk\/wp-content\/uploads\/2024\/04\/technicolorpillow_5832_f58fc8aa-2790-4762-8b00-72475474db1e_1500x1500.webp","width":400,"height":500},{"@type":"BreadcrumbList","@id":"https:\/\/www.stenogfritid.dk\/vare\/technicolor-pillow\/#breadcrumb","itemListElement":[{"@type":"ListItem","position":1,"name":"Hjem","item":"https:\/\/www.stenogfritid.dk\/"},{"@type":"ListItem","position":2,"name":"Shop","item":"https:\/\/www.stenogfritid.dk\/shop\/"},{"@type":"ListItem","position":3,"name":"Technicolor Pillow"}]},{"@type":"WebSite","@id":"https:\/\/www.stenogfritid.dk\/#website","url":"https:\/\/www.stenogfritid.dk\/","name":"Edelsteine und Freizeit","description":"Garne, Kristalle, Steinschleifen, Schmuckmaterialien","publisher":{"@id":"https:\/\/www.stenogfritid.dk\/#organization"},"potentialAction":[{"@type":"SearchAction","target":{"@type":"EntryPoint","urlTemplate":"https:\/\/www.stenogfritid.dk\/?s={search_term_string}"},"query-input":{"@type":"PropertyValueSpecification","valueRequired":true,"valueName":"search_term_string"}}],"inLanguage":"de"},{"@type":["Organization","Place","Store"],"@id":"https:\/\/www.stenogfritid.dk\/#organization","name":"Schmuck und Freizeit I\/S","alternateName":"www.stenogfritid.dk","url":"https:\/\/www.stenogfritid.dk\/","logo":{"@id":"https:\/\/www.stenogfritid.dk\/vare\/technicolor-pillow\/#local-main-organization-logo"},"image":{"@id":"https:\/\/www.stenogfritid.dk\/vare\/technicolor-pillow\/#local-main-organization-logo"},"sameAs":["http:\/\/www.facebook.com\/smykkestenogfritid"],"ownershipFundingInfo":"https:\/\/www.stenogfritid.dk\/handelsbetingelser\/","address":{"@id":"https:\/\/www.stenogfritid.dk\/vare\/technicolor-pillow\/#local-main-place-address"},"geo":{"@type":"GeoCoordinates","latitude":"55.974960","longitude":"12.020150"},"openingHoursSpecification":[{"@type":"OpeningHoursSpecification","dayOfWeek":["Monday","Sunday"],"opens":"00:00","closes":"00:00"},{"@type":"OpeningHoursSpecification","dayOfWeek":["Tuesday","Wednesday","Thursday"],"opens":"10:00","closes":"17:30"},{"@type":"OpeningHoursSpecification","dayOfWeek":["Friday"],"opens":"10:00","closes":"18:00"},{"@type":"OpeningHoursSpecification","dayOfWeek":["Saturday"],"opens":"10:00","closes":"14:00"}],"email":"kontakt@stenogfritid.dk","vatID":"DK34386641","priceRange":"$$"},{"@type":"PostalAddress","@id":"https:\/\/www.stenogfritid.dk\/vare\/technicolor-pillow\/#local-main-place-address","streetAddress":"N\u00f8rregade 28A","addressLocality":"Frederiksv\u00e6rk","postalCode":"3300","addressCountry":"DK"},{"@type":"ImageObject","inLanguage":"de","@id":"https:\/\/www.stenogfritid.dk\/vare\/technicolor-pillow\/#local-main-organization-logo","url":"https:\/\/www.stenogfritid.dk\/wp-content\/uploads\/2021\/12\/Smykkesten-LOGO_krk.png","contentUrl":"https:\/\/www.stenogfritid.dk\/wp-content\/uploads\/2021\/12\/Smykkesten-LOGO_krk.png","width":361,"height":50,"caption":"Smykkesten og Fritid I\/S"}]},"product_price_amount":"30.00","product_price_currency":"DKK","og_availability":"out of stock","product_availability":"out of stock","product_retailer_item_id":"T0198-dk","product_condition":"new","geo.placename":"Frederiksv\u00e6rk","geo.position":{"lat":"55.974960","long":"12.020150"},"geo.region":"D\u00e4nemark"},"_links":{"self":[{"href":"https:\/\/www.stenogfritid.dk\/de\/wp-json\/wp\/v2\/product\/46779","targetHints":{"allow":["GET"]}}],"collection":[{"href":"https:\/\/www.stenogfritid.dk\/de\/wp-json\/wp\/v2\/product"}],"about":[{"href":"https:\/\/www.stenogfritid.dk\/de\/wp-json\/wp\/v2\/types\/product"}],"version-history":[{"count":0,"href":"https:\/\/www.stenogfritid.dk\/de\/wp-json\/wp\/v2\/product\/46779\/revisions"}],"wp:featuredmedia":[{"embeddable":true,"href":"https:\/\/www.stenogfritid.dk\/de\/wp-json\/wp\/v2\/media\/46984"}],"wp:attachment":[{"href":"https:\/\/www.stenogfritid.dk\/de\/wp-json\/wp\/v2\/media?parent=46779"}],"wp:term":[{"taxonomy":"product_brand","embeddable":true,"href":"https:\/\/www.stenogfritid.dk\/de\/wp-json\/wp\/v2\/product_brand?post=46779"},{"taxonomy":"product_cat","embeddable":true,"href":"https:\/\/www.stenogfritid.dk\/de\/wp-json\/wp\/v2\/product_cat?post=46779"},{"taxonomy":"product_tag","embeddable":true,"href":"https:\/\/www.stenogfritid.dk\/de\/wp-json\/wp\/v2\/product_tag?post=46779"}],"curies":[{"name":"wp","href":"https:\/\/api.w.org\/{rel}","templated":true}]}}