{"id":46799,"date":"2024-04-16T10:52:50","date_gmt":"2024-04-16T09:52:50","guid":{"rendered":"https:\/\/www.stenogfritid.dk\/?post_type=product&#038;p=46799"},"modified":"2024-04-16T15:11:31","modified_gmt":"2024-04-16T14:11:31","slug":"terrazzo-schlupfer","status":"publish","type":"product","link":"https:\/\/www.stenogfritid.dk\/de\/produkt-2\/terrazzo-schlupfer\/","title":{"rendered":"Terrazzo-Slipper"},"content":{"rendered":"<p>Leitfaden zur Gr\u00f6\u00dfe<\/p>\n<p>Der Terrazzo Slipover sollte eine positive Weite von ca. 13 cm in Bezug auf Ihren Brustumfang haben. Die Gr\u00f6\u00dfen XS (S) M (L) XL (2XL) 3XL (4XL) 5XL entsprechen einem Brustumfang von 80-85 (85-90) 90-95 (95-100) 100-110 (110-120) 120-130 (130-140) 140-150 cm. Die Ma\u00dfe des fertigen Pullovers sind auf der Vorderseite des Musters angegeben. Beachten Sie, dass diese Ma\u00dfe nur gelten, wenn die Ma\u00dfe eingehalten werden. Messen Sie sich selbst, bevor Sie mit dem Stricken beginnen, um festzustellen, welche Gr\u00f6\u00dfe Ihnen am besten passen wird. Wenn Sie z. B. 90 cm im Brustbereich (oder an der breitesten Stelle Ihres K\u00f6rpers) messen, sollten Sie eine Gr\u00f6\u00dfe S stricken. Ein Pullunder der Gr\u00f6\u00dfe S ist eine Gr\u00f6\u00dfe S. S hat eine Gesamtbreite von 103 cm und bietet in diesem Beispiel eine positive Maschenprobe von 13 cm.<\/p>\n<p>Gr\u00f6\u00dfen: XS (S) M (L) XL (2XL) 3XL (4XL) 5XL<\/p>\n<p>Breite des \u00dcberwurfs: 99 (104) 108 (113) 125 (134) 144 (153) 162 cm<\/p>\n<p>L\u00e4nge: 66 (68) 70 (70) 72 (72) 74 (74) 74 cm (gemessen Mitte R\u00fccken ohne Rollkragenpullover)<\/p>\n<p>Maschenprobe: 17 Maschen x 27 Reihen im Stockinette-Stich auf einer 4-mm-Nadel = 10 x 10 cm nach dem Waschen und Blockieren (Beachten Sie, dass das empfohlene Garn beim Waschen w\u00e4chst, daher ist es wichtig, das Muster zu waschen, bevor Sie die Maschenprobe messen)<\/p>\n<p>22 Maschen x 24 Reihen in Rippe (k1 tbl, p1 tbl) auf einer 4-mm-Nadel = 10 x 10 cm nach dem Waschen und Blocken (Ma\u00df f\u00fcr den Rollkragenpullover)<\/p>\n<p>Empfohlene Nadeln: 4 mm Rundstricknadel (40, 60 und 80 oder 100 cm)<\/p>\n<p>Materialien: 350 (400) 400 (450) 450 (450) 500 (550) 600 g peruanische Hochlandwolle von Filcolana (50 g = 100 m) zusammengestrickt mit 75-100 (100) 100 (125) 125 (125) 125 (125) 150 g Seidenmohair von Isager Yarn (25 g = 212 m) oder Thin Silk Mohair von Sandnes Garn (25 g = 212 m) oder Tilia von Filcolana (25 g = 212 m) oder Brushed Lace von Mohair By Canard (25 g = 212 m)<\/p>\n<p>Schwierigkeitsgrad: \u2605 \u2605 \u2605 \u2605 (3 von 5)<\/p>","protected":false},"excerpt":{"rendered":"<p>Der Terrazzo Slipover wird von oben nach unten gestrickt. Zuerst wird das R\u00fcckenteil gestrickt, dann die Schultern, die vorne verbunden werden, um das Vorderteil zu bilden. R\u00fccken und Vorderteil werden unter dem Armausschnitt verbunden, um den K\u00f6rper zu bilden, der auf Rundstricknadeln rund gestrickt und unten mit einem Schlitz auf jeder Seite geteilt wird. Schlie\u00dflich wird entlang des Armausschnitts ein Rippenband gestrickt, und der Rollkragen wird aus aufgenommenen Maschen entlang des Halsausschnitts gestrickt. Die Maschen im Rippenband werden verdreht gestrickt, um ihnen eine besondere Maschendefinition zu verleihen.<\/p>","protected":false},"featured_media":46951,"template":"","meta":{"_acf_changed":false},"product_brand":[],"product_cat":[1306],"product_tag":[],"class_list":{"0":"post-46799","1":"product","2":"type-product","3":"status-publish","4":"has-post-thumbnail","6":"product_cat-petiteknit_kvinde","8":"first","9":"outofstock","10":"taxable","11":"shipping-taxable","12":"purchasable","13":"product-type-simple"},"acf":[],"yoast_head":"<!-- This site is optimized with the Yoast SEO Premium plugin v21.7 (Yoast SEO v27.5) - https:\/\/yoast.com\/product\/yoast-seo-premium-wordpress\/ -->\n<title>Terrazzo Slipover - Smykkesten og Fritid<\/title>\n<meta name=\"description\" content=\"Terrazzo Slipover\" \/>\n<meta name=\"robots\" content=\"index, follow, max-snippet:-1, max-image-preview:large, max-video-preview:-1\" \/>\n<link rel=\"canonical\" href=\"https:\/\/www.stenogfritid.dk\/de\/produkt-2\/terrazzo-schlupfer\/\" \/>\n<meta property=\"og:locale\" content=\"de_DE\" \/>\n<meta property=\"og:type\" content=\"article\" \/>\n<meta property=\"og:title\" content=\"Terrazzo Slipover\" \/>\n<meta property=\"og:description\" content=\"Terrazzo Slipover\" \/>\n<meta property=\"og:url\" content=\"https:\/\/www.stenogfritid.dk\/de\/produkt-2\/terrazzo-schlupfer\/\" \/>\n<meta property=\"og:site_name\" content=\"Smykkesten og Fritid\" \/>\n<meta property=\"article:publisher\" content=\"http:\/\/www.facebook.com\/smykkestenogfritid\" \/>\n<meta property=\"article:modified_time\" content=\"2024-04-16T14:11:31+00:00\" \/>\n<meta property=\"og:image\" content=\"https:\/\/www.stenogfritid.dk\/wp-content\/uploads\/2024\/04\/terr10_b0c5fb25-62f5-4f6f-84f0-e22d687b793a_1500x1500.jpg\" \/>\n\t<meta property=\"og:image:width\" content=\"400\" \/>\n\t<meta property=\"og:image:height\" content=\"500\" \/>\n\t<meta property=\"og:image:type\" content=\"image\/jpeg\" \/>\n<meta name=\"twitter:label1\" content=\"Preis\" \/>\n\t<meta name=\"twitter:data1\" content=\"45,00&nbsp;DKK\" \/>\n\t<meta name=\"twitter:label2\" content=\"Verf\u00fcgbarkeit\" \/>\n\t<meta name=\"twitter:data2\" content=\"ausverkauft\" \/>\n<script type=\"application\/ld+json\" class=\"yoast-schema-graph\">{\"@context\":\"https:\\\/\\\/schema.org\",\"@graph\":[{\"@type\":\"WebPage\",\"@id\":\"https:\\\/\\\/www.stenogfritid.dk\\\/vare\\\/terrazzo-slipover\\\/\",\"url\":\"https:\\\/\\\/www.stenogfritid.dk\\\/vare\\\/terrazzo-slipover\\\/\",\"name\":\"Terrazzo Slipover - Smykkesten og Fritid\",\"isPartOf\":{\"@id\":\"https:\\\/\\\/www.stenogfritid.dk\\\/#website\"},\"primaryImageOfPage\":{\"@id\":\"https:\\\/\\\/www.stenogfritid.dk\\\/vare\\\/terrazzo-slipover\\\/#primaryimage\"},\"image\":{\"@id\":\"https:\\\/\\\/www.stenogfritid.dk\\\/vare\\\/terrazzo-slipover\\\/#primaryimage\"},\"thumbnailUrl\":\"https:\\\/\\\/www.stenogfritid.dk\\\/wp-content\\\/uploads\\\/2024\\\/04\\\/terr10_b0c5fb25-62f5-4f6f-84f0-e22d687b793a_1500x1500.jpg\",\"datePublished\":\"2024-04-16T09:52:50+00:00\",\"dateModified\":\"2024-04-16T14:11:31+00:00\",\"description\":\"Terrazzo Slipover\",\"breadcrumb\":{\"@id\":\"https:\\\/\\\/www.stenogfritid.dk\\\/vare\\\/terrazzo-slipover\\\/#breadcrumb\"},\"inLanguage\":\"de\",\"potentialAction\":[{\"@type\":\"ReadAction\",\"target\":[\"https:\\\/\\\/www.stenogfritid.dk\\\/vare\\\/terrazzo-slipover\\\/\"]}]},{\"@type\":\"ImageObject\",\"inLanguage\":\"de\",\"@id\":\"https:\\\/\\\/www.stenogfritid.dk\\\/vare\\\/terrazzo-slipover\\\/#primaryimage\",\"url\":\"https:\\\/\\\/www.stenogfritid.dk\\\/wp-content\\\/uploads\\\/2024\\\/04\\\/terr10_b0c5fb25-62f5-4f6f-84f0-e22d687b793a_1500x1500.jpg\",\"contentUrl\":\"https:\\\/\\\/www.stenogfritid.dk\\\/wp-content\\\/uploads\\\/2024\\\/04\\\/terr10_b0c5fb25-62f5-4f6f-84f0-e22d687b793a_1500x1500.jpg\",\"width\":400,\"height\":500},{\"@type\":\"BreadcrumbList\",\"@id\":\"https:\\\/\\\/www.stenogfritid.dk\\\/vare\\\/terrazzo-slipover\\\/#breadcrumb\",\"itemListElement\":[{\"@type\":\"ListItem\",\"position\":1,\"name\":\"Hjem\",\"item\":\"https:\\\/\\\/www.stenogfritid.dk\\\/\"},{\"@type\":\"ListItem\",\"position\":2,\"name\":\"Shop\",\"item\":\"https:\\\/\\\/www.stenogfritid.dk\\\/shop\\\/\"},{\"@type\":\"ListItem\",\"position\":3,\"name\":\"Terrazzo Slipover\"}]},{\"@type\":\"WebSite\",\"@id\":\"https:\\\/\\\/www.stenogfritid.dk\\\/#website\",\"url\":\"https:\\\/\\\/www.stenogfritid.dk\\\/\",\"name\":\"Smykkesten og Fritid\",\"description\":\"Garn, Krystyaller, Stenslibning, Smykkematerialer\",\"publisher\":{\"@id\":\"https:\\\/\\\/www.stenogfritid.dk\\\/#organization\"},\"potentialAction\":[{\"@type\":\"SearchAction\",\"target\":{\"@type\":\"EntryPoint\",\"urlTemplate\":\"https:\\\/\\\/www.stenogfritid.dk\\\/?s={search_term_string}\"},\"query-input\":{\"@type\":\"PropertyValueSpecification\",\"valueRequired\":true,\"valueName\":\"search_term_string\"}}],\"inLanguage\":\"de\"},{\"@type\":[\"Organization\",\"Place\",\"Store\"],\"@id\":\"https:\\\/\\\/www.stenogfritid.dk\\\/#organization\",\"name\":\"Smykkesten og Fritid I\\\/S\",\"alternateName\":\"www.stenogfritid.dk\",\"url\":\"https:\\\/\\\/www.stenogfritid.dk\\\/\",\"logo\":{\"@id\":\"https:\\\/\\\/www.stenogfritid.dk\\\/vare\\\/terrazzo-slipover\\\/#local-main-organization-logo\"},\"image\":{\"@id\":\"https:\\\/\\\/www.stenogfritid.dk\\\/vare\\\/terrazzo-slipover\\\/#local-main-organization-logo\"},\"sameAs\":[\"http:\\\/\\\/www.facebook.com\\\/smykkestenogfritid\"],\"ownershipFundingInfo\":\"https:\\\/\\\/www.stenogfritid.dk\\\/handelsbetingelser\\\/\",\"address\":{\"@id\":\"https:\\\/\\\/www.stenogfritid.dk\\\/vare\\\/terrazzo-slipover\\\/#local-main-place-address\"},\"geo\":{\"@type\":\"GeoCoordinates\",\"latitude\":\"55.974960\",\"longitude\":\"12.020150\"},\"openingHoursSpecification\":[{\"@type\":\"OpeningHoursSpecification\",\"dayOfWeek\":[\"Monday\",\"Sunday\"],\"opens\":\"00:00\",\"closes\":\"00:00\"},{\"@type\":\"OpeningHoursSpecification\",\"dayOfWeek\":[\"Tuesday\",\"Wednesday\",\"Thursday\"],\"opens\":\"10:00\",\"closes\":\"17:30\"},{\"@type\":\"OpeningHoursSpecification\",\"dayOfWeek\":[\"Friday\"],\"opens\":\"10:00\",\"closes\":\"18:00\"},{\"@type\":\"OpeningHoursSpecification\",\"dayOfWeek\":[\"Saturday\"],\"opens\":\"10:00\",\"closes\":\"14:00\"}],\"email\":\"kontakt@stenogfritid.dk\",\"vatID\":\"DK34386641\",\"priceRange\":\"$$\"},{\"@type\":\"PostalAddress\",\"@id\":\"https:\\\/\\\/www.stenogfritid.dk\\\/vare\\\/terrazzo-slipover\\\/#local-main-place-address\",\"streetAddress\":\"N\u00f8rregade 28A\",\"addressLocality\":\"Frederiksv\u00e6rk\",\"postalCode\":\"3300\",\"addressCountry\":\"DK\"},{\"@type\":\"ImageObject\",\"inLanguage\":\"de\",\"@id\":\"https:\\\/\\\/www.stenogfritid.dk\\\/vare\\\/terrazzo-slipover\\\/#local-main-organization-logo\",\"url\":\"https:\\\/\\\/www.stenogfritid.dk\\\/wp-content\\\/uploads\\\/2021\\\/12\\\/Smykkesten-LOGO_krk.png\",\"contentUrl\":\"https:\\\/\\\/www.stenogfritid.dk\\\/wp-content\\\/uploads\\\/2021\\\/12\\\/Smykkesten-LOGO_krk.png\",\"width\":361,\"height\":50,\"caption\":\"Smykkesten og Fritid I\\\/S\"}]}<\/script>\n<meta property=\"product:price:amount\" content=\"45.00\" \/>\n<meta property=\"product:price:currency\" content=\"DKK\" \/>\n<meta property=\"og:availability\" content=\"out of stock\" \/>\n<meta property=\"product:availability\" content=\"out of stock\" \/>\n<meta property=\"product:retailer_item_id\" content=\"T0138-dk\" \/>\n<meta property=\"product:condition\" content=\"new\" \/>\n<meta name=\"geo.placename\" content=\"Frederiksv\u00e6rk\" \/>\n<meta name=\"geo.position\" content=\"55.974960;12.020150\" \/>\n<meta name=\"geo.region\" content=\"D\u00e4nemark\" \/>\n<!-- \/ Yoast SEO Premium plugin. -->","yoast_head_json":{"title":"Terrazzo Slipover - Schmuck und Freizeit","description":"Terrazzo-Slipper","robots":{"index":"index","follow":"follow","max-snippet":"max-snippet:-1","max-image-preview":"max-image-preview:large","max-video-preview":"max-video-preview:-1"},"canonical":"https:\/\/www.stenogfritid.dk\/de\/produkt-2\/terrazzo-schlupfer\/","og_locale":"de_DE","og_type":"article","og_title":"Terrazzo Slipover","og_description":"Terrazzo Slipover","og_url":"https:\/\/www.stenogfritid.dk\/de\/produkt-2\/terrazzo-schlupfer\/","og_site_name":"Smykkesten og Fritid","article_publisher":"http:\/\/www.facebook.com\/smykkestenogfritid","article_modified_time":"2024-04-16T14:11:31+00:00","og_image":[{"width":400,"height":500,"url":"https:\/\/www.stenogfritid.dk\/wp-content\/uploads\/2024\/04\/terr10_b0c5fb25-62f5-4f6f-84f0-e22d687b793a_1500x1500.jpg","type":"image\/jpeg"}],"twitter_misc":{"Preis":"45,00&nbsp;DKK","Verf\u00fcgbarkeit":"ausverkauft"},"schema":{"@context":"https:\/\/schema.org","@graph":[{"@type":"WebPage","@id":"https:\/\/www.stenogfritid.dk\/vare\/terrazzo-slipover\/","url":"https:\/\/www.stenogfritid.dk\/vare\/terrazzo-slipover\/","name":"Terrazzo Slipover - Schmuck und Freizeit","isPartOf":{"@id":"https:\/\/www.stenogfritid.dk\/#website"},"primaryImageOfPage":{"@id":"https:\/\/www.stenogfritid.dk\/vare\/terrazzo-slipover\/#primaryimage"},"image":{"@id":"https:\/\/www.stenogfritid.dk\/vare\/terrazzo-slipover\/#primaryimage"},"thumbnailUrl":"https:\/\/www.stenogfritid.dk\/wp-content\/uploads\/2024\/04\/terr10_b0c5fb25-62f5-4f6f-84f0-e22d687b793a_1500x1500.jpg","datePublished":"2024-04-16T09:52:50+00:00","dateModified":"2024-04-16T14:11:31+00:00","description":"Terrazzo-Slipper","breadcrumb":{"@id":"https:\/\/www.stenogfritid.dk\/vare\/terrazzo-slipover\/#breadcrumb"},"inLanguage":"de","potentialAction":[{"@type":"ReadAction","target":["https:\/\/www.stenogfritid.dk\/vare\/terrazzo-slipover\/"]}]},{"@type":"ImageObject","inLanguage":"de","@id":"https:\/\/www.stenogfritid.dk\/vare\/terrazzo-slipover\/#primaryimage","url":"https:\/\/www.stenogfritid.dk\/wp-content\/uploads\/2024\/04\/terr10_b0c5fb25-62f5-4f6f-84f0-e22d687b793a_1500x1500.jpg","contentUrl":"https:\/\/www.stenogfritid.dk\/wp-content\/uploads\/2024\/04\/terr10_b0c5fb25-62f5-4f6f-84f0-e22d687b793a_1500x1500.jpg","width":400,"height":500},{"@type":"BreadcrumbList","@id":"https:\/\/www.stenogfritid.dk\/vare\/terrazzo-slipover\/#breadcrumb","itemListElement":[{"@type":"ListItem","position":1,"name":"Hjem","item":"https:\/\/www.stenogfritid.dk\/"},{"@type":"ListItem","position":2,"name":"Shop","item":"https:\/\/www.stenogfritid.dk\/shop\/"},{"@type":"ListItem","position":3,"name":"Terrazzo Slipover"}]},{"@type":"WebSite","@id":"https:\/\/www.stenogfritid.dk\/#website","url":"https:\/\/www.stenogfritid.dk\/","name":"Edelsteine und Freizeit","description":"Garne, Kristalle, Steinschleifen, Schmuckmaterialien","publisher":{"@id":"https:\/\/www.stenogfritid.dk\/#organization"},"potentialAction":[{"@type":"SearchAction","target":{"@type":"EntryPoint","urlTemplate":"https:\/\/www.stenogfritid.dk\/?s={search_term_string}"},"query-input":{"@type":"PropertyValueSpecification","valueRequired":true,"valueName":"search_term_string"}}],"inLanguage":"de"},{"@type":["Organization","Place","Store"],"@id":"https:\/\/www.stenogfritid.dk\/#organization","name":"Schmuck und Freizeit I\/S","alternateName":"www.stenogfritid.dk","url":"https:\/\/www.stenogfritid.dk\/","logo":{"@id":"https:\/\/www.stenogfritid.dk\/vare\/terrazzo-slipover\/#local-main-organization-logo"},"image":{"@id":"https:\/\/www.stenogfritid.dk\/vare\/terrazzo-slipover\/#local-main-organization-logo"},"sameAs":["http:\/\/www.facebook.com\/smykkestenogfritid"],"ownershipFundingInfo":"https:\/\/www.stenogfritid.dk\/handelsbetingelser\/","address":{"@id":"https:\/\/www.stenogfritid.dk\/vare\/terrazzo-slipover\/#local-main-place-address"},"geo":{"@type":"GeoCoordinates","latitude":"55.974960","longitude":"12.020150"},"openingHoursSpecification":[{"@type":"OpeningHoursSpecification","dayOfWeek":["Monday","Sunday"],"opens":"00:00","closes":"00:00"},{"@type":"OpeningHoursSpecification","dayOfWeek":["Tuesday","Wednesday","Thursday"],"opens":"10:00","closes":"17:30"},{"@type":"OpeningHoursSpecification","dayOfWeek":["Friday"],"opens":"10:00","closes":"18:00"},{"@type":"OpeningHoursSpecification","dayOfWeek":["Saturday"],"opens":"10:00","closes":"14:00"}],"email":"kontakt@stenogfritid.dk","vatID":"DK34386641","priceRange":"$$"},{"@type":"PostalAddress","@id":"https:\/\/www.stenogfritid.dk\/vare\/terrazzo-slipover\/#local-main-place-address","streetAddress":"N\u00f8rregade 28A","addressLocality":"Frederiksv\u00e6rk","postalCode":"3300","addressCountry":"DK"},{"@type":"ImageObject","inLanguage":"de","@id":"https:\/\/www.stenogfritid.dk\/vare\/terrazzo-slipover\/#local-main-organization-logo","url":"https:\/\/www.stenogfritid.dk\/wp-content\/uploads\/2021\/12\/Smykkesten-LOGO_krk.png","contentUrl":"https:\/\/www.stenogfritid.dk\/wp-content\/uploads\/2021\/12\/Smykkesten-LOGO_krk.png","width":361,"height":50,"caption":"Smykkesten og Fritid I\/S"}]},"product_price_amount":"45.00","product_price_currency":"DKK","og_availability":"out of stock","product_availability":"out of stock","product_retailer_item_id":"T0138-dk","product_condition":"new","geo.placename":"Frederiksv\u00e6rk","geo.position":{"lat":"55.974960","long":"12.020150"},"geo.region":"D\u00e4nemark"},"_links":{"self":[{"href":"https:\/\/www.stenogfritid.dk\/de\/wp-json\/wp\/v2\/product\/46799","targetHints":{"allow":["GET"]}}],"collection":[{"href":"https:\/\/www.stenogfritid.dk\/de\/wp-json\/wp\/v2\/product"}],"about":[{"href":"https:\/\/www.stenogfritid.dk\/de\/wp-json\/wp\/v2\/types\/product"}],"version-history":[{"count":0,"href":"https:\/\/www.stenogfritid.dk\/de\/wp-json\/wp\/v2\/product\/46799\/revisions"}],"wp:featuredmedia":[{"embeddable":true,"href":"https:\/\/www.stenogfritid.dk\/de\/wp-json\/wp\/v2\/media\/46951"}],"wp:attachment":[{"href":"https:\/\/www.stenogfritid.dk\/de\/wp-json\/wp\/v2\/media?parent=46799"}],"wp:term":[{"taxonomy":"product_brand","embeddable":true,"href":"https:\/\/www.stenogfritid.dk\/de\/wp-json\/wp\/v2\/product_brand?post=46799"},{"taxonomy":"product_cat","embeddable":true,"href":"https:\/\/www.stenogfritid.dk\/de\/wp-json\/wp\/v2\/product_cat?post=46799"},{"taxonomy":"product_tag","embeddable":true,"href":"https:\/\/www.stenogfritid.dk\/de\/wp-json\/wp\/v2\/product_tag?post=46799"}],"curies":[{"name":"wp","href":"https:\/\/api.w.org\/{rel}","templated":true}]}}