{"id":77652,"date":"2025-07-10T15:44:24","date_gmt":"2025-07-10T14:44:24","guid":{"rendered":"https:\/\/www.stenogfritid.dk\/?post_type=product&#038;p=77652"},"modified":"2025-10-21T09:48:34","modified_gmt":"2025-10-21T08:48:34","slug":"symphony-tunisiacal-chainsaw-35-8-mm","status":"publish","type":"product","link":"https:\/\/www.stenogfritid.dk\/de\/produkt-2\/symphony-tunisiacal-chainsaw-35-8-mm\/","title":{"rendered":"Symfonie Tunesische H\u00e4kelnadel Set 3,5-8 mm"},"content":{"rendered":"<p><strong>Der Bausatz enth\u00e4lt Folgendes:<\/strong><\/p>\n<p>3,5-mm-Hacknadel<\/p>\n<p>4,0-mm-Hacknadel<\/p>\n<p>4,5-mm-Hacknadel<\/p>\n<p>5,0-mm-Hacknadel<\/p>\n<p>5,5 mm Hacknadel<\/p>\n<p>6,0-mm-Hacknadel<\/p>\n<p>7,0-mm-Hacknadel<\/p>\n<p><span lang=\"DE\">8,0-mm-Hacknadel<\/span><\/p>\n<p>Speicherfreier Draht 60 cm x 1<\/p>\n<p>Speicherfreie Dr\u00e4hte 80 cm x 2<\/p>\n<p>Speicherfreier Draht 100 cm x 1<\/p>\n<p>Drahtstopfen x 8<\/p>\n<p>Schraubenschl\u00fcssel x 4<\/p>\n<p>1 Satz Draht\u00fcberg\u00e4nge<\/p>\n<p>&nbsp;<\/p>\n<p>Die H\u00e4kelnadeln f\u00fcr tunesisches H\u00e4keln oder H\u00e4keln sind aus leichtem und stabilem Birkenholz gefertigt. Das Set enth\u00e4lt 8 verschiedene Gr\u00f6\u00dfen von 3,5 mm - 8,0 mm. Mit so vielen verschiedenen Gr\u00f6\u00dfen gibt es H\u00e4kelnadeln f\u00fcr Projekte mit sowohl d\u00fcnnem als auch dickem Garn.<\/p>\n<p>Da die H\u00e4kelnadeln aus Birkenholz gefertigt sind, liegen sie angenehm in der Hand, da sich das Holz warm anf\u00fchlt. Die Nadeln sind ideal f\u00fcr stundenlanges H\u00e4keln. Die glatte Oberfl\u00e4che l\u00e4sst alle Arten von Garn leicht gleiten. Das Holz der H\u00e4kelnadeln ist mehrfarbig und in einer Mischung aus verschiedenen Farbt\u00f6nen lackiert, wodurch sie sch\u00f6n anzusehen sind.<\/p>\n<p>Die H\u00e4kelnadel ist l\u00e4nger als normale H\u00e4kelnadeln, da sie mehr Maschen auf einmal halten muss. Ein Draht kann auf das Ende der H\u00e4kelnadel geschraubt werden, um sie so lang zu machen, wie Sie es w\u00fcnschen, und das Set enth\u00e4lt Dr\u00e4hte in 3 verschiedenen L\u00e4ngen. Dem H\u00e4kelnadelset liegt auch eine Anleitung bei, wie man den Draht anbringt und festzieht.<\/p>\n<p>Die Dr\u00e4hte in diesem Set sind speicherfrei und haben ein 360-Grad-Drehgelenk. Diese Dr\u00e4hte verdrehen sich daher nicht so wie Dr\u00e4hte ohne Drehgelenk, wodurch diese H\u00e4kelnadeln bequemer zu h\u00e4keln sind.<\/p>\n<p>Der Bausatz wird in einer praktischen und attraktiven H\u00fclle geliefert, die sich auch gut in der Tasche mitnehmen l\u00e4sst. Eine gro\u00dfe Innentasche dient als Stauraum f\u00fcr die Kleinteile. Die selbststehende H\u00fclle hat eine flache Seite, auf der man ein gedrucktes Muster oder eine Karte aufbewahren kann, so dass man die H\u00e4nde zum Stricken frei hat. Die H\u00fclle hat also mehrere tolle Eigenschaften.<\/p>","protected":false},"excerpt":{"rendered":"<p>Das Set enth\u00e4lt folgende Teile: 3,5 mm Pik-Nadel 4,0 mm Pik-Nadel 4,5 mm Pik-Nadel 5,0 mm Pik-Nadel 5,5 mm Pik-Nadel 6,0 mm<\/p>","protected":false},"featured_media":77654,"template":"","meta":{"_acf_changed":false},"product_brand":[],"product_cat":[263],"product_tag":[],"class_list":{"0":"post-77652","1":"product","2":"type-product","3":"status-publish","4":"has-post-thumbnail","6":"product_cat-pinde-saet","8":"first","9":"instock","10":"taxable","11":"shipping-taxable","12":"purchasable","13":"product-type-simple"},"acf":[],"yoast_head":"<!-- This site is optimized with the Yoast SEO Premium plugin v21.7 (Yoast SEO v27.5) - https:\/\/yoast.com\/product\/yoast-seo-premium-wordpress\/ -->\n<title>Symfonie tunesiskh\u00e6klen\u00e5les\u00e6t 3,5-8 mm - Smykkesten og Fritid<\/title>\n<meta name=\"description\" content=\"Symfonie tunesiskh\u00e6klen\u00e5les\u00e6t 3,5-8 mm\" \/>\n<meta name=\"robots\" content=\"index, follow, max-snippet:-1, max-image-preview:large, max-video-preview:-1\" \/>\n<link rel=\"canonical\" href=\"https:\/\/www.stenogfritid.dk\/de\/produkt-2\/symphony-tunisiacal-chainsaw-35-8-mm\/\" \/>\n<meta property=\"og:locale\" content=\"de_DE\" \/>\n<meta property=\"og:type\" content=\"article\" \/>\n<meta property=\"og:title\" content=\"Symfonie tunesiskh\u00e6klen\u00e5les\u00e6t 3,5-8 mm\" \/>\n<meta property=\"og:description\" content=\"Symfonie tunesiskh\u00e6klen\u00e5les\u00e6t 3,5-8 mm\" \/>\n<meta property=\"og:url\" content=\"https:\/\/www.stenogfritid.dk\/de\/produkt-2\/symphony-tunisiacal-chainsaw-35-8-mm\/\" \/>\n<meta property=\"og:site_name\" content=\"Smykkesten og Fritid\" \/>\n<meta property=\"article:publisher\" content=\"http:\/\/www.facebook.com\/smykkestenogfritid\" \/>\n<meta property=\"article:modified_time\" content=\"2025-10-21T08:48:34+00:00\" \/>\n<meta property=\"og:image\" content=\"https:\/\/www.stenogfritid.dk\/wp-content\/uploads\/2025\/07\/symfonie-haeklenaletunesisksaet-35-8-mayflower-777055.webp\" \/>\n\t<meta property=\"og:image:width\" content=\"500\" \/>\n\t<meta property=\"og:image:height\" content=\"500\" \/>\n\t<meta property=\"og:image:type\" content=\"image\/webp\" \/>\n<meta name=\"twitter:label1\" content=\"Preis\" \/>\n\t<meta name=\"twitter:data1\" content=\"525,00&nbsp;DKK\" \/>\n\t<meta name=\"twitter:label2\" content=\"Verf\u00fcgbarkeit\" \/>\n\t<meta name=\"twitter:data2\" content=\"Auf Lager\" \/>\n<script type=\"application\/ld+json\" class=\"yoast-schema-graph\">{\"@context\":\"https:\\\/\\\/schema.org\",\"@graph\":[{\"@type\":\"WebPage\",\"@id\":\"https:\\\/\\\/www.stenogfritid.dk\\\/vare\\\/symfonie-tunesiskhaeklenaalesaet-35-8-mm\\\/\",\"url\":\"https:\\\/\\\/www.stenogfritid.dk\\\/vare\\\/symfonie-tunesiskhaeklenaalesaet-35-8-mm\\\/\",\"name\":\"Symfonie tunesiskh\u00e6klen\u00e5les\u00e6t 3,5-8 mm - Smykkesten og Fritid\",\"isPartOf\":{\"@id\":\"https:\\\/\\\/www.stenogfritid.dk\\\/#website\"},\"primaryImageOfPage\":{\"@id\":\"https:\\\/\\\/www.stenogfritid.dk\\\/vare\\\/symfonie-tunesiskhaeklenaalesaet-35-8-mm\\\/#primaryimage\"},\"image\":{\"@id\":\"https:\\\/\\\/www.stenogfritid.dk\\\/vare\\\/symfonie-tunesiskhaeklenaalesaet-35-8-mm\\\/#primaryimage\"},\"thumbnailUrl\":\"https:\\\/\\\/www.stenogfritid.dk\\\/wp-content\\\/uploads\\\/2025\\\/07\\\/symfonie-haeklenaletunesisksaet-35-8-mayflower-777055.webp\",\"datePublished\":\"2025-07-10T14:44:24+00:00\",\"dateModified\":\"2025-10-21T08:48:34+00:00\",\"description\":\"Symfonie tunesiskh\u00e6klen\u00e5les\u00e6t 3,5-8 mm\",\"breadcrumb\":{\"@id\":\"https:\\\/\\\/www.stenogfritid.dk\\\/vare\\\/symfonie-tunesiskhaeklenaalesaet-35-8-mm\\\/#breadcrumb\"},\"inLanguage\":\"de\",\"potentialAction\":[{\"@type\":\"ReadAction\",\"target\":[\"https:\\\/\\\/www.stenogfritid.dk\\\/vare\\\/symfonie-tunesiskhaeklenaalesaet-35-8-mm\\\/\"]}]},{\"@type\":\"ImageObject\",\"inLanguage\":\"de\",\"@id\":\"https:\\\/\\\/www.stenogfritid.dk\\\/vare\\\/symfonie-tunesiskhaeklenaalesaet-35-8-mm\\\/#primaryimage\",\"url\":\"https:\\\/\\\/www.stenogfritid.dk\\\/wp-content\\\/uploads\\\/2025\\\/07\\\/symfonie-haeklenaletunesisksaet-35-8-mayflower-777055.webp\",\"contentUrl\":\"https:\\\/\\\/www.stenogfritid.dk\\\/wp-content\\\/uploads\\\/2025\\\/07\\\/symfonie-haeklenaletunesisksaet-35-8-mayflower-777055.webp\",\"width\":500,\"height\":500},{\"@type\":\"BreadcrumbList\",\"@id\":\"https:\\\/\\\/www.stenogfritid.dk\\\/vare\\\/symfonie-tunesiskhaeklenaalesaet-35-8-mm\\\/#breadcrumb\",\"itemListElement\":[{\"@type\":\"ListItem\",\"position\":1,\"name\":\"Hjem\",\"item\":\"https:\\\/\\\/www.stenogfritid.dk\\\/\"},{\"@type\":\"ListItem\",\"position\":2,\"name\":\"Shop\",\"item\":\"https:\\\/\\\/www.stenogfritid.dk\\\/shop\\\/\"},{\"@type\":\"ListItem\",\"position\":3,\"name\":\"Symfonie tunesiskh\u00e6klen\u00e5les\u00e6t 3,5-8 mm\"}]},{\"@type\":\"WebSite\",\"@id\":\"https:\\\/\\\/www.stenogfritid.dk\\\/#website\",\"url\":\"https:\\\/\\\/www.stenogfritid.dk\\\/\",\"name\":\"Smykkesten og Fritid\",\"description\":\"Garn, Krystyaller, Stenslibning, Smykkematerialer\",\"publisher\":{\"@id\":\"https:\\\/\\\/www.stenogfritid.dk\\\/#organization\"},\"potentialAction\":[{\"@type\":\"SearchAction\",\"target\":{\"@type\":\"EntryPoint\",\"urlTemplate\":\"https:\\\/\\\/www.stenogfritid.dk\\\/?s={search_term_string}\"},\"query-input\":{\"@type\":\"PropertyValueSpecification\",\"valueRequired\":true,\"valueName\":\"search_term_string\"}}],\"inLanguage\":\"de\"},{\"@type\":[\"Organization\",\"Place\",\"Store\"],\"@id\":\"https:\\\/\\\/www.stenogfritid.dk\\\/#organization\",\"name\":\"Smykkesten og Fritid I\\\/S\",\"alternateName\":\"www.stenogfritid.dk\",\"url\":\"https:\\\/\\\/www.stenogfritid.dk\\\/\",\"logo\":{\"@id\":\"https:\\\/\\\/www.stenogfritid.dk\\\/vare\\\/symfonie-tunesiskhaeklenaalesaet-35-8-mm\\\/#local-main-organization-logo\"},\"image\":{\"@id\":\"https:\\\/\\\/www.stenogfritid.dk\\\/vare\\\/symfonie-tunesiskhaeklenaalesaet-35-8-mm\\\/#local-main-organization-logo\"},\"sameAs\":[\"http:\\\/\\\/www.facebook.com\\\/smykkestenogfritid\"],\"ownershipFundingInfo\":\"https:\\\/\\\/www.stenogfritid.dk\\\/handelsbetingelser\\\/\",\"address\":{\"@id\":\"https:\\\/\\\/www.stenogfritid.dk\\\/vare\\\/symfonie-tunesiskhaeklenaalesaet-35-8-mm\\\/#local-main-place-address\"},\"geo\":{\"@type\":\"GeoCoordinates\",\"latitude\":\"55.974960\",\"longitude\":\"12.020150\"},\"openingHoursSpecification\":[{\"@type\":\"OpeningHoursSpecification\",\"dayOfWeek\":[\"Monday\",\"Sunday\"],\"opens\":\"00:00\",\"closes\":\"00:00\"},{\"@type\":\"OpeningHoursSpecification\",\"dayOfWeek\":[\"Tuesday\",\"Wednesday\",\"Thursday\"],\"opens\":\"10:00\",\"closes\":\"17:30\"},{\"@type\":\"OpeningHoursSpecification\",\"dayOfWeek\":[\"Friday\"],\"opens\":\"10:00\",\"closes\":\"18:00\"},{\"@type\":\"OpeningHoursSpecification\",\"dayOfWeek\":[\"Saturday\"],\"opens\":\"10:00\",\"closes\":\"14:00\"}],\"email\":\"kontakt@stenogfritid.dk\",\"vatID\":\"DK34386641\",\"priceRange\":\"$$\"},{\"@type\":\"PostalAddress\",\"@id\":\"https:\\\/\\\/www.stenogfritid.dk\\\/vare\\\/symfonie-tunesiskhaeklenaalesaet-35-8-mm\\\/#local-main-place-address\",\"streetAddress\":\"N\u00f8rregade 28A\",\"addressLocality\":\"Frederiksv\u00e6rk\",\"postalCode\":\"3300\",\"addressCountry\":\"DK\"},{\"@type\":\"ImageObject\",\"inLanguage\":\"de\",\"@id\":\"https:\\\/\\\/www.stenogfritid.dk\\\/vare\\\/symfonie-tunesiskhaeklenaalesaet-35-8-mm\\\/#local-main-organization-logo\",\"url\":\"https:\\\/\\\/www.stenogfritid.dk\\\/wp-content\\\/uploads\\\/2021\\\/12\\\/Smykkesten-LOGO_krk.png\",\"contentUrl\":\"https:\\\/\\\/www.stenogfritid.dk\\\/wp-content\\\/uploads\\\/2021\\\/12\\\/Smykkesten-LOGO_krk.png\",\"width\":361,\"height\":50,\"caption\":\"Smykkesten og Fritid I\\\/S\"}]}<\/script>\n<meta property=\"product:price:amount\" content=\"525.00\" \/>\n<meta property=\"product:price:currency\" content=\"DKK\" \/>\n<meta property=\"og:availability\" content=\"instock\" \/>\n<meta property=\"product:availability\" content=\"instock\" \/>\n<meta property=\"product:retailer_item_id\" content=\"knitpro_tunesisk\" \/>\n<meta property=\"product:condition\" content=\"new\" \/>\n<meta name=\"geo.placename\" content=\"Frederiksv\u00e6rk\" \/>\n<meta name=\"geo.position\" content=\"55.974960;12.020150\" \/>\n<meta name=\"geo.region\" content=\"D\u00e4nemark\" \/>\n<!-- \/ Yoast SEO Premium plugin. -->","yoast_head_json":{"title":"Symfonie Tunesische H\u00e4kelnadel Set 3,5-8 mm - Schmuck und Freizeit","description":"Symfonie Tunesische H\u00e4kelnadel Set 3,5-8 mm","robots":{"index":"index","follow":"follow","max-snippet":"max-snippet:-1","max-image-preview":"max-image-preview:large","max-video-preview":"max-video-preview:-1"},"canonical":"https:\/\/www.stenogfritid.dk\/de\/produkt-2\/symphony-tunisiacal-chainsaw-35-8-mm\/","og_locale":"de_DE","og_type":"article","og_title":"Symfonie tunesiskh\u00e6klen\u00e5les\u00e6t 3,5-8 mm","og_description":"Symfonie tunesiskh\u00e6klen\u00e5les\u00e6t 3,5-8 mm","og_url":"https:\/\/www.stenogfritid.dk\/de\/produkt-2\/symphony-tunisiacal-chainsaw-35-8-mm\/","og_site_name":"Smykkesten og Fritid","article_publisher":"http:\/\/www.facebook.com\/smykkestenogfritid","article_modified_time":"2025-10-21T08:48:34+00:00","og_image":[{"width":500,"height":500,"url":"https:\/\/www.stenogfritid.dk\/wp-content\/uploads\/2025\/07\/symfonie-haeklenaletunesisksaet-35-8-mayflower-777055.webp","type":"image\/webp"}],"twitter_misc":{"Preis":"525,00&nbsp;DKK","Verf\u00fcgbarkeit":"Auf Lager"},"schema":{"@context":"https:\/\/schema.org","@graph":[{"@type":"WebPage","@id":"https:\/\/www.stenogfritid.dk\/vare\/symfonie-tunesiskhaeklenaalesaet-35-8-mm\/","url":"https:\/\/www.stenogfritid.dk\/vare\/symfonie-tunesiskhaeklenaalesaet-35-8-mm\/","name":"Symfonie Tunesische H\u00e4kelnadel Set 3,5-8 mm - Schmuck und Freizeit","isPartOf":{"@id":"https:\/\/www.stenogfritid.dk\/#website"},"primaryImageOfPage":{"@id":"https:\/\/www.stenogfritid.dk\/vare\/symfonie-tunesiskhaeklenaalesaet-35-8-mm\/#primaryimage"},"image":{"@id":"https:\/\/www.stenogfritid.dk\/vare\/symfonie-tunesiskhaeklenaalesaet-35-8-mm\/#primaryimage"},"thumbnailUrl":"https:\/\/www.stenogfritid.dk\/wp-content\/uploads\/2025\/07\/symfonie-haeklenaletunesisksaet-35-8-mayflower-777055.webp","datePublished":"2025-07-10T14:44:24+00:00","dateModified":"2025-10-21T08:48:34+00:00","description":"Symfonie Tunesische H\u00e4kelnadel Set 3,5-8 mm","breadcrumb":{"@id":"https:\/\/www.stenogfritid.dk\/vare\/symfonie-tunesiskhaeklenaalesaet-35-8-mm\/#breadcrumb"},"inLanguage":"de","potentialAction":[{"@type":"ReadAction","target":["https:\/\/www.stenogfritid.dk\/vare\/symfonie-tunesiskhaeklenaalesaet-35-8-mm\/"]}]},{"@type":"ImageObject","inLanguage":"de","@id":"https:\/\/www.stenogfritid.dk\/vare\/symfonie-tunesiskhaeklenaalesaet-35-8-mm\/#primaryimage","url":"https:\/\/www.stenogfritid.dk\/wp-content\/uploads\/2025\/07\/symfonie-haeklenaletunesisksaet-35-8-mayflower-777055.webp","contentUrl":"https:\/\/www.stenogfritid.dk\/wp-content\/uploads\/2025\/07\/symfonie-haeklenaletunesisksaet-35-8-mayflower-777055.webp","width":500,"height":500},{"@type":"BreadcrumbList","@id":"https:\/\/www.stenogfritid.dk\/vare\/symfonie-tunesiskhaeklenaalesaet-35-8-mm\/#breadcrumb","itemListElement":[{"@type":"ListItem","position":1,"name":"Hjem","item":"https:\/\/www.stenogfritid.dk\/"},{"@type":"ListItem","position":2,"name":"Shop","item":"https:\/\/www.stenogfritid.dk\/shop\/"},{"@type":"ListItem","position":3,"name":"Symfonie tunesiskh\u00e6klen\u00e5les\u00e6t 3,5-8 mm"}]},{"@type":"WebSite","@id":"https:\/\/www.stenogfritid.dk\/#website","url":"https:\/\/www.stenogfritid.dk\/","name":"Edelsteine und Freizeit","description":"Garne, Kristalle, Steinschleifen, Schmuckmaterialien","publisher":{"@id":"https:\/\/www.stenogfritid.dk\/#organization"},"potentialAction":[{"@type":"SearchAction","target":{"@type":"EntryPoint","urlTemplate":"https:\/\/www.stenogfritid.dk\/?s={search_term_string}"},"query-input":{"@type":"PropertyValueSpecification","valueRequired":true,"valueName":"search_term_string"}}],"inLanguage":"de"},{"@type":["Organization","Place","Store"],"@id":"https:\/\/www.stenogfritid.dk\/#organization","name":"Schmuck und Freizeit I\/S","alternateName":"www.stenogfritid.dk","url":"https:\/\/www.stenogfritid.dk\/","logo":{"@id":"https:\/\/www.stenogfritid.dk\/vare\/symfonie-tunesiskhaeklenaalesaet-35-8-mm\/#local-main-organization-logo"},"image":{"@id":"https:\/\/www.stenogfritid.dk\/vare\/symfonie-tunesiskhaeklenaalesaet-35-8-mm\/#local-main-organization-logo"},"sameAs":["http:\/\/www.facebook.com\/smykkestenogfritid"],"ownershipFundingInfo":"https:\/\/www.stenogfritid.dk\/handelsbetingelser\/","address":{"@id":"https:\/\/www.stenogfritid.dk\/vare\/symfonie-tunesiskhaeklenaalesaet-35-8-mm\/#local-main-place-address"},"geo":{"@type":"GeoCoordinates","latitude":"55.974960","longitude":"12.020150"},"openingHoursSpecification":[{"@type":"OpeningHoursSpecification","dayOfWeek":["Monday","Sunday"],"opens":"00:00","closes":"00:00"},{"@type":"OpeningHoursSpecification","dayOfWeek":["Tuesday","Wednesday","Thursday"],"opens":"10:00","closes":"17:30"},{"@type":"OpeningHoursSpecification","dayOfWeek":["Friday"],"opens":"10:00","closes":"18:00"},{"@type":"OpeningHoursSpecification","dayOfWeek":["Saturday"],"opens":"10:00","closes":"14:00"}],"email":"kontakt@stenogfritid.dk","vatID":"DK34386641","priceRange":"$$"},{"@type":"PostalAddress","@id":"https:\/\/www.stenogfritid.dk\/vare\/symfonie-tunesiskhaeklenaalesaet-35-8-mm\/#local-main-place-address","streetAddress":"N\u00f8rregade 28A","addressLocality":"Frederiksv\u00e6rk","postalCode":"3300","addressCountry":"DK"},{"@type":"ImageObject","inLanguage":"de","@id":"https:\/\/www.stenogfritid.dk\/vare\/symfonie-tunesiskhaeklenaalesaet-35-8-mm\/#local-main-organization-logo","url":"https:\/\/www.stenogfritid.dk\/wp-content\/uploads\/2021\/12\/Smykkesten-LOGO_krk.png","contentUrl":"https:\/\/www.stenogfritid.dk\/wp-content\/uploads\/2021\/12\/Smykkesten-LOGO_krk.png","width":361,"height":50,"caption":"Smykkesten og Fritid I\/S"}]},"product_price_amount":"525.00","product_price_currency":"DKK","og_availability":"instock","product_availability":"instock","product_retailer_item_id":"knitpro_tunesisk","product_condition":"new","geo.placename":"Frederiksv\u00e6rk","geo.position":{"lat":"55.974960","long":"12.020150"},"geo.region":"D\u00e4nemark"},"_links":{"self":[{"href":"https:\/\/www.stenogfritid.dk\/de\/wp-json\/wp\/v2\/product\/77652","targetHints":{"allow":["GET"]}}],"collection":[{"href":"https:\/\/www.stenogfritid.dk\/de\/wp-json\/wp\/v2\/product"}],"about":[{"href":"https:\/\/www.stenogfritid.dk\/de\/wp-json\/wp\/v2\/types\/product"}],"version-history":[{"count":0,"href":"https:\/\/www.stenogfritid.dk\/de\/wp-json\/wp\/v2\/product\/77652\/revisions"}],"wp:featuredmedia":[{"embeddable":true,"href":"https:\/\/www.stenogfritid.dk\/de\/wp-json\/wp\/v2\/media\/77654"}],"wp:attachment":[{"href":"https:\/\/www.stenogfritid.dk\/de\/wp-json\/wp\/v2\/media?parent=77652"}],"wp:term":[{"taxonomy":"product_brand","embeddable":true,"href":"https:\/\/www.stenogfritid.dk\/de\/wp-json\/wp\/v2\/product_brand?post=77652"},{"taxonomy":"product_cat","embeddable":true,"href":"https:\/\/www.stenogfritid.dk\/de\/wp-json\/wp\/v2\/product_cat?post=77652"},{"taxonomy":"product_tag","embeddable":true,"href":"https:\/\/www.stenogfritid.dk\/de\/wp-json\/wp\/v2\/product_tag?post=77652"}],"curies":[{"name":"wp","href":"https:\/\/api.w.org\/{rel}","templated":true}]}}