{"id":90699,"date":"2025-12-23T11:38:19","date_gmt":"2025-12-23T10:38:19","guid":{"rendered":"https:\/\/www.stenogfritid.dk\/?post_type=product&#038;p=90699"},"modified":"2026-01-18T22:14:33","modified_gmt":"2026-01-18T21:14:33","slug":"kutter","status":"publish","type":"product","link":"https:\/\/www.stenogfritid.dk\/de\/produkt-2\/kutter\/","title":{"rendered":"Zange"},"content":{"rendered":"<p>Enth\u00e4lt Spie\u00dfzange, Flachzange und Rundzange. Beachten Sie, dass es sich um kleine Zangen handelt, die f\u00fcr Kinder und Menschen mit kleineren H\u00e4nden geeignet sind.<\/p>","protected":false},"excerpt":{"rendered":"<p>Satz mit drei kleinen Zangen f\u00fcr die Schmuckherstellung.<\/p>","protected":false},"featured_media":90702,"template":"","meta":{"_acf_changed":false},"product_brand":[],"product_cat":[231],"product_tag":[],"class_list":{"0":"post-90699","1":"product","2":"type-product","3":"status-publish","4":"has-post-thumbnail","6":"product_cat-oevrige-tilbehoer","8":"first","9":"instock","10":"taxable","11":"shipping-taxable","12":"purchasable","13":"product-type-simple"},"acf":[],"yoast_head":"<!-- This site is optimized with the Yoast SEO Premium plugin v21.7 (Yoast SEO v27.5) - https:\/\/yoast.com\/product\/yoast-seo-premium-wordpress\/ -->\n<title>T\u00e6nger - Smykkesten og Fritid<\/title>\n<meta name=\"description\" content=\"T\u00e6nger\" \/>\n<meta name=\"robots\" content=\"index, follow, max-snippet:-1, max-image-preview:large, max-video-preview:-1\" \/>\n<link rel=\"canonical\" href=\"https:\/\/www.stenogfritid.dk\/de\/produkt-2\/kutter\/\" \/>\n<meta property=\"og:locale\" content=\"de_DE\" \/>\n<meta property=\"og:type\" content=\"article\" \/>\n<meta property=\"og:title\" content=\"T\u00e6nger\" \/>\n<meta property=\"og:description\" content=\"T\u00e6nger\" \/>\n<meta property=\"og:url\" content=\"https:\/\/www.stenogfritid.dk\/de\/produkt-2\/kutter\/\" \/>\n<meta property=\"og:site_name\" content=\"Smykkesten og Fritid\" \/>\n<meta property=\"article:publisher\" content=\"http:\/\/www.facebook.com\/smykkestenogfritid\" \/>\n<meta property=\"article:modified_time\" content=\"2026-01-18T21:14:33+00:00\" \/>\n<meta property=\"og:image\" content=\"https:\/\/www.stenogfritid.dk\/wp-content\/uploads\/2025\/12\/Img_PT-R004-03_2.jpg\" \/>\n\t<meta property=\"og:image:width\" content=\"800\" \/>\n\t<meta property=\"og:image:height\" content=\"800\" \/>\n\t<meta property=\"og:image:type\" content=\"image\/jpeg\" \/>\n<meta name=\"twitter:label1\" content=\"Preis\" \/>\n\t<meta name=\"twitter:data1\" content=\"60,00&nbsp;DKK\" \/>\n\t<meta name=\"twitter:label2\" content=\"Verf\u00fcgbarkeit\" \/>\n\t<meta name=\"twitter:data2\" content=\"Auf Lager\" \/>\n<script type=\"application\/ld+json\" class=\"yoast-schema-graph\">{\"@context\":\"https:\\\/\\\/schema.org\",\"@graph\":[{\"@type\":\"WebPage\",\"@id\":\"https:\\\/\\\/www.stenogfritid.dk\\\/vare\\\/taenger\\\/\",\"url\":\"https:\\\/\\\/www.stenogfritid.dk\\\/vare\\\/taenger\\\/\",\"name\":\"T\u00e6nger - Smykkesten og Fritid\",\"isPartOf\":{\"@id\":\"https:\\\/\\\/www.stenogfritid.dk\\\/#website\"},\"primaryImageOfPage\":{\"@id\":\"https:\\\/\\\/www.stenogfritid.dk\\\/vare\\\/taenger\\\/#primaryimage\"},\"image\":{\"@id\":\"https:\\\/\\\/www.stenogfritid.dk\\\/vare\\\/taenger\\\/#primaryimage\"},\"thumbnailUrl\":\"https:\\\/\\\/www.stenogfritid.dk\\\/wp-content\\\/uploads\\\/2025\\\/12\\\/Img_PT-R004-03_2.jpg\",\"datePublished\":\"2025-12-23T10:38:19+00:00\",\"dateModified\":\"2026-01-18T21:14:33+00:00\",\"description\":\"T\u00e6nger\",\"breadcrumb\":{\"@id\":\"https:\\\/\\\/www.stenogfritid.dk\\\/vare\\\/taenger\\\/#breadcrumb\"},\"inLanguage\":\"de\",\"potentialAction\":[{\"@type\":\"ReadAction\",\"target\":[\"https:\\\/\\\/www.stenogfritid.dk\\\/vare\\\/taenger\\\/\"]}]},{\"@type\":\"ImageObject\",\"inLanguage\":\"de\",\"@id\":\"https:\\\/\\\/www.stenogfritid.dk\\\/vare\\\/taenger\\\/#primaryimage\",\"url\":\"https:\\\/\\\/www.stenogfritid.dk\\\/wp-content\\\/uploads\\\/2025\\\/12\\\/Img_PT-R004-03_2.jpg\",\"contentUrl\":\"https:\\\/\\\/www.stenogfritid.dk\\\/wp-content\\\/uploads\\\/2025\\\/12\\\/Img_PT-R004-03_2.jpg\",\"width\":800,\"height\":800},{\"@type\":\"BreadcrumbList\",\"@id\":\"https:\\\/\\\/www.stenogfritid.dk\\\/vare\\\/taenger\\\/#breadcrumb\",\"itemListElement\":[{\"@type\":\"ListItem\",\"position\":1,\"name\":\"Hjem\",\"item\":\"https:\\\/\\\/www.stenogfritid.dk\\\/\"},{\"@type\":\"ListItem\",\"position\":2,\"name\":\"Shop\",\"item\":\"https:\\\/\\\/www.stenogfritid.dk\\\/shop\\\/\"},{\"@type\":\"ListItem\",\"position\":3,\"name\":\"T\u00e6nger\"}]},{\"@type\":\"WebSite\",\"@id\":\"https:\\\/\\\/www.stenogfritid.dk\\\/#website\",\"url\":\"https:\\\/\\\/www.stenogfritid.dk\\\/\",\"name\":\"Smykkesten og Fritid\",\"description\":\"Garn, Krystyaller, Stenslibning, Smykkematerialer\",\"publisher\":{\"@id\":\"https:\\\/\\\/www.stenogfritid.dk\\\/#organization\"},\"potentialAction\":[{\"@type\":\"SearchAction\",\"target\":{\"@type\":\"EntryPoint\",\"urlTemplate\":\"https:\\\/\\\/www.stenogfritid.dk\\\/?s={search_term_string}\"},\"query-input\":{\"@type\":\"PropertyValueSpecification\",\"valueRequired\":true,\"valueName\":\"search_term_string\"}}],\"inLanguage\":\"de\"},{\"@type\":[\"Organization\",\"Place\",\"Store\"],\"@id\":\"https:\\\/\\\/www.stenogfritid.dk\\\/#organization\",\"name\":\"Smykkesten og Fritid I\\\/S\",\"alternateName\":\"www.stenogfritid.dk\",\"url\":\"https:\\\/\\\/www.stenogfritid.dk\\\/\",\"logo\":{\"@id\":\"https:\\\/\\\/www.stenogfritid.dk\\\/vare\\\/taenger\\\/#local-main-organization-logo\"},\"image\":{\"@id\":\"https:\\\/\\\/www.stenogfritid.dk\\\/vare\\\/taenger\\\/#local-main-organization-logo\"},\"sameAs\":[\"http:\\\/\\\/www.facebook.com\\\/smykkestenogfritid\"],\"ownershipFundingInfo\":\"https:\\\/\\\/www.stenogfritid.dk\\\/handelsbetingelser\\\/\",\"address\":{\"@id\":\"https:\\\/\\\/www.stenogfritid.dk\\\/vare\\\/taenger\\\/#local-main-place-address\"},\"geo\":{\"@type\":\"GeoCoordinates\",\"latitude\":\"55.974960\",\"longitude\":\"12.020150\"},\"openingHoursSpecification\":[{\"@type\":\"OpeningHoursSpecification\",\"dayOfWeek\":[\"Monday\",\"Sunday\"],\"opens\":\"00:00\",\"closes\":\"00:00\"},{\"@type\":\"OpeningHoursSpecification\",\"dayOfWeek\":[\"Tuesday\",\"Wednesday\",\"Thursday\"],\"opens\":\"10:00\",\"closes\":\"17:30\"},{\"@type\":\"OpeningHoursSpecification\",\"dayOfWeek\":[\"Friday\"],\"opens\":\"10:00\",\"closes\":\"18:00\"},{\"@type\":\"OpeningHoursSpecification\",\"dayOfWeek\":[\"Saturday\"],\"opens\":\"10:00\",\"closes\":\"14:00\"}],\"email\":\"kontakt@stenogfritid.dk\",\"vatID\":\"DK34386641\",\"priceRange\":\"$$\"},{\"@type\":\"PostalAddress\",\"@id\":\"https:\\\/\\\/www.stenogfritid.dk\\\/vare\\\/taenger\\\/#local-main-place-address\",\"streetAddress\":\"N\u00f8rregade 28A\",\"addressLocality\":\"Frederiksv\u00e6rk\",\"postalCode\":\"3300\",\"addressCountry\":\"DK\"},{\"@type\":\"ImageObject\",\"inLanguage\":\"de\",\"@id\":\"https:\\\/\\\/www.stenogfritid.dk\\\/vare\\\/taenger\\\/#local-main-organization-logo\",\"url\":\"https:\\\/\\\/www.stenogfritid.dk\\\/wp-content\\\/uploads\\\/2021\\\/12\\\/Smykkesten-LOGO_krk.png\",\"contentUrl\":\"https:\\\/\\\/www.stenogfritid.dk\\\/wp-content\\\/uploads\\\/2021\\\/12\\\/Smykkesten-LOGO_krk.png\",\"width\":361,\"height\":50,\"caption\":\"Smykkesten og Fritid I\\\/S\"}]}<\/script>\n<meta property=\"product:price:amount\" content=\"60.00\" \/>\n<meta property=\"product:price:currency\" content=\"DKK\" \/>\n<meta property=\"og:availability\" content=\"instock\" \/>\n<meta property=\"product:availability\" content=\"instock\" \/>\n<meta property=\"product:condition\" content=\"new\" \/>\n<meta name=\"geo.placename\" content=\"Frederiksv\u00e6rk\" \/>\n<meta name=\"geo.position\" content=\"55.974960;12.020150\" \/>\n<meta name=\"geo.region\" content=\"D\u00e4nemark\" \/>\n<!-- \/ Yoast SEO Premium plugin. -->","yoast_head_json":{"title":"Zangen - Schmuck und Freizeit","description":"Zange","robots":{"index":"index","follow":"follow","max-snippet":"max-snippet:-1","max-image-preview":"max-image-preview:large","max-video-preview":"max-video-preview:-1"},"canonical":"https:\/\/www.stenogfritid.dk\/de\/produkt-2\/kutter\/","og_locale":"de_DE","og_type":"article","og_title":"T\u00e6nger","og_description":"T\u00e6nger","og_url":"https:\/\/www.stenogfritid.dk\/de\/produkt-2\/kutter\/","og_site_name":"Smykkesten og Fritid","article_publisher":"http:\/\/www.facebook.com\/smykkestenogfritid","article_modified_time":"2026-01-18T21:14:33+00:00","og_image":[{"width":800,"height":800,"url":"https:\/\/www.stenogfritid.dk\/wp-content\/uploads\/2025\/12\/Img_PT-R004-03_2.jpg","type":"image\/jpeg"}],"twitter_misc":{"Preis":"60,00&nbsp;DKK","Verf\u00fcgbarkeit":"Auf Lager"},"schema":{"@context":"https:\/\/schema.org","@graph":[{"@type":"WebPage","@id":"https:\/\/www.stenogfritid.dk\/vare\/taenger\/","url":"https:\/\/www.stenogfritid.dk\/vare\/taenger\/","name":"Zangen - Schmuck und Freizeit","isPartOf":{"@id":"https:\/\/www.stenogfritid.dk\/#website"},"primaryImageOfPage":{"@id":"https:\/\/www.stenogfritid.dk\/vare\/taenger\/#primaryimage"},"image":{"@id":"https:\/\/www.stenogfritid.dk\/vare\/taenger\/#primaryimage"},"thumbnailUrl":"https:\/\/www.stenogfritid.dk\/wp-content\/uploads\/2025\/12\/Img_PT-R004-03_2.jpg","datePublished":"2025-12-23T10:38:19+00:00","dateModified":"2026-01-18T21:14:33+00:00","description":"Zange","breadcrumb":{"@id":"https:\/\/www.stenogfritid.dk\/vare\/taenger\/#breadcrumb"},"inLanguage":"de","potentialAction":[{"@type":"ReadAction","target":["https:\/\/www.stenogfritid.dk\/vare\/taenger\/"]}]},{"@type":"ImageObject","inLanguage":"de","@id":"https:\/\/www.stenogfritid.dk\/vare\/taenger\/#primaryimage","url":"https:\/\/www.stenogfritid.dk\/wp-content\/uploads\/2025\/12\/Img_PT-R004-03_2.jpg","contentUrl":"https:\/\/www.stenogfritid.dk\/wp-content\/uploads\/2025\/12\/Img_PT-R004-03_2.jpg","width":800,"height":800},{"@type":"BreadcrumbList","@id":"https:\/\/www.stenogfritid.dk\/vare\/taenger\/#breadcrumb","itemListElement":[{"@type":"ListItem","position":1,"name":"Hjem","item":"https:\/\/www.stenogfritid.dk\/"},{"@type":"ListItem","position":2,"name":"Shop","item":"https:\/\/www.stenogfritid.dk\/shop\/"},{"@type":"ListItem","position":3,"name":"T\u00e6nger"}]},{"@type":"WebSite","@id":"https:\/\/www.stenogfritid.dk\/#website","url":"https:\/\/www.stenogfritid.dk\/","name":"Edelsteine und Freizeit","description":"Garne, Kristalle, Steinschleifen, Schmuckmaterialien","publisher":{"@id":"https:\/\/www.stenogfritid.dk\/#organization"},"potentialAction":[{"@type":"SearchAction","target":{"@type":"EntryPoint","urlTemplate":"https:\/\/www.stenogfritid.dk\/?s={search_term_string}"},"query-input":{"@type":"PropertyValueSpecification","valueRequired":true,"valueName":"search_term_string"}}],"inLanguage":"de"},{"@type":["Organization","Place","Store"],"@id":"https:\/\/www.stenogfritid.dk\/#organization","name":"Schmuck und Freizeit I\/S","alternateName":"www.stenogfritid.dk","url":"https:\/\/www.stenogfritid.dk\/","logo":{"@id":"https:\/\/www.stenogfritid.dk\/vare\/taenger\/#local-main-organization-logo"},"image":{"@id":"https:\/\/www.stenogfritid.dk\/vare\/taenger\/#local-main-organization-logo"},"sameAs":["http:\/\/www.facebook.com\/smykkestenogfritid"],"ownershipFundingInfo":"https:\/\/www.stenogfritid.dk\/handelsbetingelser\/","address":{"@id":"https:\/\/www.stenogfritid.dk\/vare\/taenger\/#local-main-place-address"},"geo":{"@type":"GeoCoordinates","latitude":"55.974960","longitude":"12.020150"},"openingHoursSpecification":[{"@type":"OpeningHoursSpecification","dayOfWeek":["Monday","Sunday"],"opens":"00:00","closes":"00:00"},{"@type":"OpeningHoursSpecification","dayOfWeek":["Tuesday","Wednesday","Thursday"],"opens":"10:00","closes":"17:30"},{"@type":"OpeningHoursSpecification","dayOfWeek":["Friday"],"opens":"10:00","closes":"18:00"},{"@type":"OpeningHoursSpecification","dayOfWeek":["Saturday"],"opens":"10:00","closes":"14:00"}],"email":"kontakt@stenogfritid.dk","vatID":"DK34386641","priceRange":"$$"},{"@type":"PostalAddress","@id":"https:\/\/www.stenogfritid.dk\/vare\/taenger\/#local-main-place-address","streetAddress":"N\u00f8rregade 28A","addressLocality":"Frederiksv\u00e6rk","postalCode":"3300","addressCountry":"DK"},{"@type":"ImageObject","inLanguage":"de","@id":"https:\/\/www.stenogfritid.dk\/vare\/taenger\/#local-main-organization-logo","url":"https:\/\/www.stenogfritid.dk\/wp-content\/uploads\/2021\/12\/Smykkesten-LOGO_krk.png","contentUrl":"https:\/\/www.stenogfritid.dk\/wp-content\/uploads\/2021\/12\/Smykkesten-LOGO_krk.png","width":361,"height":50,"caption":"Smykkesten og Fritid I\/S"}]},"product_price_amount":"60.00","product_price_currency":"DKK","og_availability":"instock","product_availability":"instock","product_condition":"new","geo.placename":"Frederiksv\u00e6rk","geo.position":{"lat":"55.974960","long":"12.020150"},"geo.region":"D\u00e4nemark"},"_links":{"self":[{"href":"https:\/\/www.stenogfritid.dk\/de\/wp-json\/wp\/v2\/product\/90699","targetHints":{"allow":["GET"]}}],"collection":[{"href":"https:\/\/www.stenogfritid.dk\/de\/wp-json\/wp\/v2\/product"}],"about":[{"href":"https:\/\/www.stenogfritid.dk\/de\/wp-json\/wp\/v2\/types\/product"}],"version-history":[{"count":1,"href":"https:\/\/www.stenogfritid.dk\/de\/wp-json\/wp\/v2\/product\/90699\/revisions"}],"predecessor-version":[{"id":90703,"href":"https:\/\/www.stenogfritid.dk\/de\/wp-json\/wp\/v2\/product\/90699\/revisions\/90703"}],"wp:featuredmedia":[{"embeddable":true,"href":"https:\/\/www.stenogfritid.dk\/de\/wp-json\/wp\/v2\/media\/90702"}],"wp:attachment":[{"href":"https:\/\/www.stenogfritid.dk\/de\/wp-json\/wp\/v2\/media?parent=90699"}],"wp:term":[{"taxonomy":"product_brand","embeddable":true,"href":"https:\/\/www.stenogfritid.dk\/de\/wp-json\/wp\/v2\/product_brand?post=90699"},{"taxonomy":"product_cat","embeddable":true,"href":"https:\/\/www.stenogfritid.dk\/de\/wp-json\/wp\/v2\/product_cat?post=90699"},{"taxonomy":"product_tag","embeddable":true,"href":"https:\/\/www.stenogfritid.dk\/de\/wp-json\/wp\/v2\/product_tag?post=90699"}],"curies":[{"name":"wp","href":"https:\/\/api.w.org\/{rel}","templated":true}]}}