{"id":32799,"date":"2023-10-20T16:54:15","date_gmt":"2023-10-20T15:54:15","guid":{"rendered":"https:\/\/www.stenogfritid.dk\/?post_type=product&#038;p=32799"},"modified":"2024-04-16T13:46:16","modified_gmt":"2024-04-16T12:46:16","slug":"moby-slipover","status":"publish","type":"product","link":"https:\/\/www.stenogfritid.dk\/en\/product-2\/moby-slipover\/","title":{"rendered":"Moby Slipover"},"content":{"rendered":"<div class=\"easytabs-content-holder\" role=\"tabpanel\">\n<p><strong>Materialer: Forslag 1: <\/strong>300 (300) 300-400 (400) 400-500 (500) 500 (500) 500-600 g Tinde fra Hillesv\u00e5g Ullvarefabrikk (100 g = 260 m)\u00a0<strong>eller<\/strong> Dansk Pelsuld 5,5\/2 fra Hjelholt Uldspinderi (100 g = 275 m)<\/p>\n<p><strong>Forslag 2: <\/strong>150 (150) 150 (200) 200-250 (250) 250 (250-300) 300 g Tvinni fra Isager Yarn (50 g = 255 m) <strong>eller <\/strong>200 (200) 200 (250) 250-300 (300) 300-350 (350) 350 g Tynn Peer Gynt fra Sandnes Garn (50 g = 205 m) <strong>strikkes sammen med <\/strong>100 (100) 100 (125) 125-150 (150) 150 (150-175) 175 g Silk Mohair fra Isager Yarn (25 g = 212 m) <strong>eller <\/strong>Soft Silk Mohair fra Knitting for Olive (25 g = 225 m) <strong>eller <\/strong>Tynn Silk Mohair fra Sandnes Garn (25 g = 212 m)<\/p>\n<p><strong>Sv\u00e6rhedsgrad<\/strong>: \u2605\u00a0\u2605 \u2605 \u2605 \u2605 (5 ud af 5)<\/p>\n<p>Se klassifikationen af sv\u00e6rhedsgrad\u00a0<a title=\"FAQ\" href=\"https:\/\/www.petiteknit.com\/pages\/svaerhedsgrad\">her<\/a>.<\/p>\n<p>Opskriften sendes som PDF-fil til din mail.<\/p>\n<p>Den m\u00f8rkegr\u00e5 Moby Slipover er strikket i Tinde fra Hillesv\u00e5g Ullvarefabrikk i farven Naturgr\u00e5\u00a0[2115].<\/p>\n<p>Den lysegr\u00e5 Moby Slipover er strikket i\u00a0Tynn Peer Gynt\u00a0fra Sandnes Garn\u00a0i farven\u00a0Lys gr\u00e5melert\u00a0[1021] sammen med Tynn Silk Mohair fra Sandnes Garn i farven Kitt [1015].<\/p>\n<p>Den gr\u00e5 Moby Slipover i 4XL er strikket i Alpaca 2 fra Isager i farve 3S sammen med Silk Mohair fra Isager i farve 3S.<\/p>\n<\/div>\n","protected":false},"excerpt":{"rendered":"<p>Moby Slipover is worked from the top down. First the back is worked and then stitches are picked up in the cast-on edge of the back to form the shoulders, which are joined at the front to form the front. The back and front are joined under the armhole to form the body, which is worked in the round on circular needles. Ribbed edges are then worked along the neck opening and armhole. Make a swatch to check which needle size you need to hit the gauge - note that this can vary from yarn to yarn. Make sure to wash the swatch, as textured knitwear can grow when washed.<\/p>\n<p><strong>Size guide<\/strong><\/p>\n<p>Moby Slipover should have a movement space (<em>positive ease) <\/em>of 10-15 cm in relation to your chest measurement. Sizes XS (S) M (L) XL (2XL) 3XL (4XL) 5XL correspond to a chest measurement of 80-85 (85-90) 90-95 (95-100) 100-110 (110-120) 120-130 (130-140) 140-150 cm. The measurements of the finished slipover are given on the front of the pattern. Measure yourself before you start knitting to assess which size will fit you best. For example, if you measure 90 cm around your chest (or the widest part of your body), you should knit a size S. A size S slipover has a width of 102 cm. S has a width of 102 cm and will, in this example, provide a room to move (<em>positive ease<\/em>) of 12 cm.<\/p>\n<p><strong>Sizes:\u00a0<\/strong>XS (S) M (L) XL (2XL) 3XL (4XL) 5XL<\/p>\n<p><strong>The target of the slipover:\u00a0<\/strong>Span: 97 (102) 108 (113) 120 (130) 138 (148) 158 cm<\/p>\n<p>Length centre back: 52 (53) 55 (57) 59 (59) 61 (63) 64 cm (without neck edge)<\/p>\n<p><strong>Knitting tension:\u00a0<\/strong>24 stitches x 30 rows in textured knit on 3.5 mm needles = 10 x 10 cm after washing and blocking<\/p>\n<p><strong>Guiding sticks:\u00a0<\/strong>3.5 mm circular needle (60, 80 and\/or 100 cm), 3 mm circular needle (40 cm), twisting needle<\/p>","protected":false},"featured_media":32800,"template":"","meta":{"_acf_changed":false},"product_brand":[],"product_cat":[1306],"product_tag":[1310],"class_list":{"0":"post-32799","1":"product","2":"type-product","3":"status-publish","4":"has-post-thumbnail","6":"product_cat-petiteknit_kvinde","7":"product_tag-petiteknit","9":"first","10":"outofstock","11":"taxable","12":"shipping-taxable","13":"purchasable","14":"product-type-simple"},"acf":[],"yoast_head":"<!-- This site is optimized with the Yoast SEO Premium plugin v21.7 (Yoast SEO v27.5) - https:\/\/yoast.com\/product\/yoast-seo-premium-wordpress\/ -->\n<title>Moby Slipover - Smykkesten og Fritid<\/title>\n<meta name=\"description\" content=\"Moby Slipover\" \/>\n<meta name=\"robots\" content=\"index, follow, max-snippet:-1, max-image-preview:large, max-video-preview:-1\" \/>\n<link rel=\"canonical\" href=\"https:\/\/www.stenogfritid.dk\/en\/product-2\/moby-slipover\/\" \/>\n<meta property=\"og:locale\" content=\"en_GB\" \/>\n<meta property=\"og:type\" content=\"article\" \/>\n<meta property=\"og:title\" content=\"Moby Slipover\" \/>\n<meta property=\"og:description\" content=\"Moby Slipover\" \/>\n<meta property=\"og:url\" content=\"https:\/\/www.stenogfritid.dk\/en\/product-2\/moby-slipover\/\" \/>\n<meta property=\"og:site_name\" content=\"Smykkesten og Fritid\" \/>\n<meta property=\"article:publisher\" content=\"http:\/\/www.facebook.com\/smykkestenogfritid\" \/>\n<meta property=\"article:modified_time\" content=\"2024-04-16T12:46:16+00:00\" \/>\n<meta property=\"og:image\" content=\"https:\/\/www.stenogfritid.dk\/wp-content\/uploads\/2023\/10\/mobyslipoverhildesvagsensommer2_1500x1500.jpg\" \/>\n\t<meta property=\"og:image:width\" content=\"400\" \/>\n\t<meta property=\"og:image:height\" content=\"500\" \/>\n\t<meta property=\"og:image:type\" content=\"image\/jpeg\" \/>\n<meta name=\"twitter:label1\" content=\"Price\" \/>\n\t<meta name=\"twitter:data1\" content=\"50,00&nbsp;DKK\" \/>\n\t<meta name=\"twitter:label2\" content=\"Availability\" \/>\n\t<meta name=\"twitter:data2\" content=\"Out of stock\" \/>\n<script type=\"application\/ld+json\" class=\"yoast-schema-graph\">{\"@context\":\"https:\\\/\\\/schema.org\",\"@graph\":[{\"@type\":\"WebPage\",\"@id\":\"https:\\\/\\\/www.stenogfritid.dk\\\/vare\\\/moby-slipover\\\/\",\"url\":\"https:\\\/\\\/www.stenogfritid.dk\\\/vare\\\/moby-slipover\\\/\",\"name\":\"Moby Slipover - Smykkesten og Fritid\",\"isPartOf\":{\"@id\":\"https:\\\/\\\/www.stenogfritid.dk\\\/#website\"},\"primaryImageOfPage\":{\"@id\":\"https:\\\/\\\/www.stenogfritid.dk\\\/vare\\\/moby-slipover\\\/#primaryimage\"},\"image\":{\"@id\":\"https:\\\/\\\/www.stenogfritid.dk\\\/vare\\\/moby-slipover\\\/#primaryimage\"},\"thumbnailUrl\":\"https:\\\/\\\/www.stenogfritid.dk\\\/wp-content\\\/uploads\\\/2023\\\/10\\\/mobyslipoverhildesvagsensommer2_1500x1500.jpg\",\"datePublished\":\"2023-10-20T15:54:15+00:00\",\"dateModified\":\"2024-04-16T12:46:16+00:00\",\"description\":\"Moby Slipover\",\"breadcrumb\":{\"@id\":\"https:\\\/\\\/www.stenogfritid.dk\\\/vare\\\/moby-slipover\\\/#breadcrumb\"},\"inLanguage\":\"en-GB\",\"potentialAction\":[{\"@type\":\"ReadAction\",\"target\":[\"https:\\\/\\\/www.stenogfritid.dk\\\/vare\\\/moby-slipover\\\/\"]}]},{\"@type\":\"ImageObject\",\"inLanguage\":\"en-GB\",\"@id\":\"https:\\\/\\\/www.stenogfritid.dk\\\/vare\\\/moby-slipover\\\/#primaryimage\",\"url\":\"https:\\\/\\\/www.stenogfritid.dk\\\/wp-content\\\/uploads\\\/2023\\\/10\\\/mobyslipoverhildesvagsensommer2_1500x1500.jpg\",\"contentUrl\":\"https:\\\/\\\/www.stenogfritid.dk\\\/wp-content\\\/uploads\\\/2023\\\/10\\\/mobyslipoverhildesvagsensommer2_1500x1500.jpg\",\"width\":400,\"height\":500},{\"@type\":\"BreadcrumbList\",\"@id\":\"https:\\\/\\\/www.stenogfritid.dk\\\/vare\\\/moby-slipover\\\/#breadcrumb\",\"itemListElement\":[{\"@type\":\"ListItem\",\"position\":1,\"name\":\"Hjem\",\"item\":\"https:\\\/\\\/www.stenogfritid.dk\\\/\"},{\"@type\":\"ListItem\",\"position\":2,\"name\":\"Shop\",\"item\":\"https:\\\/\\\/www.stenogfritid.dk\\\/shop\\\/\"},{\"@type\":\"ListItem\",\"position\":3,\"name\":\"Moby Slipover\"}]},{\"@type\":\"WebSite\",\"@id\":\"https:\\\/\\\/www.stenogfritid.dk\\\/#website\",\"url\":\"https:\\\/\\\/www.stenogfritid.dk\\\/\",\"name\":\"Smykkesten og Fritid\",\"description\":\"Garn, Krystyaller, Stenslibning, Smykkematerialer\",\"publisher\":{\"@id\":\"https:\\\/\\\/www.stenogfritid.dk\\\/#organization\"},\"potentialAction\":[{\"@type\":\"SearchAction\",\"target\":{\"@type\":\"EntryPoint\",\"urlTemplate\":\"https:\\\/\\\/www.stenogfritid.dk\\\/?s={search_term_string}\"},\"query-input\":{\"@type\":\"PropertyValueSpecification\",\"valueRequired\":true,\"valueName\":\"search_term_string\"}}],\"inLanguage\":\"en-GB\"},{\"@type\":[\"Organization\",\"Place\",\"Store\"],\"@id\":\"https:\\\/\\\/www.stenogfritid.dk\\\/#organization\",\"name\":\"Smykkesten og Fritid I\\\/S\",\"alternateName\":\"www.stenogfritid.dk\",\"url\":\"https:\\\/\\\/www.stenogfritid.dk\\\/\",\"logo\":{\"@id\":\"https:\\\/\\\/www.stenogfritid.dk\\\/vare\\\/moby-slipover\\\/#local-main-organization-logo\"},\"image\":{\"@id\":\"https:\\\/\\\/www.stenogfritid.dk\\\/vare\\\/moby-slipover\\\/#local-main-organization-logo\"},\"sameAs\":[\"http:\\\/\\\/www.facebook.com\\\/smykkestenogfritid\"],\"ownershipFundingInfo\":\"https:\\\/\\\/www.stenogfritid.dk\\\/handelsbetingelser\\\/\",\"address\":{\"@id\":\"https:\\\/\\\/www.stenogfritid.dk\\\/vare\\\/moby-slipover\\\/#local-main-place-address\"},\"geo\":{\"@type\":\"GeoCoordinates\",\"latitude\":\"55.974960\",\"longitude\":\"12.020150\"},\"openingHoursSpecification\":[{\"@type\":\"OpeningHoursSpecification\",\"dayOfWeek\":[\"Monday\",\"Sunday\"],\"opens\":\"00:00\",\"closes\":\"00:00\"},{\"@type\":\"OpeningHoursSpecification\",\"dayOfWeek\":[\"Tuesday\",\"Wednesday\",\"Thursday\"],\"opens\":\"10:00\",\"closes\":\"17:30\"},{\"@type\":\"OpeningHoursSpecification\",\"dayOfWeek\":[\"Friday\"],\"opens\":\"10:00\",\"closes\":\"18:00\"},{\"@type\":\"OpeningHoursSpecification\",\"dayOfWeek\":[\"Saturday\"],\"opens\":\"10:00\",\"closes\":\"14:00\"}],\"email\":\"kontakt@stenogfritid.dk\",\"vatID\":\"DK34386641\",\"priceRange\":\"$$\"},{\"@type\":\"PostalAddress\",\"@id\":\"https:\\\/\\\/www.stenogfritid.dk\\\/vare\\\/moby-slipover\\\/#local-main-place-address\",\"streetAddress\":\"N\u00f8rregade 28A\",\"addressLocality\":\"Frederiksv\u00e6rk\",\"postalCode\":\"3300\",\"addressCountry\":\"DK\"},{\"@type\":\"ImageObject\",\"inLanguage\":\"en-GB\",\"@id\":\"https:\\\/\\\/www.stenogfritid.dk\\\/vare\\\/moby-slipover\\\/#local-main-organization-logo\",\"url\":\"https:\\\/\\\/www.stenogfritid.dk\\\/wp-content\\\/uploads\\\/2021\\\/12\\\/Smykkesten-LOGO_krk.png\",\"contentUrl\":\"https:\\\/\\\/www.stenogfritid.dk\\\/wp-content\\\/uploads\\\/2021\\\/12\\\/Smykkesten-LOGO_krk.png\",\"width\":361,\"height\":50,\"caption\":\"Smykkesten og Fritid I\\\/S\"}]}<\/script>\n<meta property=\"product:price:amount\" content=\"50.00\" \/>\n<meta property=\"product:price:currency\" content=\"DKK\" \/>\n<meta property=\"og:availability\" content=\"out of stock\" \/>\n<meta property=\"product:availability\" content=\"out of stock\" \/>\n<meta property=\"product:retailer_item_id\" content=\"T0242-dk\" \/>\n<meta property=\"product:condition\" content=\"new\" \/>\n<meta name=\"geo.placename\" content=\"Frederiksv\u00e6rk\" \/>\n<meta name=\"geo.position\" content=\"55.974960;12.020150\" \/>\n<meta name=\"geo.region\" content=\"Denmark\" \/>\n<!-- \/ Yoast SEO Premium plugin. -->","yoast_head_json":{"title":"Moby Slipover - Jewellery and Leisure","description":"Moby Slipover","robots":{"index":"index","follow":"follow","max-snippet":"max-snippet:-1","max-image-preview":"max-image-preview:large","max-video-preview":"max-video-preview:-1"},"canonical":"https:\/\/www.stenogfritid.dk\/en\/product-2\/moby-slipover\/","og_locale":"en_GB","og_type":"article","og_title":"Moby Slipover","og_description":"Moby Slipover","og_url":"https:\/\/www.stenogfritid.dk\/en\/product-2\/moby-slipover\/","og_site_name":"Smykkesten og Fritid","article_publisher":"http:\/\/www.facebook.com\/smykkestenogfritid","article_modified_time":"2024-04-16T12:46:16+00:00","og_image":[{"width":400,"height":500,"url":"https:\/\/www.stenogfritid.dk\/wp-content\/uploads\/2023\/10\/mobyslipoverhildesvagsensommer2_1500x1500.jpg","type":"image\/jpeg"}],"twitter_misc":{"Price":"50,00&nbsp;DKK","Availability":"Out of stock"},"schema":{"@context":"https:\/\/schema.org","@graph":[{"@type":"WebPage","@id":"https:\/\/www.stenogfritid.dk\/vare\/moby-slipover\/","url":"https:\/\/www.stenogfritid.dk\/vare\/moby-slipover\/","name":"Moby Slipover - Jewellery and Leisure","isPartOf":{"@id":"https:\/\/www.stenogfritid.dk\/#website"},"primaryImageOfPage":{"@id":"https:\/\/www.stenogfritid.dk\/vare\/moby-slipover\/#primaryimage"},"image":{"@id":"https:\/\/www.stenogfritid.dk\/vare\/moby-slipover\/#primaryimage"},"thumbnailUrl":"https:\/\/www.stenogfritid.dk\/wp-content\/uploads\/2023\/10\/mobyslipoverhildesvagsensommer2_1500x1500.jpg","datePublished":"2023-10-20T15:54:15+00:00","dateModified":"2024-04-16T12:46:16+00:00","description":"Moby Slipover","breadcrumb":{"@id":"https:\/\/www.stenogfritid.dk\/vare\/moby-slipover\/#breadcrumb"},"inLanguage":"en-GB","potentialAction":[{"@type":"ReadAction","target":["https:\/\/www.stenogfritid.dk\/vare\/moby-slipover\/"]}]},{"@type":"ImageObject","inLanguage":"en-GB","@id":"https:\/\/www.stenogfritid.dk\/vare\/moby-slipover\/#primaryimage","url":"https:\/\/www.stenogfritid.dk\/wp-content\/uploads\/2023\/10\/mobyslipoverhildesvagsensommer2_1500x1500.jpg","contentUrl":"https:\/\/www.stenogfritid.dk\/wp-content\/uploads\/2023\/10\/mobyslipoverhildesvagsensommer2_1500x1500.jpg","width":400,"height":500},{"@type":"BreadcrumbList","@id":"https:\/\/www.stenogfritid.dk\/vare\/moby-slipover\/#breadcrumb","itemListElement":[{"@type":"ListItem","position":1,"name":"Hjem","item":"https:\/\/www.stenogfritid.dk\/"},{"@type":"ListItem","position":2,"name":"Shop","item":"https:\/\/www.stenogfritid.dk\/shop\/"},{"@type":"ListItem","position":3,"name":"Moby Slipover"}]},{"@type":"WebSite","@id":"https:\/\/www.stenogfritid.dk\/#website","url":"https:\/\/www.stenogfritid.dk\/","name":"Jewellery and Leisure","description":"Yarn, Crystal crystals, Stone grinding, Jewellery materials","publisher":{"@id":"https:\/\/www.stenogfritid.dk\/#organization"},"potentialAction":[{"@type":"SearchAction","target":{"@type":"EntryPoint","urlTemplate":"https:\/\/www.stenogfritid.dk\/?s={search_term_string}"},"query-input":{"@type":"PropertyValueSpecification","valueRequired":true,"valueName":"search_term_string"}}],"inLanguage":"en-GB"},{"@type":["Organization","Place","Store"],"@id":"https:\/\/www.stenogfritid.dk\/#organization","name":"Jewellery and Leisure I\/S","alternateName":"www.stenogfritid.dk","url":"https:\/\/www.stenogfritid.dk\/","logo":{"@id":"https:\/\/www.stenogfritid.dk\/vare\/moby-slipover\/#local-main-organization-logo"},"image":{"@id":"https:\/\/www.stenogfritid.dk\/vare\/moby-slipover\/#local-main-organization-logo"},"sameAs":["http:\/\/www.facebook.com\/smykkestenogfritid"],"ownershipFundingInfo":"https:\/\/www.stenogfritid.dk\/handelsbetingelser\/","address":{"@id":"https:\/\/www.stenogfritid.dk\/vare\/moby-slipover\/#local-main-place-address"},"geo":{"@type":"GeoCoordinates","latitude":"55.974960","longitude":"12.020150"},"openingHoursSpecification":[{"@type":"OpeningHoursSpecification","dayOfWeek":["Monday","Sunday"],"opens":"00:00","closes":"00:00"},{"@type":"OpeningHoursSpecification","dayOfWeek":["Tuesday","Wednesday","Thursday"],"opens":"10:00","closes":"17:30"},{"@type":"OpeningHoursSpecification","dayOfWeek":["Friday"],"opens":"10:00","closes":"18:00"},{"@type":"OpeningHoursSpecification","dayOfWeek":["Saturday"],"opens":"10:00","closes":"14:00"}],"email":"kontakt@stenogfritid.dk","vatID":"DK34386641","priceRange":"$$"},{"@type":"PostalAddress","@id":"https:\/\/www.stenogfritid.dk\/vare\/moby-slipover\/#local-main-place-address","streetAddress":"N\u00f8rregade 28A","addressLocality":"Frederiksv\u00e6rk","postalCode":"3300","addressCountry":"DK"},{"@type":"ImageObject","inLanguage":"en-GB","@id":"https:\/\/www.stenogfritid.dk\/vare\/moby-slipover\/#local-main-organization-logo","url":"https:\/\/www.stenogfritid.dk\/wp-content\/uploads\/2021\/12\/Smykkesten-LOGO_krk.png","contentUrl":"https:\/\/www.stenogfritid.dk\/wp-content\/uploads\/2021\/12\/Smykkesten-LOGO_krk.png","width":361,"height":50,"caption":"Smykkesten og Fritid I\/S"}]},"product_price_amount":"50.00","product_price_currency":"DKK","og_availability":"out of stock","product_availability":"out of stock","product_retailer_item_id":"T0242-dk","product_condition":"new","geo.placename":"Frederiksv\u00e6rk","geo.position":{"lat":"55.974960","long":"12.020150"},"geo.region":"Denmark"},"_links":{"self":[{"href":"https:\/\/www.stenogfritid.dk\/en\/wp-json\/wp\/v2\/product\/32799","targetHints":{"allow":["GET"]}}],"collection":[{"href":"https:\/\/www.stenogfritid.dk\/en\/wp-json\/wp\/v2\/product"}],"about":[{"href":"https:\/\/www.stenogfritid.dk\/en\/wp-json\/wp\/v2\/types\/product"}],"version-history":[{"count":0,"href":"https:\/\/www.stenogfritid.dk\/en\/wp-json\/wp\/v2\/product\/32799\/revisions"}],"wp:featuredmedia":[{"embeddable":true,"href":"https:\/\/www.stenogfritid.dk\/en\/wp-json\/wp\/v2\/media\/32800"}],"wp:attachment":[{"href":"https:\/\/www.stenogfritid.dk\/en\/wp-json\/wp\/v2\/media?parent=32799"}],"wp:term":[{"taxonomy":"product_brand","embeddable":true,"href":"https:\/\/www.stenogfritid.dk\/en\/wp-json\/wp\/v2\/product_brand?post=32799"},{"taxonomy":"product_cat","embeddable":true,"href":"https:\/\/www.stenogfritid.dk\/en\/wp-json\/wp\/v2\/product_cat?post=32799"},{"taxonomy":"product_tag","embeddable":true,"href":"https:\/\/www.stenogfritid.dk\/en\/wp-json\/wp\/v2\/product_tag?post=32799"}],"curies":[{"name":"wp","href":"https:\/\/api.w.org\/{rel}","templated":true}]}}