{"id":32740,"date":"2023-10-20T16:18:02","date_gmt":"2023-10-20T15:18:02","guid":{"rendered":"https:\/\/www.stenogfritid.dk\/?post_type=product&#038;p=32740"},"modified":"2024-04-16T16:29:30","modified_gmt":"2024-04-16T15:29:30","slug":"32740","status":"publish","type":"product","link":"https:\/\/www.stenogfritid.dk\/sv\/gaa-till\/32740\/","title":{"rendered":"Festival-tr\u00f6ja"},"content":{"rendered":"<div class=\"easytabs-content-holder\" role=\"tabpanel\">\n<p><strong>Garnforslag:<\/strong>\u00a0200 (200-250) 250 (250-300) 300 (300-350) 350 (350) 400 (450) g Double Sunday fra Sandnes Garn (50 g = 108 m) til bundfarve, ca. 40 (40) 40 (45) 50 (55) 60 (70) 85 (100) g Double Sunday fra Sandnes Garn (50 g = 108 m) til striber (dvs. halvdelen af garnforbruget til hver stribefarve, hvis der strikkes striber i to farver).<\/p>\n<p><strong>Sv\u00e6rhedsgrad<\/strong>: \u2605\u00a0\u2605\u00a0\u2605\u00a0(3\u00a0ud af 5)<\/p>\n<p>Se klassifikationen af sv\u00e6rhedsgrad\u00a0<a title=\"FAQ\" href=\"https:\/\/www.petiteknit.com\/pages\/svaerhedsgrad\">her<\/a>.<\/p>\n<p>Opskriften sendes som PDF-fil til din mail.<\/p>\n<p>Den hvide, bl\u00e5 og orange Festival\u00a0Sweater er strikket i\u00a0Double Sunday\u00a0fra\u00a0Sandnes Garn i farven Almond [2511] med striber i farverne\u00a0That orange feeling [3819] og Pale blue [5930].<\/p>\n<p>Den\u00a0mangefarvede\u00a0Festival\u00a0Sweater er strikket i\u00a0Double Sunday\u00a0fra\u00a0Sandnes Garn i farven Almond [2511] med striber i farverne\u00a0Pale blue [5930],\u00a0That orange feeling [3819], Ballet shoes [3521] og Into the woods [9882].<\/p>\n<p>Den brune Festival Sweater er strikket i Double Sunday fra Sandnes Garn i farven Camel [2542] med striber i farven Sailor in the dark [5581].<\/p>\n<\/div>\n","protected":false},"excerpt":{"rendered":"<p>Festival Sweater stickas uppifr\u00e5n och ner. Halskanten viks \u00f6ver och stickas ner och det stickas korta varv f\u00f6r att forma halsringningen, d\u00e4refter stickas det \u00f6kningar j\u00e4mnt f\u00f6rdelat \u00f6ver det runda oket. R\u00e4nderna stickas med en bubbelteknik.<\/p>\n<p><strong>Storlek:\u00a0<\/strong>1-2 (2-3) 3-4 (4-5) 5-6 (6-7) 7-8 (8-10) 10-12 (12-14) \u00e5r<\/p>\n<p><strong>Tr\u00f6jans \u00f6vre bredd:<\/strong> 65 (68) 71 (73) 76 (78) 83 (89) 93 (99) cm<\/p>\n<p><strong>L\u00e4ngd:\u00a0<\/strong>35 (37) 39 (42) 44 (46) 49 (51) 52 (54) cm m\u00e4tt mitt bak utan nackkant<\/p>\n<p><strong>Stryksp\u00e4nning:\u00a0<\/strong>21 maskor x 28 varv i sl\u00e4tstickning p\u00e5 stickor nr 4 = 10 x 10 cm<\/p>\n<p><strong>V\u00e4gledande pinnar:\u00a0<\/strong>Rundsticka 3,5 mm (40, 60 och\/eller 80 cm), rundsticka 4 mm (40, 60 och\/eller 80 cm), strumpstickor 3,5 och 4 mm<\/p>","protected":false},"featured_media":32741,"template":"","meta":{"_acf_changed":false},"product_brand":[],"product_cat":[1307],"product_tag":[],"class_list":{"0":"post-32740","1":"product","2":"type-product","3":"status-publish","4":"has-post-thumbnail","6":"product_cat-petiteknit_baby_boern","8":"first","9":"outofstock","10":"taxable","11":"shipping-taxable","12":"purchasable","13":"product-type-simple"},"acf":[],"yoast_head":"<!-- This site is optimized with the Yoast SEO Premium plugin v21.7 (Yoast SEO v27.5) - https:\/\/yoast.com\/product\/yoast-seo-premium-wordpress\/ -->\n<title>Festival Sweater - Smykkesten og Fritid<\/title>\n<meta name=\"description\" content=\"Festival Sweater\" \/>\n<meta name=\"robots\" content=\"index, follow, max-snippet:-1, max-image-preview:large, max-video-preview:-1\" \/>\n<link rel=\"canonical\" href=\"https:\/\/www.stenogfritid.dk\/sv\/gaa-till\/32740\/\" \/>\n<meta property=\"og:locale\" content=\"sv_SE\" \/>\n<meta property=\"og:type\" content=\"article\" \/>\n<meta property=\"og:title\" content=\"Festival Sweater\" \/>\n<meta property=\"og:description\" content=\"Festival Sweater\" \/>\n<meta property=\"og:url\" content=\"https:\/\/www.stenogfritid.dk\/sv\/gaa-till\/32740\/\" \/>\n<meta property=\"og:site_name\" content=\"Smykkesten og Fritid\" \/>\n<meta property=\"article:publisher\" content=\"http:\/\/www.facebook.com\/smykkestenogfritid\" \/>\n<meta property=\"article:modified_time\" content=\"2024-04-16T15:29:30+00:00\" \/>\n<meta property=\"og:image\" content=\"https:\/\/www.stenogfritid.dk\/wp-content\/uploads\/2023\/10\/Festivalellen_1500x1500.jpg\" \/>\n\t<meta property=\"og:image:width\" content=\"400\" \/>\n\t<meta property=\"og:image:height\" content=\"500\" \/>\n\t<meta property=\"og:image:type\" content=\"image\/jpeg\" \/>\n<meta name=\"twitter:label1\" content=\"Pris\" \/>\n\t<meta name=\"twitter:data1\" content=\"45,00&nbsp;DKK\" \/>\n\t<meta name=\"twitter:label2\" content=\"Tillg\u00e4nglig\" \/>\n\t<meta name=\"twitter:data2\" content=\"Slut i lager\" \/>\n<script type=\"application\/ld+json\" class=\"yoast-schema-graph\">{\"@context\":\"https:\\\/\\\/schema.org\",\"@graph\":[{\"@type\":\"WebPage\",\"@id\":\"https:\\\/\\\/www.stenogfritid.dk\\\/vare\\\/32740\\\/\",\"url\":\"https:\\\/\\\/www.stenogfritid.dk\\\/vare\\\/32740\\\/\",\"name\":\"Festival Sweater - Smykkesten og Fritid\",\"isPartOf\":{\"@id\":\"https:\\\/\\\/www.stenogfritid.dk\\\/#website\"},\"primaryImageOfPage\":{\"@id\":\"https:\\\/\\\/www.stenogfritid.dk\\\/vare\\\/32740\\\/#primaryimage\"},\"image\":{\"@id\":\"https:\\\/\\\/www.stenogfritid.dk\\\/vare\\\/32740\\\/#primaryimage\"},\"thumbnailUrl\":\"https:\\\/\\\/www.stenogfritid.dk\\\/wp-content\\\/uploads\\\/2023\\\/10\\\/Festivalellen_1500x1500.jpg\",\"datePublished\":\"2023-10-20T15:18:02+00:00\",\"dateModified\":\"2024-04-16T15:29:30+00:00\",\"description\":\"Festival Sweater\",\"breadcrumb\":{\"@id\":\"https:\\\/\\\/www.stenogfritid.dk\\\/vare\\\/32740\\\/#breadcrumb\"},\"inLanguage\":\"sv-SE\",\"potentialAction\":[{\"@type\":\"ReadAction\",\"target\":[\"https:\\\/\\\/www.stenogfritid.dk\\\/vare\\\/32740\\\/\"]}]},{\"@type\":\"ImageObject\",\"inLanguage\":\"sv-SE\",\"@id\":\"https:\\\/\\\/www.stenogfritid.dk\\\/vare\\\/32740\\\/#primaryimage\",\"url\":\"https:\\\/\\\/www.stenogfritid.dk\\\/wp-content\\\/uploads\\\/2023\\\/10\\\/Festivalellen_1500x1500.jpg\",\"contentUrl\":\"https:\\\/\\\/www.stenogfritid.dk\\\/wp-content\\\/uploads\\\/2023\\\/10\\\/Festivalellen_1500x1500.jpg\",\"width\":400,\"height\":500},{\"@type\":\"BreadcrumbList\",\"@id\":\"https:\\\/\\\/www.stenogfritid.dk\\\/vare\\\/32740\\\/#breadcrumb\",\"itemListElement\":[{\"@type\":\"ListItem\",\"position\":1,\"name\":\"Hjem\",\"item\":\"https:\\\/\\\/www.stenogfritid.dk\\\/\"},{\"@type\":\"ListItem\",\"position\":2,\"name\":\"Shop\",\"item\":\"https:\\\/\\\/www.stenogfritid.dk\\\/shop\\\/\"},{\"@type\":\"ListItem\",\"position\":3,\"name\":\"Festival Sweater\"}]},{\"@type\":\"WebSite\",\"@id\":\"https:\\\/\\\/www.stenogfritid.dk\\\/#website\",\"url\":\"https:\\\/\\\/www.stenogfritid.dk\\\/\",\"name\":\"Smykkesten og Fritid\",\"description\":\"Garn, Krystyaller, Stenslibning, Smykkematerialer\",\"publisher\":{\"@id\":\"https:\\\/\\\/www.stenogfritid.dk\\\/#organization\"},\"potentialAction\":[{\"@type\":\"SearchAction\",\"target\":{\"@type\":\"EntryPoint\",\"urlTemplate\":\"https:\\\/\\\/www.stenogfritid.dk\\\/?s={search_term_string}\"},\"query-input\":{\"@type\":\"PropertyValueSpecification\",\"valueRequired\":true,\"valueName\":\"search_term_string\"}}],\"inLanguage\":\"sv-SE\"},{\"@type\":[\"Organization\",\"Place\",\"Store\"],\"@id\":\"https:\\\/\\\/www.stenogfritid.dk\\\/#organization\",\"name\":\"Smykkesten og Fritid I\\\/S\",\"alternateName\":\"www.stenogfritid.dk\",\"url\":\"https:\\\/\\\/www.stenogfritid.dk\\\/\",\"logo\":{\"@id\":\"https:\\\/\\\/www.stenogfritid.dk\\\/vare\\\/32740\\\/#local-main-organization-logo\"},\"image\":{\"@id\":\"https:\\\/\\\/www.stenogfritid.dk\\\/vare\\\/32740\\\/#local-main-organization-logo\"},\"sameAs\":[\"http:\\\/\\\/www.facebook.com\\\/smykkestenogfritid\"],\"ownershipFundingInfo\":\"https:\\\/\\\/www.stenogfritid.dk\\\/handelsbetingelser\\\/\",\"address\":{\"@id\":\"https:\\\/\\\/www.stenogfritid.dk\\\/vare\\\/32740\\\/#local-main-place-address\"},\"geo\":{\"@type\":\"GeoCoordinates\",\"latitude\":\"55.974960\",\"longitude\":\"12.020150\"},\"openingHoursSpecification\":[{\"@type\":\"OpeningHoursSpecification\",\"dayOfWeek\":[\"Monday\",\"Sunday\"],\"opens\":\"00:00\",\"closes\":\"00:00\"},{\"@type\":\"OpeningHoursSpecification\",\"dayOfWeek\":[\"Tuesday\",\"Wednesday\",\"Thursday\"],\"opens\":\"10:00\",\"closes\":\"17:30\"},{\"@type\":\"OpeningHoursSpecification\",\"dayOfWeek\":[\"Friday\"],\"opens\":\"10:00\",\"closes\":\"18:00\"},{\"@type\":\"OpeningHoursSpecification\",\"dayOfWeek\":[\"Saturday\"],\"opens\":\"10:00\",\"closes\":\"14:00\"}],\"email\":\"kontakt@stenogfritid.dk\",\"vatID\":\"DK34386641\",\"priceRange\":\"$$\"},{\"@type\":\"PostalAddress\",\"@id\":\"https:\\\/\\\/www.stenogfritid.dk\\\/vare\\\/32740\\\/#local-main-place-address\",\"streetAddress\":\"N\u00f8rregade 28A\",\"addressLocality\":\"Frederiksv\u00e6rk\",\"postalCode\":\"3300\",\"addressCountry\":\"DK\"},{\"@type\":\"ImageObject\",\"inLanguage\":\"sv-SE\",\"@id\":\"https:\\\/\\\/www.stenogfritid.dk\\\/vare\\\/32740\\\/#local-main-organization-logo\",\"url\":\"https:\\\/\\\/www.stenogfritid.dk\\\/wp-content\\\/uploads\\\/2021\\\/12\\\/Smykkesten-LOGO_krk.png\",\"contentUrl\":\"https:\\\/\\\/www.stenogfritid.dk\\\/wp-content\\\/uploads\\\/2021\\\/12\\\/Smykkesten-LOGO_krk.png\",\"width\":361,\"height\":50,\"caption\":\"Smykkesten og Fritid I\\\/S\"}]}<\/script>\n<meta property=\"product:price:amount\" content=\"45.00\" \/>\n<meta property=\"product:price:currency\" content=\"DKK\" \/>\n<meta property=\"og:availability\" content=\"out of stock\" \/>\n<meta property=\"product:availability\" content=\"out of stock\" \/>\n<meta property=\"product:retailer_item_id\" content=\"T0166-dk\" \/>\n<meta property=\"product:condition\" content=\"new\" \/>\n<meta name=\"geo.placename\" content=\"Frederiksv\u00e6rk\" \/>\n<meta name=\"geo.position\" content=\"55.974960;12.020150\" \/>\n<meta name=\"geo.region\" content=\"Danmark\" \/>\n<!-- \/ Yoast SEO Premium plugin. -->","yoast_head_json":{"title":"Festivaltr\u00f6ja - Smycken och fritid","description":"Festival-tr\u00f6ja","robots":{"index":"index","follow":"follow","max-snippet":"max-snippet:-1","max-image-preview":"max-image-preview:large","max-video-preview":"max-video-preview:-1"},"canonical":"https:\/\/www.stenogfritid.dk\/sv\/gaa-till\/32740\/","og_locale":"sv_SE","og_type":"article","og_title":"Festival Sweater","og_description":"Festival Sweater","og_url":"https:\/\/www.stenogfritid.dk\/sv\/gaa-till\/32740\/","og_site_name":"Smykkesten og Fritid","article_publisher":"http:\/\/www.facebook.com\/smykkestenogfritid","article_modified_time":"2024-04-16T15:29:30+00:00","og_image":[{"width":400,"height":500,"url":"https:\/\/www.stenogfritid.dk\/wp-content\/uploads\/2023\/10\/Festivalellen_1500x1500.jpg","type":"image\/jpeg"}],"twitter_misc":{"Pris":"45,00&nbsp;DKK","Tillg\u00e4nglig":"Slut i lager"},"schema":{"@context":"https:\/\/schema.org","@graph":[{"@type":"WebPage","@id":"https:\/\/www.stenogfritid.dk\/vare\/32740\/","url":"https:\/\/www.stenogfritid.dk\/vare\/32740\/","name":"Festivaltr\u00f6ja - Smycken och fritid","isPartOf":{"@id":"https:\/\/www.stenogfritid.dk\/#website"},"primaryImageOfPage":{"@id":"https:\/\/www.stenogfritid.dk\/vare\/32740\/#primaryimage"},"image":{"@id":"https:\/\/www.stenogfritid.dk\/vare\/32740\/#primaryimage"},"thumbnailUrl":"https:\/\/www.stenogfritid.dk\/wp-content\/uploads\/2023\/10\/Festivalellen_1500x1500.jpg","datePublished":"2023-10-20T15:18:02+00:00","dateModified":"2024-04-16T15:29:30+00:00","description":"Festival-tr\u00f6ja","breadcrumb":{"@id":"https:\/\/www.stenogfritid.dk\/vare\/32740\/#breadcrumb"},"inLanguage":"sv-SE","potentialAction":[{"@type":"ReadAction","target":["https:\/\/www.stenogfritid.dk\/vare\/32740\/"]}]},{"@type":"ImageObject","inLanguage":"sv-SE","@id":"https:\/\/www.stenogfritid.dk\/vare\/32740\/#primaryimage","url":"https:\/\/www.stenogfritid.dk\/wp-content\/uploads\/2023\/10\/Festivalellen_1500x1500.jpg","contentUrl":"https:\/\/www.stenogfritid.dk\/wp-content\/uploads\/2023\/10\/Festivalellen_1500x1500.jpg","width":400,"height":500},{"@type":"BreadcrumbList","@id":"https:\/\/www.stenogfritid.dk\/vare\/32740\/#breadcrumb","itemListElement":[{"@type":"ListItem","position":1,"name":"Hjem","item":"https:\/\/www.stenogfritid.dk\/"},{"@type":"ListItem","position":2,"name":"Shop","item":"https:\/\/www.stenogfritid.dk\/shop\/"},{"@type":"ListItem","position":3,"name":"Festival Sweater"}]},{"@type":"WebSite","@id":"https:\/\/www.stenogfritid.dk\/#website","url":"https:\/\/www.stenogfritid.dk\/","name":"Smykkesten og Fritid","description":"Garn, kristallkristaller, stenslipning, smyckesmaterial","publisher":{"@id":"https:\/\/www.stenogfritid.dk\/#organization"},"potentialAction":[{"@type":"SearchAction","target":{"@type":"EntryPoint","urlTemplate":"https:\/\/www.stenogfritid.dk\/?s={search_term_string}"},"query-input":{"@type":"PropertyValueSpecification","valueRequired":true,"valueName":"search_term_string"}}],"inLanguage":"sv-SE"},{"@type":["Organization","Place","Store"],"@id":"https:\/\/www.stenogfritid.dk\/#organization","name":"Smycken och fritid I\/S","alternateName":"www.stenogfritid.dk","url":"https:\/\/www.stenogfritid.dk\/","logo":{"@id":"https:\/\/www.stenogfritid.dk\/vare\/32740\/#local-main-organization-logo"},"image":{"@id":"https:\/\/www.stenogfritid.dk\/vare\/32740\/#local-main-organization-logo"},"sameAs":["http:\/\/www.facebook.com\/smykkestenogfritid"],"ownershipFundingInfo":"https:\/\/www.stenogfritid.dk\/handelsbetingelser\/","address":{"@id":"https:\/\/www.stenogfritid.dk\/vare\/32740\/#local-main-place-address"},"geo":{"@type":"GeoCoordinates","latitude":"55.974960","longitude":"12.020150"},"openingHoursSpecification":[{"@type":"OpeningHoursSpecification","dayOfWeek":["Monday","Sunday"],"opens":"00:00","closes":"00:00"},{"@type":"OpeningHoursSpecification","dayOfWeek":["Tuesday","Wednesday","Thursday"],"opens":"10:00","closes":"17:30"},{"@type":"OpeningHoursSpecification","dayOfWeek":["Friday"],"opens":"10:00","closes":"18:00"},{"@type":"OpeningHoursSpecification","dayOfWeek":["Saturday"],"opens":"10:00","closes":"14:00"}],"email":"kontakt@stenogfritid.dk","vatID":"DK34386641","priceRange":"$$"},{"@type":"PostalAddress","@id":"https:\/\/www.stenogfritid.dk\/vare\/32740\/#local-main-place-address","streetAddress":"N\u00f8rregade 28A","addressLocality":"Frederiksv\u00e6rk","postalCode":"3300","addressCountry":"DK"},{"@type":"ImageObject","inLanguage":"sv-SE","@id":"https:\/\/www.stenogfritid.dk\/vare\/32740\/#local-main-organization-logo","url":"https:\/\/www.stenogfritid.dk\/wp-content\/uploads\/2021\/12\/Smykkesten-LOGO_krk.png","contentUrl":"https:\/\/www.stenogfritid.dk\/wp-content\/uploads\/2021\/12\/Smykkesten-LOGO_krk.png","width":361,"height":50,"caption":"Smykkesten og Fritid I\/S"}]},"product_price_amount":"45.00","product_price_currency":"DKK","og_availability":"out of stock","product_availability":"out of stock","product_retailer_item_id":"T0166-dk","product_condition":"new","geo.placename":"Frederiksv\u00e6rk","geo.position":{"lat":"55.974960","long":"12.020150"},"geo.region":"Danmark"},"_links":{"self":[{"href":"https:\/\/www.stenogfritid.dk\/sv\/wp-json\/wp\/v2\/product\/32740","targetHints":{"allow":["GET"]}}],"collection":[{"href":"https:\/\/www.stenogfritid.dk\/sv\/wp-json\/wp\/v2\/product"}],"about":[{"href":"https:\/\/www.stenogfritid.dk\/sv\/wp-json\/wp\/v2\/types\/product"}],"version-history":[{"count":0,"href":"https:\/\/www.stenogfritid.dk\/sv\/wp-json\/wp\/v2\/product\/32740\/revisions"}],"wp:featuredmedia":[{"embeddable":true,"href":"https:\/\/www.stenogfritid.dk\/sv\/wp-json\/wp\/v2\/media\/32741"}],"wp:attachment":[{"href":"https:\/\/www.stenogfritid.dk\/sv\/wp-json\/wp\/v2\/media?parent=32740"}],"wp:term":[{"taxonomy":"product_brand","embeddable":true,"href":"https:\/\/www.stenogfritid.dk\/sv\/wp-json\/wp\/v2\/product_brand?post=32740"},{"taxonomy":"product_cat","embeddable":true,"href":"https:\/\/www.stenogfritid.dk\/sv\/wp-json\/wp\/v2\/product_cat?post=32740"},{"taxonomy":"product_tag","embeddable":true,"href":"https:\/\/www.stenogfritid.dk\/sv\/wp-json\/wp\/v2\/product_tag?post=32740"}],"curies":[{"name":"wp","href":"https:\/\/api.w.org\/{rel}","templated":true}]}}