{"id":32783,"date":"2023-10-20T16:45:57","date_gmt":"2023-10-20T15:45:57","guid":{"rendered":"https:\/\/www.stenogfritid.dk\/?post_type=product&#038;p=32783"},"modified":"2024-04-16T13:46:16","modified_gmt":"2024-04-16T12:46:16","slug":"september-slipover","status":"publish","type":"product","link":"https:\/\/www.stenogfritid.dk\/sv\/gaa-till\/september-slipover\/","title":{"rendered":"September Slipover"},"content":{"rendered":"<div class=\"easytabs-content-holder\" role=\"tabpanel\">\n<p><strong>Materialer:\u00a0<\/strong>200 (200) 200 (200-250) 250 (250) 250 (300) 300 g Sunday fra Sandnes Garn (50 g = 235 m) <strong>eller<\/strong> Tynn Peer Gynt fra Sandnes Garn (50 g = 205 m) <strong>strikkes sammen med<\/strong> 100 (100) 125 (125) 125 (125) 125-150 (150) 150 g Tynn Silk Mohair fra Sandnes Garn (25 g = 212 m), tynd elastiktr\u00e5d til halskant.<\/p>\n<p><strong>Sv\u00e6rhedsgrad<\/strong>: \u2605\u00a0\u2605\u00a0\u2605\u00a0\u2605\u00a0(4 ud af 5)<\/p>\n<p>Se klassifikationen af sv\u00e6rhedsgrad\u00a0<a title=\"FAQ\" href=\"https:\/\/www.petiteknit.com\/pages\/svaerhedsgrad\">her<\/a>.<\/p>\n<p>Opskriften sendes som PDF-fil til din mail.<\/p>\n<p>Den brune September Slipover er strikket i Tynn Peer Gynt fra Sandnes Garn i farven M\u00f8rk sjokolade [3880] sammen med Tynn Silk Mohair fra Sandnes Garn i farven M\u00f8rk sjokolade [3880].<\/p>\n<p>Den\u00a0hvide September Slipover\u00a0er strikket i\u00a0Sunday fra\u00a0Sandnes Garn i farven\u00a0Kitt [1015] sammen med Tynn Silk Mohair fra Sandnes Garn i farven\u00a0Kitt [1015].<\/p>\n<\/div>\n","protected":false},"excerpt":{"rendered":"<p>September Slipovern stickas uppifr\u00e5n och ner i patentstickning. F\u00f6rst stickas ryggen, det l\u00e4ggs upp maskor till hals och stickas fram och tillbaka p\u00e5 stickan med \u00f6kningar i varje sida. Sedan plockas det upp maskor till axlarna, som stickas separat och sedan sammanfogas framtill till framstycket. Under \u00e4rmh\u00e5let sammanfogas rygg och framstycke till kroppen, som stickas runt p\u00e5 rundsticka. Slutligen plockas det upp maskor i \u00e4rmh\u00e5let och hals\u00f6ppningen f\u00f6r att sticka res\u00e5rkanter.<\/p>\n<p>G\u00f6r en provbit innan du b\u00f6rjar f\u00f6r att hitta den n\u00e5lstorlek som ger dig r\u00e4tt m\u00e5tt. T\u00e4nk p\u00e5 att patentstickat \u00e4r sv\u00e5rt att m\u00e4ta eftersom det \u00e4r elastiskt, s\u00e5 m\u00e4t flera g\u00e5nger.<\/p>\n<p><strong>Storleksguide<\/strong><\/p>\n<p>September Slipover b\u00f6r ha ett r\u00f6relseutrymme (<em>positiv l\u00e4tthet<\/em>) p\u00e5 cirka 10 cm. Storlek XS (S) M (L) XL (2XL) 3XL (4XL) 5XL motsvarar ett br\u00f6stm\u00e5tt p\u00e5 80-85 (85-90) 90-95 (95-100) 100-110 (110-120) 120-130 (130-140) 140-150 cm. M\u00e5tten p\u00e5 den f\u00e4rdiga slipovern anges p\u00e5 framsidan av m\u00f6nstret. M\u00e4t dig sj\u00e4lv innan du b\u00f6rjar sticka f\u00f6r att bed\u00f6ma vilken storlek som passar dig b\u00e4st. Om du t.ex. m\u00e4ter 90 cm runt br\u00f6stet (eller den bredaste delen av kroppen) ska du sticka storlek S. En slipover i storlek S \u00e4r en storlek S. S har en total vidd p\u00e5 100 cm och ger dig i det h\u00e4r exemplet r\u00f6relsefrihet (<em>positiv l\u00e4tthet<\/em>) p\u00e5 10 cm.<\/p>\n<p><strong>Storlekar:\u00a0<\/strong>XS (S) M (L) XL (2XL) 3XL (4XL) 5XL<\/p>\n<p><strong>Bredden p\u00e5 slipovern: <\/strong>95 (100) 105 (110) 120 (130) 140 (150) 160 cm<\/p>\n<p><strong>L\u00e4ngd:\u00a0<\/strong>53 (54) 56 (58) 60 (60) 62 (64) 65 cm (m\u00e4tt mitt bak inklusive halskant)<\/p>\n<p><strong>Ridge width vid toppen:\u00a0<\/strong>40 (41) 43 (45) 45 (45) 45 (45) 46 (47) 48 cm (inkl. r\u00e4fflade kanter)<\/p>\n<p><strong>Stryksp\u00e4nning: <\/strong>16 maskor x 48 varv i patent p\u00e5 sticka 3,5 mm = 10 x 10 cm (observera att 48 varv i patent r\u00e4knas som 24 r\u00e4tmaskor)<\/p>\n<p><strong>V\u00e4gledande pinnar:\u00a0<\/strong>Rundsticka 3,5 mm (60 och 80 cm), rundsticka 3 mm (40 cm).<\/p>","protected":false},"featured_media":32784,"template":"","meta":{"_acf_changed":false},"product_brand":[],"product_cat":[1306],"product_tag":[],"class_list":{"0":"post-32783","1":"product","2":"type-product","3":"status-publish","4":"has-post-thumbnail","6":"product_cat-petiteknit_kvinde","8":"first","9":"outofstock","10":"taxable","11":"shipping-taxable","12":"purchasable","13":"product-type-simple"},"acf":[],"yoast_head":"<!-- This site is optimized with the Yoast SEO Premium plugin v21.7 (Yoast SEO v27.5) - https:\/\/yoast.com\/product\/yoast-seo-premium-wordpress\/ -->\n<title>September Slipover - Smykkesten og Fritid<\/title>\n<meta name=\"description\" content=\"September Slipover\" \/>\n<meta name=\"robots\" content=\"index, follow, max-snippet:-1, max-image-preview:large, max-video-preview:-1\" \/>\n<link rel=\"canonical\" href=\"https:\/\/www.stenogfritid.dk\/sv\/gaa-till\/september-slipover\/\" \/>\n<meta property=\"og:locale\" content=\"sv_SE\" \/>\n<meta property=\"og:type\" content=\"article\" \/>\n<meta property=\"og:title\" content=\"September Slipover\" \/>\n<meta property=\"og:description\" content=\"September Slipover\" \/>\n<meta property=\"og:url\" content=\"https:\/\/www.stenogfritid.dk\/sv\/gaa-till\/september-slipover\/\" \/>\n<meta property=\"og:site_name\" content=\"Smykkesten og Fritid\" \/>\n<meta property=\"article:publisher\" content=\"http:\/\/www.facebook.com\/smykkestenogfritid\" \/>\n<meta property=\"article:modified_time\" content=\"2024-04-16T12:46:16+00:00\" \/>\n<meta property=\"og:image\" content=\"https:\/\/www.stenogfritid.dk\/wp-content\/uploads\/2023\/10\/septemberslipovertynnpeergynt12_1500x1500.webp\" \/>\n\t<meta property=\"og:image:width\" content=\"400\" \/>\n\t<meta property=\"og:image:height\" content=\"500\" \/>\n\t<meta property=\"og:image:type\" content=\"image\/webp\" \/>\n<meta name=\"twitter:label1\" content=\"Pris\" \/>\n\t<meta name=\"twitter:data1\" content=\"45,00&nbsp;DKK\" \/>\n\t<meta name=\"twitter:label2\" content=\"Tillg\u00e4nglig\" \/>\n\t<meta name=\"twitter:data2\" content=\"Slut i lager\" \/>\n<script type=\"application\/ld+json\" class=\"yoast-schema-graph\">{\"@context\":\"https:\\\/\\\/schema.org\",\"@graph\":[{\"@type\":\"WebPage\",\"@id\":\"https:\\\/\\\/www.stenogfritid.dk\\\/vare\\\/september-slipover\\\/\",\"url\":\"https:\\\/\\\/www.stenogfritid.dk\\\/vare\\\/september-slipover\\\/\",\"name\":\"September Slipover - Smykkesten og Fritid\",\"isPartOf\":{\"@id\":\"https:\\\/\\\/www.stenogfritid.dk\\\/#website\"},\"primaryImageOfPage\":{\"@id\":\"https:\\\/\\\/www.stenogfritid.dk\\\/vare\\\/september-slipover\\\/#primaryimage\"},\"image\":{\"@id\":\"https:\\\/\\\/www.stenogfritid.dk\\\/vare\\\/september-slipover\\\/#primaryimage\"},\"thumbnailUrl\":\"https:\\\/\\\/www.stenogfritid.dk\\\/wp-content\\\/uploads\\\/2023\\\/10\\\/septemberslipovertynnpeergynt12_1500x1500.webp\",\"datePublished\":\"2023-10-20T15:45:57+00:00\",\"dateModified\":\"2024-04-16T12:46:16+00:00\",\"description\":\"September Slipover\",\"breadcrumb\":{\"@id\":\"https:\\\/\\\/www.stenogfritid.dk\\\/vare\\\/september-slipover\\\/#breadcrumb\"},\"inLanguage\":\"sv-SE\",\"potentialAction\":[{\"@type\":\"ReadAction\",\"target\":[\"https:\\\/\\\/www.stenogfritid.dk\\\/vare\\\/september-slipover\\\/\"]}]},{\"@type\":\"ImageObject\",\"inLanguage\":\"sv-SE\",\"@id\":\"https:\\\/\\\/www.stenogfritid.dk\\\/vare\\\/september-slipover\\\/#primaryimage\",\"url\":\"https:\\\/\\\/www.stenogfritid.dk\\\/wp-content\\\/uploads\\\/2023\\\/10\\\/septemberslipovertynnpeergynt12_1500x1500.webp\",\"contentUrl\":\"https:\\\/\\\/www.stenogfritid.dk\\\/wp-content\\\/uploads\\\/2023\\\/10\\\/septemberslipovertynnpeergynt12_1500x1500.webp\",\"width\":400,\"height\":500},{\"@type\":\"BreadcrumbList\",\"@id\":\"https:\\\/\\\/www.stenogfritid.dk\\\/vare\\\/september-slipover\\\/#breadcrumb\",\"itemListElement\":[{\"@type\":\"ListItem\",\"position\":1,\"name\":\"Hjem\",\"item\":\"https:\\\/\\\/www.stenogfritid.dk\\\/\"},{\"@type\":\"ListItem\",\"position\":2,\"name\":\"Shop\",\"item\":\"https:\\\/\\\/www.stenogfritid.dk\\\/shop\\\/\"},{\"@type\":\"ListItem\",\"position\":3,\"name\":\"September Slipover\"}]},{\"@type\":\"WebSite\",\"@id\":\"https:\\\/\\\/www.stenogfritid.dk\\\/#website\",\"url\":\"https:\\\/\\\/www.stenogfritid.dk\\\/\",\"name\":\"Smykkesten og Fritid\",\"description\":\"Garn, Krystyaller, Stenslibning, Smykkematerialer\",\"publisher\":{\"@id\":\"https:\\\/\\\/www.stenogfritid.dk\\\/#organization\"},\"potentialAction\":[{\"@type\":\"SearchAction\",\"target\":{\"@type\":\"EntryPoint\",\"urlTemplate\":\"https:\\\/\\\/www.stenogfritid.dk\\\/?s={search_term_string}\"},\"query-input\":{\"@type\":\"PropertyValueSpecification\",\"valueRequired\":true,\"valueName\":\"search_term_string\"}}],\"inLanguage\":\"sv-SE\"},{\"@type\":[\"Organization\",\"Place\",\"Store\"],\"@id\":\"https:\\\/\\\/www.stenogfritid.dk\\\/#organization\",\"name\":\"Smykkesten og Fritid I\\\/S\",\"alternateName\":\"www.stenogfritid.dk\",\"url\":\"https:\\\/\\\/www.stenogfritid.dk\\\/\",\"logo\":{\"@id\":\"https:\\\/\\\/www.stenogfritid.dk\\\/vare\\\/september-slipover\\\/#local-main-organization-logo\"},\"image\":{\"@id\":\"https:\\\/\\\/www.stenogfritid.dk\\\/vare\\\/september-slipover\\\/#local-main-organization-logo\"},\"sameAs\":[\"http:\\\/\\\/www.facebook.com\\\/smykkestenogfritid\"],\"ownershipFundingInfo\":\"https:\\\/\\\/www.stenogfritid.dk\\\/handelsbetingelser\\\/\",\"address\":{\"@id\":\"https:\\\/\\\/www.stenogfritid.dk\\\/vare\\\/september-slipover\\\/#local-main-place-address\"},\"geo\":{\"@type\":\"GeoCoordinates\",\"latitude\":\"55.974960\",\"longitude\":\"12.020150\"},\"openingHoursSpecification\":[{\"@type\":\"OpeningHoursSpecification\",\"dayOfWeek\":[\"Monday\",\"Sunday\"],\"opens\":\"00:00\",\"closes\":\"00:00\"},{\"@type\":\"OpeningHoursSpecification\",\"dayOfWeek\":[\"Tuesday\",\"Wednesday\",\"Thursday\"],\"opens\":\"10:00\",\"closes\":\"17:30\"},{\"@type\":\"OpeningHoursSpecification\",\"dayOfWeek\":[\"Friday\"],\"opens\":\"10:00\",\"closes\":\"18:00\"},{\"@type\":\"OpeningHoursSpecification\",\"dayOfWeek\":[\"Saturday\"],\"opens\":\"10:00\",\"closes\":\"14:00\"}],\"email\":\"kontakt@stenogfritid.dk\",\"vatID\":\"DK34386641\",\"priceRange\":\"$$\"},{\"@type\":\"PostalAddress\",\"@id\":\"https:\\\/\\\/www.stenogfritid.dk\\\/vare\\\/september-slipover\\\/#local-main-place-address\",\"streetAddress\":\"N\u00f8rregade 28A\",\"addressLocality\":\"Frederiksv\u00e6rk\",\"postalCode\":\"3300\",\"addressCountry\":\"DK\"},{\"@type\":\"ImageObject\",\"inLanguage\":\"sv-SE\",\"@id\":\"https:\\\/\\\/www.stenogfritid.dk\\\/vare\\\/september-slipover\\\/#local-main-organization-logo\",\"url\":\"https:\\\/\\\/www.stenogfritid.dk\\\/wp-content\\\/uploads\\\/2021\\\/12\\\/Smykkesten-LOGO_krk.png\",\"contentUrl\":\"https:\\\/\\\/www.stenogfritid.dk\\\/wp-content\\\/uploads\\\/2021\\\/12\\\/Smykkesten-LOGO_krk.png\",\"width\":361,\"height\":50,\"caption\":\"Smykkesten og Fritid I\\\/S\"}]}<\/script>\n<meta property=\"product:price:amount\" content=\"45.00\" \/>\n<meta property=\"product:price:currency\" content=\"DKK\" \/>\n<meta property=\"og:availability\" content=\"out of stock\" \/>\n<meta property=\"product:availability\" content=\"out of stock\" \/>\n<meta property=\"product:retailer_item_id\" content=\"T0112-dk\" \/>\n<meta property=\"product:condition\" content=\"new\" \/>\n<meta name=\"geo.placename\" content=\"Frederiksv\u00e6rk\" \/>\n<meta name=\"geo.position\" content=\"55.974960;12.020150\" \/>\n<meta name=\"geo.region\" content=\"Danmark\" \/>\n<!-- \/ Yoast SEO Premium plugin. -->","yoast_head_json":{"title":"September Slipover - Smycken och fritid","description":"September Slipover","robots":{"index":"index","follow":"follow","max-snippet":"max-snippet:-1","max-image-preview":"max-image-preview:large","max-video-preview":"max-video-preview:-1"},"canonical":"https:\/\/www.stenogfritid.dk\/sv\/gaa-till\/september-slipover\/","og_locale":"sv_SE","og_type":"article","og_title":"September Slipover","og_description":"September Slipover","og_url":"https:\/\/www.stenogfritid.dk\/sv\/gaa-till\/september-slipover\/","og_site_name":"Smykkesten og Fritid","article_publisher":"http:\/\/www.facebook.com\/smykkestenogfritid","article_modified_time":"2024-04-16T12:46:16+00:00","og_image":[{"width":400,"height":500,"url":"https:\/\/www.stenogfritid.dk\/wp-content\/uploads\/2023\/10\/septemberslipovertynnpeergynt12_1500x1500.webp","type":"image\/webp"}],"twitter_misc":{"Pris":"45,00&nbsp;DKK","Tillg\u00e4nglig":"Slut i lager"},"schema":{"@context":"https:\/\/schema.org","@graph":[{"@type":"WebPage","@id":"https:\/\/www.stenogfritid.dk\/vare\/september-slipover\/","url":"https:\/\/www.stenogfritid.dk\/vare\/september-slipover\/","name":"September Slipover - Smycken och fritid","isPartOf":{"@id":"https:\/\/www.stenogfritid.dk\/#website"},"primaryImageOfPage":{"@id":"https:\/\/www.stenogfritid.dk\/vare\/september-slipover\/#primaryimage"},"image":{"@id":"https:\/\/www.stenogfritid.dk\/vare\/september-slipover\/#primaryimage"},"thumbnailUrl":"https:\/\/www.stenogfritid.dk\/wp-content\/uploads\/2023\/10\/septemberslipovertynnpeergynt12_1500x1500.webp","datePublished":"2023-10-20T15:45:57+00:00","dateModified":"2024-04-16T12:46:16+00:00","description":"September Slipover","breadcrumb":{"@id":"https:\/\/www.stenogfritid.dk\/vare\/september-slipover\/#breadcrumb"},"inLanguage":"sv-SE","potentialAction":[{"@type":"ReadAction","target":["https:\/\/www.stenogfritid.dk\/vare\/september-slipover\/"]}]},{"@type":"ImageObject","inLanguage":"sv-SE","@id":"https:\/\/www.stenogfritid.dk\/vare\/september-slipover\/#primaryimage","url":"https:\/\/www.stenogfritid.dk\/wp-content\/uploads\/2023\/10\/septemberslipovertynnpeergynt12_1500x1500.webp","contentUrl":"https:\/\/www.stenogfritid.dk\/wp-content\/uploads\/2023\/10\/septemberslipovertynnpeergynt12_1500x1500.webp","width":400,"height":500},{"@type":"BreadcrumbList","@id":"https:\/\/www.stenogfritid.dk\/vare\/september-slipover\/#breadcrumb","itemListElement":[{"@type":"ListItem","position":1,"name":"Hjem","item":"https:\/\/www.stenogfritid.dk\/"},{"@type":"ListItem","position":2,"name":"Shop","item":"https:\/\/www.stenogfritid.dk\/shop\/"},{"@type":"ListItem","position":3,"name":"September Slipover"}]},{"@type":"WebSite","@id":"https:\/\/www.stenogfritid.dk\/#website","url":"https:\/\/www.stenogfritid.dk\/","name":"Smykkesten og Fritid","description":"Garn, kristallkristaller, stenslipning, smyckesmaterial","publisher":{"@id":"https:\/\/www.stenogfritid.dk\/#organization"},"potentialAction":[{"@type":"SearchAction","target":{"@type":"EntryPoint","urlTemplate":"https:\/\/www.stenogfritid.dk\/?s={search_term_string}"},"query-input":{"@type":"PropertyValueSpecification","valueRequired":true,"valueName":"search_term_string"}}],"inLanguage":"sv-SE"},{"@type":["Organization","Place","Store"],"@id":"https:\/\/www.stenogfritid.dk\/#organization","name":"Smycken och fritid I\/S","alternateName":"www.stenogfritid.dk","url":"https:\/\/www.stenogfritid.dk\/","logo":{"@id":"https:\/\/www.stenogfritid.dk\/vare\/september-slipover\/#local-main-organization-logo"},"image":{"@id":"https:\/\/www.stenogfritid.dk\/vare\/september-slipover\/#local-main-organization-logo"},"sameAs":["http:\/\/www.facebook.com\/smykkestenogfritid"],"ownershipFundingInfo":"https:\/\/www.stenogfritid.dk\/handelsbetingelser\/","address":{"@id":"https:\/\/www.stenogfritid.dk\/vare\/september-slipover\/#local-main-place-address"},"geo":{"@type":"GeoCoordinates","latitude":"55.974960","longitude":"12.020150"},"openingHoursSpecification":[{"@type":"OpeningHoursSpecification","dayOfWeek":["Monday","Sunday"],"opens":"00:00","closes":"00:00"},{"@type":"OpeningHoursSpecification","dayOfWeek":["Tuesday","Wednesday","Thursday"],"opens":"10:00","closes":"17:30"},{"@type":"OpeningHoursSpecification","dayOfWeek":["Friday"],"opens":"10:00","closes":"18:00"},{"@type":"OpeningHoursSpecification","dayOfWeek":["Saturday"],"opens":"10:00","closes":"14:00"}],"email":"kontakt@stenogfritid.dk","vatID":"DK34386641","priceRange":"$$"},{"@type":"PostalAddress","@id":"https:\/\/www.stenogfritid.dk\/vare\/september-slipover\/#local-main-place-address","streetAddress":"N\u00f8rregade 28A","addressLocality":"Frederiksv\u00e6rk","postalCode":"3300","addressCountry":"DK"},{"@type":"ImageObject","inLanguage":"sv-SE","@id":"https:\/\/www.stenogfritid.dk\/vare\/september-slipover\/#local-main-organization-logo","url":"https:\/\/www.stenogfritid.dk\/wp-content\/uploads\/2021\/12\/Smykkesten-LOGO_krk.png","contentUrl":"https:\/\/www.stenogfritid.dk\/wp-content\/uploads\/2021\/12\/Smykkesten-LOGO_krk.png","width":361,"height":50,"caption":"Smykkesten og Fritid I\/S"}]},"product_price_amount":"45.00","product_price_currency":"DKK","og_availability":"out of stock","product_availability":"out of stock","product_retailer_item_id":"T0112-dk","product_condition":"new","geo.placename":"Frederiksv\u00e6rk","geo.position":{"lat":"55.974960","long":"12.020150"},"geo.region":"Danmark"},"_links":{"self":[{"href":"https:\/\/www.stenogfritid.dk\/sv\/wp-json\/wp\/v2\/product\/32783","targetHints":{"allow":["GET"]}}],"collection":[{"href":"https:\/\/www.stenogfritid.dk\/sv\/wp-json\/wp\/v2\/product"}],"about":[{"href":"https:\/\/www.stenogfritid.dk\/sv\/wp-json\/wp\/v2\/types\/product"}],"version-history":[{"count":0,"href":"https:\/\/www.stenogfritid.dk\/sv\/wp-json\/wp\/v2\/product\/32783\/revisions"}],"wp:featuredmedia":[{"embeddable":true,"href":"https:\/\/www.stenogfritid.dk\/sv\/wp-json\/wp\/v2\/media\/32784"}],"wp:attachment":[{"href":"https:\/\/www.stenogfritid.dk\/sv\/wp-json\/wp\/v2\/media?parent=32783"}],"wp:term":[{"taxonomy":"product_brand","embeddable":true,"href":"https:\/\/www.stenogfritid.dk\/sv\/wp-json\/wp\/v2\/product_brand?post=32783"},{"taxonomy":"product_cat","embeddable":true,"href":"https:\/\/www.stenogfritid.dk\/sv\/wp-json\/wp\/v2\/product_cat?post=32783"},{"taxonomy":"product_tag","embeddable":true,"href":"https:\/\/www.stenogfritid.dk\/sv\/wp-json\/wp\/v2\/product_tag?post=32783"}],"curies":[{"name":"wp","href":"https:\/\/api.w.org\/{rel}","templated":true}]}}