{"id":46737,"date":"2024-04-16T10:52:28","date_gmt":"2024-04-16T09:52:28","guid":{"rendered":"https:\/\/www.stenogfritid.dk\/?post_type=product&#038;p=46737"},"modified":"2024-04-16T16:22:01","modified_gmt":"2024-04-16T15:22:01","slug":"storm-slipover-junior","status":"publish","type":"product","link":"https:\/\/www.stenogfritid.dk\/sv\/gaa-till\/storm-slipover-junior\/","title":{"rendered":"Storm Slipover Junior"},"content":{"rendered":"<p>Storleksguide<\/p>\n<p>Storm Slipover Junior ska ha en positiv l\u00e4tthet p\u00e5 ca 10 cm i f\u00f6rh\u00e5llande till br\u00f6stm\u00e5ttet. Storlek 1-2 (2-3) 3-4 (4-5) 5-6 (6-7) 7-8 (8-9) 9-10 (10-12) 12-14 \u00e5r motsvarar ett br\u00f6stm\u00e5tt p\u00e5 ca 53 (54) 56 (57) 59 (62) 64 (68) 72 (78) 82 cm. M\u00e5tten p\u00e5 den f\u00e4rdiga slipovern anges p\u00e5 framsidan av m\u00f6nstret (observera att dessa m\u00e5tt endast g\u00e4ller om m\u00e5tten f\u00f6ljs). Om mottagaren t.ex. m\u00e4ter 62 cm runt br\u00f6stet ska du sticka en storlek 6-7 \u00e5r. En slipover i storlek 6-7 \u00e5r har en total bredd p\u00e5 72 cm och kommer i detta exempel att ge en positiv l\u00e4tthet p\u00e5 10 cm. Om det uppm\u00e4tta br\u00f6stm\u00e5ttet skiljer sig fr\u00e5n \u00e5ldersguiden b\u00f6r du vara uppm\u00e4rksam p\u00e5 att anpassa l\u00e4ngderna till den person du stickar till. Detsamma g\u00e4ller om barnet \u00e4r kortare\/l\u00e4ngre \u00e4n genomsnittet.<\/p>\n<p>Storlekar: 1-2 (2-3) 3-4 (4-5) 5-6 (6-7) 7-8 (8-9) 9-10 (10-12) 12-14 \u00e5r<\/p>\n<p>Slipover-m\u00e5tt: Bredd: 60 (64) 68 (68) 72 (72) 76 (80) 84 (88) 92 cm<\/p>\n<p>L\u00e4ngd mitt bak: 35 (36) 38 (40) 41 (43) 45 (46) 48 (51) 52 cm<\/p>\n<p>Stickfasthet: 20 maskor x 32 varv r\u00e4tstickning p\u00e5 stickor 4 mm = 10 x 10 cm<\/p>\n<p>Rekommenderade stickor: Rundsticka 4 mm (60 och 80 cm), rundsticka 3,5 mm (40, 60 eller 80 cm)<\/p>\n<p>Material: 150 (150-200) 200 (200) 200 (200-250) 250 (250) 300 (300) 350 g Peer Gynt fr\u00e5n Sandnes Garn (50 g = 91 m) eller 150 (150) 150-200 (200) 200 (200) 200-250 (250) 250 (250-300) 300 g Double Sunday fr\u00e5n Sandnes Garn (50 g = 108 m)<\/p>\n<p>Sv\u00e5righetsgrad: \u2605 \u2605 \u2605 \u2605 (3 av 5)<\/p>","protected":false},"excerpt":{"rendered":"<p>Storm Slipover Junior stickas uppifr\u00e5n och ner. F\u00f6rst stickas ryggen och sedan plockas maskor upp i uppl\u00e4ggningskanten p\u00e5 ryggen f\u00f6r att bilda axlarna, som s\u00e4tts ihop framtill f\u00f6r att bilda framstycket. Rygg och framstycke stickas ihop under \u00e4rmh\u00e5let till kroppen, som stickas runt p\u00e5 rundsticka. Ribbade kanter stickas sedan l\u00e4ngs hals\u00f6ppningen och \u00e4rmh\u00e5let. G\u00f6r ett stickprov f\u00f6r att kontrollera vilken stickstorlek du beh\u00f6ver f\u00f6r att f\u00e5 r\u00e4tt stickfasthet. Du kan g\u00f6ra ett stickprov enligt diagrammet i m\u00f6nstret.<\/p>","protected":false},"featured_media":47023,"template":"","meta":{"_acf_changed":false},"product_brand":[],"product_cat":[1307],"product_tag":[],"class_list":{"0":"post-46737","1":"product","2":"type-product","3":"status-publish","4":"has-post-thumbnail","6":"product_cat-petiteknit_baby_boern","8":"first","9":"outofstock","10":"taxable","11":"shipping-taxable","12":"purchasable","13":"product-type-simple"},"acf":[],"yoast_head":"<!-- This site is optimized with the Yoast SEO Premium plugin v21.7 (Yoast SEO v27.5) - https:\/\/yoast.com\/product\/yoast-seo-premium-wordpress\/ -->\n<title>Storm Slipover Junior - Smykkesten og Fritid<\/title>\n<meta name=\"description\" content=\"Storm Slipover Junior\" \/>\n<meta name=\"robots\" content=\"index, follow, max-snippet:-1, max-image-preview:large, max-video-preview:-1\" \/>\n<link rel=\"canonical\" href=\"https:\/\/www.stenogfritid.dk\/sv\/gaa-till\/storm-slipover-junior\/\" \/>\n<meta property=\"og:locale\" content=\"sv_SE\" \/>\n<meta property=\"og:type\" content=\"article\" \/>\n<meta property=\"og:title\" content=\"Storm Slipover Junior\" \/>\n<meta property=\"og:description\" content=\"Storm Slipover Junior\" \/>\n<meta property=\"og:url\" content=\"https:\/\/www.stenogfritid.dk\/sv\/gaa-till\/storm-slipover-junior\/\" \/>\n<meta property=\"og:site_name\" content=\"Smykkesten og Fritid\" \/>\n<meta property=\"article:publisher\" content=\"http:\/\/www.facebook.com\/smykkestenogfritid\" \/>\n<meta property=\"article:modified_time\" content=\"2024-04-16T15:22:01+00:00\" \/>\n<meta property=\"og:image\" content=\"https:\/\/www.stenogfritid.dk\/wp-content\/uploads\/2024\/04\/stormslipoverjuniorithy3_1500x1500.webp\" \/>\n\t<meta property=\"og:image:width\" content=\"400\" \/>\n\t<meta property=\"og:image:height\" content=\"500\" \/>\n\t<meta property=\"og:image:type\" content=\"image\/webp\" \/>\n<meta name=\"twitter:label1\" content=\"Pris\" \/>\n\t<meta name=\"twitter:data1\" content=\"45,00&nbsp;DKK\" \/>\n\t<meta name=\"twitter:label2\" content=\"Tillg\u00e4nglig\" \/>\n\t<meta name=\"twitter:data2\" content=\"Slut i lager\" \/>\n<script type=\"application\/ld+json\" class=\"yoast-schema-graph\">{\"@context\":\"https:\\\/\\\/schema.org\",\"@graph\":[{\"@type\":\"WebPage\",\"@id\":\"https:\\\/\\\/www.stenogfritid.dk\\\/vare\\\/storm-slipover-junior\\\/\",\"url\":\"https:\\\/\\\/www.stenogfritid.dk\\\/vare\\\/storm-slipover-junior\\\/\",\"name\":\"Storm Slipover Junior - Smykkesten og Fritid\",\"isPartOf\":{\"@id\":\"https:\\\/\\\/www.stenogfritid.dk\\\/#website\"},\"primaryImageOfPage\":{\"@id\":\"https:\\\/\\\/www.stenogfritid.dk\\\/vare\\\/storm-slipover-junior\\\/#primaryimage\"},\"image\":{\"@id\":\"https:\\\/\\\/www.stenogfritid.dk\\\/vare\\\/storm-slipover-junior\\\/#primaryimage\"},\"thumbnailUrl\":\"https:\\\/\\\/www.stenogfritid.dk\\\/wp-content\\\/uploads\\\/2024\\\/04\\\/stormslipoverjuniorithy3_1500x1500.webp\",\"datePublished\":\"2024-04-16T09:52:28+00:00\",\"dateModified\":\"2024-04-16T15:22:01+00:00\",\"description\":\"Storm Slipover Junior\",\"breadcrumb\":{\"@id\":\"https:\\\/\\\/www.stenogfritid.dk\\\/vare\\\/storm-slipover-junior\\\/#breadcrumb\"},\"inLanguage\":\"sv-SE\",\"potentialAction\":[{\"@type\":\"ReadAction\",\"target\":[\"https:\\\/\\\/www.stenogfritid.dk\\\/vare\\\/storm-slipover-junior\\\/\"]}]},{\"@type\":\"ImageObject\",\"inLanguage\":\"sv-SE\",\"@id\":\"https:\\\/\\\/www.stenogfritid.dk\\\/vare\\\/storm-slipover-junior\\\/#primaryimage\",\"url\":\"https:\\\/\\\/www.stenogfritid.dk\\\/wp-content\\\/uploads\\\/2024\\\/04\\\/stormslipoverjuniorithy3_1500x1500.webp\",\"contentUrl\":\"https:\\\/\\\/www.stenogfritid.dk\\\/wp-content\\\/uploads\\\/2024\\\/04\\\/stormslipoverjuniorithy3_1500x1500.webp\",\"width\":400,\"height\":500},{\"@type\":\"BreadcrumbList\",\"@id\":\"https:\\\/\\\/www.stenogfritid.dk\\\/vare\\\/storm-slipover-junior\\\/#breadcrumb\",\"itemListElement\":[{\"@type\":\"ListItem\",\"position\":1,\"name\":\"Hjem\",\"item\":\"https:\\\/\\\/www.stenogfritid.dk\\\/\"},{\"@type\":\"ListItem\",\"position\":2,\"name\":\"Shop\",\"item\":\"https:\\\/\\\/www.stenogfritid.dk\\\/shop\\\/\"},{\"@type\":\"ListItem\",\"position\":3,\"name\":\"Storm Slipover Junior\"}]},{\"@type\":\"WebSite\",\"@id\":\"https:\\\/\\\/www.stenogfritid.dk\\\/#website\",\"url\":\"https:\\\/\\\/www.stenogfritid.dk\\\/\",\"name\":\"Smykkesten og Fritid\",\"description\":\"Garn, Krystyaller, Stenslibning, Smykkematerialer\",\"publisher\":{\"@id\":\"https:\\\/\\\/www.stenogfritid.dk\\\/#organization\"},\"potentialAction\":[{\"@type\":\"SearchAction\",\"target\":{\"@type\":\"EntryPoint\",\"urlTemplate\":\"https:\\\/\\\/www.stenogfritid.dk\\\/?s={search_term_string}\"},\"query-input\":{\"@type\":\"PropertyValueSpecification\",\"valueRequired\":true,\"valueName\":\"search_term_string\"}}],\"inLanguage\":\"sv-SE\"},{\"@type\":[\"Organization\",\"Place\",\"Store\"],\"@id\":\"https:\\\/\\\/www.stenogfritid.dk\\\/#organization\",\"name\":\"Smykkesten og Fritid I\\\/S\",\"alternateName\":\"www.stenogfritid.dk\",\"url\":\"https:\\\/\\\/www.stenogfritid.dk\\\/\",\"logo\":{\"@id\":\"https:\\\/\\\/www.stenogfritid.dk\\\/vare\\\/storm-slipover-junior\\\/#local-main-organization-logo\"},\"image\":{\"@id\":\"https:\\\/\\\/www.stenogfritid.dk\\\/vare\\\/storm-slipover-junior\\\/#local-main-organization-logo\"},\"sameAs\":[\"http:\\\/\\\/www.facebook.com\\\/smykkestenogfritid\"],\"ownershipFundingInfo\":\"https:\\\/\\\/www.stenogfritid.dk\\\/handelsbetingelser\\\/\",\"address\":{\"@id\":\"https:\\\/\\\/www.stenogfritid.dk\\\/vare\\\/storm-slipover-junior\\\/#local-main-place-address\"},\"geo\":{\"@type\":\"GeoCoordinates\",\"latitude\":\"55.974960\",\"longitude\":\"12.020150\"},\"openingHoursSpecification\":[{\"@type\":\"OpeningHoursSpecification\",\"dayOfWeek\":[\"Monday\",\"Sunday\"],\"opens\":\"00:00\",\"closes\":\"00:00\"},{\"@type\":\"OpeningHoursSpecification\",\"dayOfWeek\":[\"Tuesday\",\"Wednesday\",\"Thursday\"],\"opens\":\"10:00\",\"closes\":\"17:30\"},{\"@type\":\"OpeningHoursSpecification\",\"dayOfWeek\":[\"Friday\"],\"opens\":\"10:00\",\"closes\":\"18:00\"},{\"@type\":\"OpeningHoursSpecification\",\"dayOfWeek\":[\"Saturday\"],\"opens\":\"10:00\",\"closes\":\"14:00\"}],\"email\":\"kontakt@stenogfritid.dk\",\"vatID\":\"DK34386641\",\"priceRange\":\"$$\"},{\"@type\":\"PostalAddress\",\"@id\":\"https:\\\/\\\/www.stenogfritid.dk\\\/vare\\\/storm-slipover-junior\\\/#local-main-place-address\",\"streetAddress\":\"N\u00f8rregade 28A\",\"addressLocality\":\"Frederiksv\u00e6rk\",\"postalCode\":\"3300\",\"addressCountry\":\"DK\"},{\"@type\":\"ImageObject\",\"inLanguage\":\"sv-SE\",\"@id\":\"https:\\\/\\\/www.stenogfritid.dk\\\/vare\\\/storm-slipover-junior\\\/#local-main-organization-logo\",\"url\":\"https:\\\/\\\/www.stenogfritid.dk\\\/wp-content\\\/uploads\\\/2021\\\/12\\\/Smykkesten-LOGO_krk.png\",\"contentUrl\":\"https:\\\/\\\/www.stenogfritid.dk\\\/wp-content\\\/uploads\\\/2021\\\/12\\\/Smykkesten-LOGO_krk.png\",\"width\":361,\"height\":50,\"caption\":\"Smykkesten og Fritid I\\\/S\"}]}<\/script>\n<meta property=\"product:price:amount\" content=\"45.00\" \/>\n<meta property=\"product:price:currency\" content=\"DKK\" \/>\n<meta property=\"og:availability\" content=\"out of stock\" \/>\n<meta property=\"product:availability\" content=\"out of stock\" \/>\n<meta property=\"product:retailer_item_id\" content=\"T0282-dk\" \/>\n<meta property=\"product:condition\" content=\"new\" \/>\n<meta name=\"geo.placename\" content=\"Frederiksv\u00e6rk\" \/>\n<meta name=\"geo.position\" content=\"55.974960;12.020150\" \/>\n<meta name=\"geo.region\" content=\"Danmark\" \/>\n<!-- \/ Yoast SEO Premium plugin. -->","yoast_head_json":{"title":"Storm Slipover Junior - Smycken och fritid","description":"Storm Slipover Junior","robots":{"index":"index","follow":"follow","max-snippet":"max-snippet:-1","max-image-preview":"max-image-preview:large","max-video-preview":"max-video-preview:-1"},"canonical":"https:\/\/www.stenogfritid.dk\/sv\/gaa-till\/storm-slipover-junior\/","og_locale":"sv_SE","og_type":"article","og_title":"Storm Slipover Junior","og_description":"Storm Slipover Junior","og_url":"https:\/\/www.stenogfritid.dk\/sv\/gaa-till\/storm-slipover-junior\/","og_site_name":"Smykkesten og Fritid","article_publisher":"http:\/\/www.facebook.com\/smykkestenogfritid","article_modified_time":"2024-04-16T15:22:01+00:00","og_image":[{"width":400,"height":500,"url":"https:\/\/www.stenogfritid.dk\/wp-content\/uploads\/2024\/04\/stormslipoverjuniorithy3_1500x1500.webp","type":"image\/webp"}],"twitter_misc":{"Pris":"45,00&nbsp;DKK","Tillg\u00e4nglig":"Slut i lager"},"schema":{"@context":"https:\/\/schema.org","@graph":[{"@type":"WebPage","@id":"https:\/\/www.stenogfritid.dk\/vare\/storm-slipover-junior\/","url":"https:\/\/www.stenogfritid.dk\/vare\/storm-slipover-junior\/","name":"Storm Slipover Junior - Smycken och fritid","isPartOf":{"@id":"https:\/\/www.stenogfritid.dk\/#website"},"primaryImageOfPage":{"@id":"https:\/\/www.stenogfritid.dk\/vare\/storm-slipover-junior\/#primaryimage"},"image":{"@id":"https:\/\/www.stenogfritid.dk\/vare\/storm-slipover-junior\/#primaryimage"},"thumbnailUrl":"https:\/\/www.stenogfritid.dk\/wp-content\/uploads\/2024\/04\/stormslipoverjuniorithy3_1500x1500.webp","datePublished":"2024-04-16T09:52:28+00:00","dateModified":"2024-04-16T15:22:01+00:00","description":"Storm Slipover Junior","breadcrumb":{"@id":"https:\/\/www.stenogfritid.dk\/vare\/storm-slipover-junior\/#breadcrumb"},"inLanguage":"sv-SE","potentialAction":[{"@type":"ReadAction","target":["https:\/\/www.stenogfritid.dk\/vare\/storm-slipover-junior\/"]}]},{"@type":"ImageObject","inLanguage":"sv-SE","@id":"https:\/\/www.stenogfritid.dk\/vare\/storm-slipover-junior\/#primaryimage","url":"https:\/\/www.stenogfritid.dk\/wp-content\/uploads\/2024\/04\/stormslipoverjuniorithy3_1500x1500.webp","contentUrl":"https:\/\/www.stenogfritid.dk\/wp-content\/uploads\/2024\/04\/stormslipoverjuniorithy3_1500x1500.webp","width":400,"height":500},{"@type":"BreadcrumbList","@id":"https:\/\/www.stenogfritid.dk\/vare\/storm-slipover-junior\/#breadcrumb","itemListElement":[{"@type":"ListItem","position":1,"name":"Hjem","item":"https:\/\/www.stenogfritid.dk\/"},{"@type":"ListItem","position":2,"name":"Shop","item":"https:\/\/www.stenogfritid.dk\/shop\/"},{"@type":"ListItem","position":3,"name":"Storm Slipover Junior"}]},{"@type":"WebSite","@id":"https:\/\/www.stenogfritid.dk\/#website","url":"https:\/\/www.stenogfritid.dk\/","name":"Smykkesten og Fritid","description":"Garn, kristallkristaller, stenslipning, smyckesmaterial","publisher":{"@id":"https:\/\/www.stenogfritid.dk\/#organization"},"potentialAction":[{"@type":"SearchAction","target":{"@type":"EntryPoint","urlTemplate":"https:\/\/www.stenogfritid.dk\/?s={search_term_string}"},"query-input":{"@type":"PropertyValueSpecification","valueRequired":true,"valueName":"search_term_string"}}],"inLanguage":"sv-SE"},{"@type":["Organization","Place","Store"],"@id":"https:\/\/www.stenogfritid.dk\/#organization","name":"Smycken och fritid I\/S","alternateName":"www.stenogfritid.dk","url":"https:\/\/www.stenogfritid.dk\/","logo":{"@id":"https:\/\/www.stenogfritid.dk\/vare\/storm-slipover-junior\/#local-main-organization-logo"},"image":{"@id":"https:\/\/www.stenogfritid.dk\/vare\/storm-slipover-junior\/#local-main-organization-logo"},"sameAs":["http:\/\/www.facebook.com\/smykkestenogfritid"],"ownershipFundingInfo":"https:\/\/www.stenogfritid.dk\/handelsbetingelser\/","address":{"@id":"https:\/\/www.stenogfritid.dk\/vare\/storm-slipover-junior\/#local-main-place-address"},"geo":{"@type":"GeoCoordinates","latitude":"55.974960","longitude":"12.020150"},"openingHoursSpecification":[{"@type":"OpeningHoursSpecification","dayOfWeek":["Monday","Sunday"],"opens":"00:00","closes":"00:00"},{"@type":"OpeningHoursSpecification","dayOfWeek":["Tuesday","Wednesday","Thursday"],"opens":"10:00","closes":"17:30"},{"@type":"OpeningHoursSpecification","dayOfWeek":["Friday"],"opens":"10:00","closes":"18:00"},{"@type":"OpeningHoursSpecification","dayOfWeek":["Saturday"],"opens":"10:00","closes":"14:00"}],"email":"kontakt@stenogfritid.dk","vatID":"DK34386641","priceRange":"$$"},{"@type":"PostalAddress","@id":"https:\/\/www.stenogfritid.dk\/vare\/storm-slipover-junior\/#local-main-place-address","streetAddress":"N\u00f8rregade 28A","addressLocality":"Frederiksv\u00e6rk","postalCode":"3300","addressCountry":"DK"},{"@type":"ImageObject","inLanguage":"sv-SE","@id":"https:\/\/www.stenogfritid.dk\/vare\/storm-slipover-junior\/#local-main-organization-logo","url":"https:\/\/www.stenogfritid.dk\/wp-content\/uploads\/2021\/12\/Smykkesten-LOGO_krk.png","contentUrl":"https:\/\/www.stenogfritid.dk\/wp-content\/uploads\/2021\/12\/Smykkesten-LOGO_krk.png","width":361,"height":50,"caption":"Smykkesten og Fritid I\/S"}]},"product_price_amount":"45.00","product_price_currency":"DKK","og_availability":"out of stock","product_availability":"out of stock","product_retailer_item_id":"T0282-dk","product_condition":"new","geo.placename":"Frederiksv\u00e6rk","geo.position":{"lat":"55.974960","long":"12.020150"},"geo.region":"Danmark"},"_links":{"self":[{"href":"https:\/\/www.stenogfritid.dk\/sv\/wp-json\/wp\/v2\/product\/46737","targetHints":{"allow":["GET"]}}],"collection":[{"href":"https:\/\/www.stenogfritid.dk\/sv\/wp-json\/wp\/v2\/product"}],"about":[{"href":"https:\/\/www.stenogfritid.dk\/sv\/wp-json\/wp\/v2\/types\/product"}],"version-history":[{"count":0,"href":"https:\/\/www.stenogfritid.dk\/sv\/wp-json\/wp\/v2\/product\/46737\/revisions"}],"wp:featuredmedia":[{"embeddable":true,"href":"https:\/\/www.stenogfritid.dk\/sv\/wp-json\/wp\/v2\/media\/47023"}],"wp:attachment":[{"href":"https:\/\/www.stenogfritid.dk\/sv\/wp-json\/wp\/v2\/media?parent=46737"}],"wp:term":[{"taxonomy":"product_brand","embeddable":true,"href":"https:\/\/www.stenogfritid.dk\/sv\/wp-json\/wp\/v2\/product_brand?post=46737"},{"taxonomy":"product_cat","embeddable":true,"href":"https:\/\/www.stenogfritid.dk\/sv\/wp-json\/wp\/v2\/product_cat?post=46737"},{"taxonomy":"product_tag","embeddable":true,"href":"https:\/\/www.stenogfritid.dk\/sv\/wp-json\/wp\/v2\/product_tag?post=46737"}],"curies":[{"name":"wp","href":"https:\/\/api.w.org\/{rel}","templated":true}]}}