{"id":46803,"date":"2024-04-16T10:52:51","date_gmt":"2024-04-16T09:52:51","guid":{"rendered":"https:\/\/www.stenogfritid.dk\/?post_type=product&#038;p=46803"},"modified":"2024-04-16T15:11:30","modified_gmt":"2024-04-16T14:11:30","slug":"terrazzo-troja-junior","status":"publish","type":"product","link":"https:\/\/www.stenogfritid.dk\/sv\/gaa-till\/terrazzo-troja-junior\/","title":{"rendered":"Terrazzo tr\u00f6ja Junior"},"content":{"rendered":"<p>Storleksguide<\/p>\n<p>Terrazzo Sweater Junior ska ha en positiv l\u00e4tthet p\u00e5 ca 15 cm i f\u00f6rh\u00e5llande till br\u00f6stm\u00e5ttet. Storlek 1-2 (2-3) 3-4 (4-5) 5-6 (6-7) 7-8 (8-9) 9-10 (10-12) 12-14 \u00e5r motsvarar ett br\u00f6stm\u00e5tt p\u00e5 ca 53 (54) 56 (57) 59 (62) 64 (68) 72 (78) 82 cm. M\u00e5tten p\u00e5 den f\u00e4rdiga tr\u00f6jan anges p\u00e5 framsidan av m\u00f6nstret (observera att dessa m\u00e5tt endast g\u00e4ller om m\u00e5tten f\u00f6ljs). Om du\/mottagaren t.ex. m\u00e4ter 59 cm runt br\u00f6stet, ska du sticka en storlek 5-6 \u00e5r. En tr\u00f6ja i storlek 5-6 har en totalbredd p\u00e5 74 cm och kommer i detta exempel att ge en positiv l\u00e4tthet p\u00e5 15 cm. Om det uppm\u00e4tta br\u00f6stm\u00e5ttet skiljer sig fr\u00e5n \u00e5ldersguiden b\u00f6r du vara uppm\u00e4rksam p\u00e5 att anpassa l\u00e4ngderna till den person du stickar till. Detsamma g\u00e4ller om barnet \u00e4r kortare\/l\u00e4ngre \u00e4n genomsnittet.<\/p>\n<p>Storlekar: 1-2 (2-3) 3-4 (4-5) 5-6 (6-7) 7-8 (8-9) 9-10 (10-12) 12-14 \u00e5r<\/p>\n<p>Tr\u00f6jans bredd: 66 (68) 69 (72) 74 (76) 79 (82) 87 (92) 96 cm<\/p>\n<p>L\u00e4ngd: 36 (38) 40 (42) 44 (46) 48 (50) 52 (53) 56 cm (m\u00e4tt mitt bak utan polokrage)<\/p>\n<p>Stickfasthet: 17 maskor x 25 varv i sl\u00e4tstickning p\u00e5 sticka 5 = 10 x 10 cm efter tv\u00e4tt och blockning<\/p>\n<p>Rekommenderade n\u00e5lar: 5 mm rundstygn (40, 60 och\/eller 80 cm), 4,5 mm rundstygn (60 eller 80 cm), 4 mm rundstygn (40 cm), 4,5 mm och 5 mm strumpstickor<\/p>\n<p>Material: F\u00f6rslag 1: 200 (200) 200-300 (300) 300 (300) 300-400 (400) 400 (400-500) 500 g Noro Madara (100 g = 200 m)<\/p>\n<p>F\u00f6rslag 2: 200 (300) 300-400 (400) 400 (400) 400-500 (500) 500 (500-600) 600 g Aran Tweed fr\u00e5n Isager Yarn (100 g = 160 m)<\/p>\n<p>Sv\u00e5righetsgrad: \u2605 \u2605 \u2605 \u2605 \u2605 \u2605 (4 av 5)<\/p>","protected":false},"excerpt":{"rendered":"<p>Terrazzo Sweater Junior stickas uppifr\u00e5n och ner, f\u00f6rst fram och tillbaka p\u00e5 rundsticka f\u00f6r att bilda halsringningen och sedan runt p\u00e5 rundsticka. Oket byggs upp genom att det f\u00f6rst stickas axel\u00f6kningar p\u00e5 r\u00e4tsidan och avigsidan. D\u00e4refter stickas \u00e4rm\u00f6kningarna och till sist stickas ett stycke med raglan\u00f6kningar. Till sist stickas den stora halsringningen fr\u00e5n upplockade m och stickas i res\u00e5r med vridna m. \u00c4rmarna stickas runt p\u00e5 strumpstickor eller med Magic Loop-teknik.<\/p>","protected":false},"featured_media":46949,"template":"","meta":{"_acf_changed":false},"product_brand":[],"product_cat":[1307],"product_tag":[],"class_list":{"0":"post-46803","1":"product","2":"type-product","3":"status-publish","4":"has-post-thumbnail","6":"product_cat-petiteknit_baby_boern","8":"first","9":"outofstock","10":"taxable","11":"shipping-taxable","12":"purchasable","13":"product-type-simple"},"acf":[],"yoast_head":"<!-- This site is optimized with the Yoast SEO Premium plugin v21.7 (Yoast SEO v27.5) - https:\/\/yoast.com\/product\/yoast-seo-premium-wordpress\/ -->\n<title>Terrazzo Sweater Junior - Smykkesten og Fritid<\/title>\n<meta name=\"description\" content=\"Terrazzo Sweater Junior\" \/>\n<meta name=\"robots\" content=\"index, follow, max-snippet:-1, max-image-preview:large, max-video-preview:-1\" \/>\n<link rel=\"canonical\" href=\"https:\/\/www.stenogfritid.dk\/sv\/gaa-till\/terrazzo-troja-junior\/\" \/>\n<meta property=\"og:locale\" content=\"sv_SE\" \/>\n<meta property=\"og:type\" content=\"article\" \/>\n<meta property=\"og:title\" content=\"Terrazzo Sweater Junior\" \/>\n<meta property=\"og:description\" content=\"Terrazzo Sweater Junior\" \/>\n<meta property=\"og:url\" content=\"https:\/\/www.stenogfritid.dk\/sv\/gaa-till\/terrazzo-troja-junior\/\" \/>\n<meta property=\"og:site_name\" content=\"Smykkesten og Fritid\" \/>\n<meta property=\"article:publisher\" content=\"http:\/\/www.facebook.com\/smykkestenogfritid\" \/>\n<meta property=\"article:modified_time\" content=\"2024-04-16T14:11:30+00:00\" \/>\n<meta property=\"og:image\" content=\"https:\/\/www.stenogfritid.dk\/wp-content\/uploads\/2024\/04\/terrazzosweaterjunior19_1500x1500.jpg\" \/>\n\t<meta property=\"og:image:width\" content=\"400\" \/>\n\t<meta property=\"og:image:height\" content=\"500\" \/>\n\t<meta property=\"og:image:type\" content=\"image\/jpeg\" \/>\n<meta name=\"twitter:label1\" content=\"Pris\" \/>\n\t<meta name=\"twitter:data1\" content=\"45,00&nbsp;DKK\" \/>\n\t<meta name=\"twitter:label2\" content=\"Tillg\u00e4nglig\" \/>\n\t<meta name=\"twitter:data2\" content=\"Slut i lager\" \/>\n<script type=\"application\/ld+json\" class=\"yoast-schema-graph\">{\"@context\":\"https:\\\/\\\/schema.org\",\"@graph\":[{\"@type\":\"WebPage\",\"@id\":\"https:\\\/\\\/www.stenogfritid.dk\\\/vare\\\/terrazzo-sweater-junior\\\/\",\"url\":\"https:\\\/\\\/www.stenogfritid.dk\\\/vare\\\/terrazzo-sweater-junior\\\/\",\"name\":\"Terrazzo Sweater Junior - Smykkesten og Fritid\",\"isPartOf\":{\"@id\":\"https:\\\/\\\/www.stenogfritid.dk\\\/#website\"},\"primaryImageOfPage\":{\"@id\":\"https:\\\/\\\/www.stenogfritid.dk\\\/vare\\\/terrazzo-sweater-junior\\\/#primaryimage\"},\"image\":{\"@id\":\"https:\\\/\\\/www.stenogfritid.dk\\\/vare\\\/terrazzo-sweater-junior\\\/#primaryimage\"},\"thumbnailUrl\":\"https:\\\/\\\/www.stenogfritid.dk\\\/wp-content\\\/uploads\\\/2024\\\/04\\\/terrazzosweaterjunior19_1500x1500.jpg\",\"datePublished\":\"2024-04-16T09:52:51+00:00\",\"dateModified\":\"2024-04-16T14:11:30+00:00\",\"description\":\"Terrazzo Sweater Junior\",\"breadcrumb\":{\"@id\":\"https:\\\/\\\/www.stenogfritid.dk\\\/vare\\\/terrazzo-sweater-junior\\\/#breadcrumb\"},\"inLanguage\":\"sv-SE\",\"potentialAction\":[{\"@type\":\"ReadAction\",\"target\":[\"https:\\\/\\\/www.stenogfritid.dk\\\/vare\\\/terrazzo-sweater-junior\\\/\"]}]},{\"@type\":\"ImageObject\",\"inLanguage\":\"sv-SE\",\"@id\":\"https:\\\/\\\/www.stenogfritid.dk\\\/vare\\\/terrazzo-sweater-junior\\\/#primaryimage\",\"url\":\"https:\\\/\\\/www.stenogfritid.dk\\\/wp-content\\\/uploads\\\/2024\\\/04\\\/terrazzosweaterjunior19_1500x1500.jpg\",\"contentUrl\":\"https:\\\/\\\/www.stenogfritid.dk\\\/wp-content\\\/uploads\\\/2024\\\/04\\\/terrazzosweaterjunior19_1500x1500.jpg\",\"width\":400,\"height\":500},{\"@type\":\"BreadcrumbList\",\"@id\":\"https:\\\/\\\/www.stenogfritid.dk\\\/vare\\\/terrazzo-sweater-junior\\\/#breadcrumb\",\"itemListElement\":[{\"@type\":\"ListItem\",\"position\":1,\"name\":\"Hjem\",\"item\":\"https:\\\/\\\/www.stenogfritid.dk\\\/\"},{\"@type\":\"ListItem\",\"position\":2,\"name\":\"Shop\",\"item\":\"https:\\\/\\\/www.stenogfritid.dk\\\/shop\\\/\"},{\"@type\":\"ListItem\",\"position\":3,\"name\":\"Terrazzo Sweater Junior\"}]},{\"@type\":\"WebSite\",\"@id\":\"https:\\\/\\\/www.stenogfritid.dk\\\/#website\",\"url\":\"https:\\\/\\\/www.stenogfritid.dk\\\/\",\"name\":\"Smykkesten og Fritid\",\"description\":\"Garn, Krystyaller, Stenslibning, Smykkematerialer\",\"publisher\":{\"@id\":\"https:\\\/\\\/www.stenogfritid.dk\\\/#organization\"},\"potentialAction\":[{\"@type\":\"SearchAction\",\"target\":{\"@type\":\"EntryPoint\",\"urlTemplate\":\"https:\\\/\\\/www.stenogfritid.dk\\\/?s={search_term_string}\"},\"query-input\":{\"@type\":\"PropertyValueSpecification\",\"valueRequired\":true,\"valueName\":\"search_term_string\"}}],\"inLanguage\":\"sv-SE\"},{\"@type\":[\"Organization\",\"Place\",\"Store\"],\"@id\":\"https:\\\/\\\/www.stenogfritid.dk\\\/#organization\",\"name\":\"Smykkesten og Fritid I\\\/S\",\"alternateName\":\"www.stenogfritid.dk\",\"url\":\"https:\\\/\\\/www.stenogfritid.dk\\\/\",\"logo\":{\"@id\":\"https:\\\/\\\/www.stenogfritid.dk\\\/vare\\\/terrazzo-sweater-junior\\\/#local-main-organization-logo\"},\"image\":{\"@id\":\"https:\\\/\\\/www.stenogfritid.dk\\\/vare\\\/terrazzo-sweater-junior\\\/#local-main-organization-logo\"},\"sameAs\":[\"http:\\\/\\\/www.facebook.com\\\/smykkestenogfritid\"],\"ownershipFundingInfo\":\"https:\\\/\\\/www.stenogfritid.dk\\\/handelsbetingelser\\\/\",\"address\":{\"@id\":\"https:\\\/\\\/www.stenogfritid.dk\\\/vare\\\/terrazzo-sweater-junior\\\/#local-main-place-address\"},\"geo\":{\"@type\":\"GeoCoordinates\",\"latitude\":\"55.974960\",\"longitude\":\"12.020150\"},\"openingHoursSpecification\":[{\"@type\":\"OpeningHoursSpecification\",\"dayOfWeek\":[\"Monday\",\"Sunday\"],\"opens\":\"00:00\",\"closes\":\"00:00\"},{\"@type\":\"OpeningHoursSpecification\",\"dayOfWeek\":[\"Tuesday\",\"Wednesday\",\"Thursday\"],\"opens\":\"10:00\",\"closes\":\"17:30\"},{\"@type\":\"OpeningHoursSpecification\",\"dayOfWeek\":[\"Friday\"],\"opens\":\"10:00\",\"closes\":\"18:00\"},{\"@type\":\"OpeningHoursSpecification\",\"dayOfWeek\":[\"Saturday\"],\"opens\":\"10:00\",\"closes\":\"14:00\"}],\"email\":\"kontakt@stenogfritid.dk\",\"vatID\":\"DK34386641\",\"priceRange\":\"$$\"},{\"@type\":\"PostalAddress\",\"@id\":\"https:\\\/\\\/www.stenogfritid.dk\\\/vare\\\/terrazzo-sweater-junior\\\/#local-main-place-address\",\"streetAddress\":\"N\u00f8rregade 28A\",\"addressLocality\":\"Frederiksv\u00e6rk\",\"postalCode\":\"3300\",\"addressCountry\":\"DK\"},{\"@type\":\"ImageObject\",\"inLanguage\":\"sv-SE\",\"@id\":\"https:\\\/\\\/www.stenogfritid.dk\\\/vare\\\/terrazzo-sweater-junior\\\/#local-main-organization-logo\",\"url\":\"https:\\\/\\\/www.stenogfritid.dk\\\/wp-content\\\/uploads\\\/2021\\\/12\\\/Smykkesten-LOGO_krk.png\",\"contentUrl\":\"https:\\\/\\\/www.stenogfritid.dk\\\/wp-content\\\/uploads\\\/2021\\\/12\\\/Smykkesten-LOGO_krk.png\",\"width\":361,\"height\":50,\"caption\":\"Smykkesten og Fritid I\\\/S\"}]}<\/script>\n<meta property=\"product:price:amount\" content=\"45.00\" \/>\n<meta property=\"product:price:currency\" content=\"DKK\" \/>\n<meta property=\"og:availability\" content=\"out of stock\" \/>\n<meta property=\"product:availability\" content=\"out of stock\" \/>\n<meta property=\"product:retailer_item_id\" content=\"T0271-dk\" \/>\n<meta property=\"product:condition\" content=\"new\" \/>\n<meta name=\"geo.placename\" content=\"Frederiksv\u00e6rk\" \/>\n<meta name=\"geo.position\" content=\"55.974960;12.020150\" \/>\n<meta name=\"geo.region\" content=\"Danmark\" \/>\n<!-- \/ Yoast SEO Premium plugin. -->","yoast_head_json":{"title":"Terrazzo Sweater Junior - Smycken och fritid","description":"Terrazzo tr\u00f6ja Junior","robots":{"index":"index","follow":"follow","max-snippet":"max-snippet:-1","max-image-preview":"max-image-preview:large","max-video-preview":"max-video-preview:-1"},"canonical":"https:\/\/www.stenogfritid.dk\/sv\/gaa-till\/terrazzo-troja-junior\/","og_locale":"sv_SE","og_type":"article","og_title":"Terrazzo Sweater Junior","og_description":"Terrazzo Sweater Junior","og_url":"https:\/\/www.stenogfritid.dk\/sv\/gaa-till\/terrazzo-troja-junior\/","og_site_name":"Smykkesten og Fritid","article_publisher":"http:\/\/www.facebook.com\/smykkestenogfritid","article_modified_time":"2024-04-16T14:11:30+00:00","og_image":[{"width":400,"height":500,"url":"https:\/\/www.stenogfritid.dk\/wp-content\/uploads\/2024\/04\/terrazzosweaterjunior19_1500x1500.jpg","type":"image\/jpeg"}],"twitter_misc":{"Pris":"45,00&nbsp;DKK","Tillg\u00e4nglig":"Slut i lager"},"schema":{"@context":"https:\/\/schema.org","@graph":[{"@type":"WebPage","@id":"https:\/\/www.stenogfritid.dk\/vare\/terrazzo-sweater-junior\/","url":"https:\/\/www.stenogfritid.dk\/vare\/terrazzo-sweater-junior\/","name":"Terrazzo Sweater Junior - Smycken och fritid","isPartOf":{"@id":"https:\/\/www.stenogfritid.dk\/#website"},"primaryImageOfPage":{"@id":"https:\/\/www.stenogfritid.dk\/vare\/terrazzo-sweater-junior\/#primaryimage"},"image":{"@id":"https:\/\/www.stenogfritid.dk\/vare\/terrazzo-sweater-junior\/#primaryimage"},"thumbnailUrl":"https:\/\/www.stenogfritid.dk\/wp-content\/uploads\/2024\/04\/terrazzosweaterjunior19_1500x1500.jpg","datePublished":"2024-04-16T09:52:51+00:00","dateModified":"2024-04-16T14:11:30+00:00","description":"Terrazzo tr\u00f6ja Junior","breadcrumb":{"@id":"https:\/\/www.stenogfritid.dk\/vare\/terrazzo-sweater-junior\/#breadcrumb"},"inLanguage":"sv-SE","potentialAction":[{"@type":"ReadAction","target":["https:\/\/www.stenogfritid.dk\/vare\/terrazzo-sweater-junior\/"]}]},{"@type":"ImageObject","inLanguage":"sv-SE","@id":"https:\/\/www.stenogfritid.dk\/vare\/terrazzo-sweater-junior\/#primaryimage","url":"https:\/\/www.stenogfritid.dk\/wp-content\/uploads\/2024\/04\/terrazzosweaterjunior19_1500x1500.jpg","contentUrl":"https:\/\/www.stenogfritid.dk\/wp-content\/uploads\/2024\/04\/terrazzosweaterjunior19_1500x1500.jpg","width":400,"height":500},{"@type":"BreadcrumbList","@id":"https:\/\/www.stenogfritid.dk\/vare\/terrazzo-sweater-junior\/#breadcrumb","itemListElement":[{"@type":"ListItem","position":1,"name":"Hjem","item":"https:\/\/www.stenogfritid.dk\/"},{"@type":"ListItem","position":2,"name":"Shop","item":"https:\/\/www.stenogfritid.dk\/shop\/"},{"@type":"ListItem","position":3,"name":"Terrazzo Sweater Junior"}]},{"@type":"WebSite","@id":"https:\/\/www.stenogfritid.dk\/#website","url":"https:\/\/www.stenogfritid.dk\/","name":"Smykkesten og Fritid","description":"Garn, kristallkristaller, stenslipning, smyckesmaterial","publisher":{"@id":"https:\/\/www.stenogfritid.dk\/#organization"},"potentialAction":[{"@type":"SearchAction","target":{"@type":"EntryPoint","urlTemplate":"https:\/\/www.stenogfritid.dk\/?s={search_term_string}"},"query-input":{"@type":"PropertyValueSpecification","valueRequired":true,"valueName":"search_term_string"}}],"inLanguage":"sv-SE"},{"@type":["Organization","Place","Store"],"@id":"https:\/\/www.stenogfritid.dk\/#organization","name":"Smycken och fritid I\/S","alternateName":"www.stenogfritid.dk","url":"https:\/\/www.stenogfritid.dk\/","logo":{"@id":"https:\/\/www.stenogfritid.dk\/vare\/terrazzo-sweater-junior\/#local-main-organization-logo"},"image":{"@id":"https:\/\/www.stenogfritid.dk\/vare\/terrazzo-sweater-junior\/#local-main-organization-logo"},"sameAs":["http:\/\/www.facebook.com\/smykkestenogfritid"],"ownershipFundingInfo":"https:\/\/www.stenogfritid.dk\/handelsbetingelser\/","address":{"@id":"https:\/\/www.stenogfritid.dk\/vare\/terrazzo-sweater-junior\/#local-main-place-address"},"geo":{"@type":"GeoCoordinates","latitude":"55.974960","longitude":"12.020150"},"openingHoursSpecification":[{"@type":"OpeningHoursSpecification","dayOfWeek":["Monday","Sunday"],"opens":"00:00","closes":"00:00"},{"@type":"OpeningHoursSpecification","dayOfWeek":["Tuesday","Wednesday","Thursday"],"opens":"10:00","closes":"17:30"},{"@type":"OpeningHoursSpecification","dayOfWeek":["Friday"],"opens":"10:00","closes":"18:00"},{"@type":"OpeningHoursSpecification","dayOfWeek":["Saturday"],"opens":"10:00","closes":"14:00"}],"email":"kontakt@stenogfritid.dk","vatID":"DK34386641","priceRange":"$$"},{"@type":"PostalAddress","@id":"https:\/\/www.stenogfritid.dk\/vare\/terrazzo-sweater-junior\/#local-main-place-address","streetAddress":"N\u00f8rregade 28A","addressLocality":"Frederiksv\u00e6rk","postalCode":"3300","addressCountry":"DK"},{"@type":"ImageObject","inLanguage":"sv-SE","@id":"https:\/\/www.stenogfritid.dk\/vare\/terrazzo-sweater-junior\/#local-main-organization-logo","url":"https:\/\/www.stenogfritid.dk\/wp-content\/uploads\/2021\/12\/Smykkesten-LOGO_krk.png","contentUrl":"https:\/\/www.stenogfritid.dk\/wp-content\/uploads\/2021\/12\/Smykkesten-LOGO_krk.png","width":361,"height":50,"caption":"Smykkesten og Fritid I\/S"}]},"product_price_amount":"45.00","product_price_currency":"DKK","og_availability":"out of stock","product_availability":"out of stock","product_retailer_item_id":"T0271-dk","product_condition":"new","geo.placename":"Frederiksv\u00e6rk","geo.position":{"lat":"55.974960","long":"12.020150"},"geo.region":"Danmark"},"_links":{"self":[{"href":"https:\/\/www.stenogfritid.dk\/sv\/wp-json\/wp\/v2\/product\/46803","targetHints":{"allow":["GET"]}}],"collection":[{"href":"https:\/\/www.stenogfritid.dk\/sv\/wp-json\/wp\/v2\/product"}],"about":[{"href":"https:\/\/www.stenogfritid.dk\/sv\/wp-json\/wp\/v2\/types\/product"}],"version-history":[{"count":0,"href":"https:\/\/www.stenogfritid.dk\/sv\/wp-json\/wp\/v2\/product\/46803\/revisions"}],"wp:featuredmedia":[{"embeddable":true,"href":"https:\/\/www.stenogfritid.dk\/sv\/wp-json\/wp\/v2\/media\/46949"}],"wp:attachment":[{"href":"https:\/\/www.stenogfritid.dk\/sv\/wp-json\/wp\/v2\/media?parent=46803"}],"wp:term":[{"taxonomy":"product_brand","embeddable":true,"href":"https:\/\/www.stenogfritid.dk\/sv\/wp-json\/wp\/v2\/product_brand?post=46803"},{"taxonomy":"product_cat","embeddable":true,"href":"https:\/\/www.stenogfritid.dk\/sv\/wp-json\/wp\/v2\/product_cat?post=46803"},{"taxonomy":"product_tag","embeddable":true,"href":"https:\/\/www.stenogfritid.dk\/sv\/wp-json\/wp\/v2\/product_tag?post=46803"}],"curies":[{"name":"wp","href":"https:\/\/api.w.org\/{rel}","templated":true}]}}