{"id":77652,"date":"2025-07-10T15:44:24","date_gmt":"2025-07-10T14:44:24","guid":{"rendered":"https:\/\/www.stenogfritid.dk\/?post_type=product&#038;p=77652"},"modified":"2025-10-21T09:48:34","modified_gmt":"2025-10-21T08:48:34","slug":"symfoni-tunisiacal-motorsaag-35-8-mm","status":"publish","type":"product","link":"https:\/\/www.stenogfritid.dk\/sv\/gaa-till\/symfoni-tunisiacal-motorsaag-35-8-mm\/","title":{"rendered":"Symfonie Tunisisk virkn\u00e5lsset 3,5-8 mm"},"content":{"rendered":"<p><strong>Satsen inneh\u00e5ller f\u00f6ljande:<\/strong><\/p>\n<p>3,5 mm sk\u00e4rande n\u00e5l<\/p>\n<p>4,0 mm sk\u00e4rande n\u00e5l<\/p>\n<p>4,5 mm sk\u00e4rande n\u00e5l<\/p>\n<p>5,0 mm sk\u00e4rande n\u00e5l<\/p>\n<p>5,5 mm sk\u00e4rande n\u00e5l<\/p>\n<p>6,0 mm sk\u00e4rande n\u00e5l<\/p>\n<p>7,0 mm sk\u00e4rande n\u00e5l<\/p>\n<p><span lang=\"DE\">8,0 mm sk\u00e4rande n\u00e5l<\/span><\/p>\n<p>Memory-free wire 60 cm x 1<\/p>\n<p>Memory-free wires 80 cm x 2<\/p>\n<p>Memory-free wire 100 cm x 1<\/p>\n<p>Tr\u00e5dstoppare x 8<\/p>\n<p>\u00c5tdragningsnycklar x 4<\/p>\n<p>1 upps\u00e4ttning tr\u00e5d\u00f6verg\u00e5ngar<\/p>\n<p>&nbsp;<\/p>\n<p>Virkn\u00e5larna f\u00f6r tunisisk virkning eller crochet \u00e4r tillverkade av l\u00e4tt och starkt bj\u00f6rktr\u00e4. Setet inneh\u00e5ller 8 olika storlekar fr\u00e5n 3,5 mm - 8,0 mm. Med s\u00e5 m\u00e5nga olika storlekar finns det virkn\u00e5lar f\u00f6r projekt med b\u00e5de tunt och tjockt garn.<\/p>\n<p>Eftersom virkn\u00e5larna \u00e4r tillverkade av bj\u00f6rktr\u00e4 \u00e4r de sk\u00f6na att h\u00e5lla i eftersom tr\u00e4et k\u00e4nns varmt i h\u00e4nderna. Virkn\u00e5larna \u00e4r perfekta f\u00f6r att virka i flera timmar i str\u00e4ck. Den sl\u00e4ta ytan g\u00f6r att alla typer av garn glider l\u00e4tt. Virkn\u00e5larnas tr\u00e4 \u00e4r flerf\u00e4rgat och m\u00e5lat i en blandning av flera f\u00e4rgglada nyanser, vilket g\u00f6r dem vackra att titta p\u00e5.<\/p>\n<p>Virkn\u00e5len \u00e4r l\u00e4ngre \u00e4n vanliga virkn\u00e5lar eftersom den beh\u00f6ver h\u00e5lla fler maskor \u00e5t g\u00e5ngen. En tr\u00e5d kan skruvas fast i \u00e4nden av virkn\u00e5len f\u00f6r att g\u00f6ra den s\u00e5 l\u00e5ng som du vill, och i kitet medf\u00f6ljer tr\u00e5dar i 3 olika l\u00e4ngder. Virkn\u00e5lssatsen inneh\u00e5ller ocks\u00e5 instruktioner om hur man f\u00e4ster tr\u00e5den och drar \u00e5t den.<\/p>\n<p>Tr\u00e5darna i setet \u00e4r memory-free med en 360-graders svivel. Dessa tr\u00e5dar vrider sig d\u00e4rf\u00f6r inte p\u00e5 samma s\u00e4tt som tr\u00e5dar utan svivel, vilket g\u00f6r dessa virkn\u00e5lar mer bekv\u00e4ma att virka med.<\/p>\n<p>Satsen levereras i ett praktiskt och attraktivt fodral som ocks\u00e5 l\u00e4tt kan b\u00e4ras i v\u00e4skan. En stor innerficka fungerar som f\u00f6rvaring f\u00f6r de mindre delarna. Det sj\u00e4lvst\u00e5ende fodralet har en plan sida som kan anv\u00e4ndas f\u00f6r att h\u00e5lla ett tryckt m\u00f6nster eller diagram, s\u00e5 att du f\u00e5r h\u00e4nderna fria f\u00f6r stickning. Omslaget har d\u00e4rf\u00f6r flera bra funktioner.<\/p>","protected":false},"excerpt":{"rendered":"<p>Satsen inneh\u00e5ller f\u00f6ljande: 3,5 mm skaftn\u00e5l 4,0 mm skaftn\u00e5l 4,5 mm skaftn\u00e5l 5,0 mm skaftn\u00e5l 5,5 mm skaftn\u00e5l 6,0 mm<\/p>","protected":false},"featured_media":77654,"template":"","meta":{"_acf_changed":false},"product_brand":[],"product_cat":[263],"product_tag":[],"class_list":{"0":"post-77652","1":"product","2":"type-product","3":"status-publish","4":"has-post-thumbnail","6":"product_cat-pinde-saet","8":"first","9":"instock","10":"taxable","11":"shipping-taxable","12":"purchasable","13":"product-type-simple"},"acf":[],"yoast_head":"<!-- This site is optimized with the Yoast SEO Premium plugin v21.7 (Yoast SEO v27.5) - https:\/\/yoast.com\/product\/yoast-seo-premium-wordpress\/ -->\n<title>Symfonie tunesiskh\u00e6klen\u00e5les\u00e6t 3,5-8 mm - Smykkesten og Fritid<\/title>\n<meta name=\"description\" content=\"Symfonie tunesiskh\u00e6klen\u00e5les\u00e6t 3,5-8 mm\" \/>\n<meta name=\"robots\" content=\"index, follow, max-snippet:-1, max-image-preview:large, max-video-preview:-1\" \/>\n<link rel=\"canonical\" href=\"https:\/\/www.stenogfritid.dk\/sv\/gaa-till\/symfoni-tunisiacal-motorsaag-35-8-mm\/\" \/>\n<meta property=\"og:locale\" content=\"sv_SE\" \/>\n<meta property=\"og:type\" content=\"article\" \/>\n<meta property=\"og:title\" content=\"Symfonie tunesiskh\u00e6klen\u00e5les\u00e6t 3,5-8 mm\" \/>\n<meta property=\"og:description\" content=\"Symfonie tunesiskh\u00e6klen\u00e5les\u00e6t 3,5-8 mm\" \/>\n<meta property=\"og:url\" content=\"https:\/\/www.stenogfritid.dk\/sv\/gaa-till\/symfoni-tunisiacal-motorsaag-35-8-mm\/\" \/>\n<meta property=\"og:site_name\" content=\"Smykkesten og Fritid\" \/>\n<meta property=\"article:publisher\" content=\"http:\/\/www.facebook.com\/smykkestenogfritid\" \/>\n<meta property=\"article:modified_time\" content=\"2025-10-21T08:48:34+00:00\" \/>\n<meta property=\"og:image\" content=\"https:\/\/www.stenogfritid.dk\/wp-content\/uploads\/2025\/07\/symfonie-haeklenaletunesisksaet-35-8-mayflower-777055.webp\" \/>\n\t<meta property=\"og:image:width\" content=\"500\" \/>\n\t<meta property=\"og:image:height\" content=\"500\" \/>\n\t<meta property=\"og:image:type\" content=\"image\/webp\" \/>\n<meta name=\"twitter:label1\" content=\"Pris\" \/>\n\t<meta name=\"twitter:data1\" content=\"525,00&nbsp;DKK\" \/>\n\t<meta name=\"twitter:label2\" content=\"Tillg\u00e4nglig\" \/>\n\t<meta name=\"twitter:data2\" content=\"I lager\" \/>\n<script type=\"application\/ld+json\" class=\"yoast-schema-graph\">{\"@context\":\"https:\\\/\\\/schema.org\",\"@graph\":[{\"@type\":\"WebPage\",\"@id\":\"https:\\\/\\\/www.stenogfritid.dk\\\/vare\\\/symfonie-tunesiskhaeklenaalesaet-35-8-mm\\\/\",\"url\":\"https:\\\/\\\/www.stenogfritid.dk\\\/vare\\\/symfonie-tunesiskhaeklenaalesaet-35-8-mm\\\/\",\"name\":\"Symfonie tunesiskh\u00e6klen\u00e5les\u00e6t 3,5-8 mm - Smykkesten og Fritid\",\"isPartOf\":{\"@id\":\"https:\\\/\\\/www.stenogfritid.dk\\\/#website\"},\"primaryImageOfPage\":{\"@id\":\"https:\\\/\\\/www.stenogfritid.dk\\\/vare\\\/symfonie-tunesiskhaeklenaalesaet-35-8-mm\\\/#primaryimage\"},\"image\":{\"@id\":\"https:\\\/\\\/www.stenogfritid.dk\\\/vare\\\/symfonie-tunesiskhaeklenaalesaet-35-8-mm\\\/#primaryimage\"},\"thumbnailUrl\":\"https:\\\/\\\/www.stenogfritid.dk\\\/wp-content\\\/uploads\\\/2025\\\/07\\\/symfonie-haeklenaletunesisksaet-35-8-mayflower-777055.webp\",\"datePublished\":\"2025-07-10T14:44:24+00:00\",\"dateModified\":\"2025-10-21T08:48:34+00:00\",\"description\":\"Symfonie tunesiskh\u00e6klen\u00e5les\u00e6t 3,5-8 mm\",\"breadcrumb\":{\"@id\":\"https:\\\/\\\/www.stenogfritid.dk\\\/vare\\\/symfonie-tunesiskhaeklenaalesaet-35-8-mm\\\/#breadcrumb\"},\"inLanguage\":\"sv-SE\",\"potentialAction\":[{\"@type\":\"ReadAction\",\"target\":[\"https:\\\/\\\/www.stenogfritid.dk\\\/vare\\\/symfonie-tunesiskhaeklenaalesaet-35-8-mm\\\/\"]}]},{\"@type\":\"ImageObject\",\"inLanguage\":\"sv-SE\",\"@id\":\"https:\\\/\\\/www.stenogfritid.dk\\\/vare\\\/symfonie-tunesiskhaeklenaalesaet-35-8-mm\\\/#primaryimage\",\"url\":\"https:\\\/\\\/www.stenogfritid.dk\\\/wp-content\\\/uploads\\\/2025\\\/07\\\/symfonie-haeklenaletunesisksaet-35-8-mayflower-777055.webp\",\"contentUrl\":\"https:\\\/\\\/www.stenogfritid.dk\\\/wp-content\\\/uploads\\\/2025\\\/07\\\/symfonie-haeklenaletunesisksaet-35-8-mayflower-777055.webp\",\"width\":500,\"height\":500},{\"@type\":\"BreadcrumbList\",\"@id\":\"https:\\\/\\\/www.stenogfritid.dk\\\/vare\\\/symfonie-tunesiskhaeklenaalesaet-35-8-mm\\\/#breadcrumb\",\"itemListElement\":[{\"@type\":\"ListItem\",\"position\":1,\"name\":\"Hjem\",\"item\":\"https:\\\/\\\/www.stenogfritid.dk\\\/\"},{\"@type\":\"ListItem\",\"position\":2,\"name\":\"Shop\",\"item\":\"https:\\\/\\\/www.stenogfritid.dk\\\/shop\\\/\"},{\"@type\":\"ListItem\",\"position\":3,\"name\":\"Symfonie tunesiskh\u00e6klen\u00e5les\u00e6t 3,5-8 mm\"}]},{\"@type\":\"WebSite\",\"@id\":\"https:\\\/\\\/www.stenogfritid.dk\\\/#website\",\"url\":\"https:\\\/\\\/www.stenogfritid.dk\\\/\",\"name\":\"Smykkesten og Fritid\",\"description\":\"Garn, Krystyaller, Stenslibning, Smykkematerialer\",\"publisher\":{\"@id\":\"https:\\\/\\\/www.stenogfritid.dk\\\/#organization\"},\"potentialAction\":[{\"@type\":\"SearchAction\",\"target\":{\"@type\":\"EntryPoint\",\"urlTemplate\":\"https:\\\/\\\/www.stenogfritid.dk\\\/?s={search_term_string}\"},\"query-input\":{\"@type\":\"PropertyValueSpecification\",\"valueRequired\":true,\"valueName\":\"search_term_string\"}}],\"inLanguage\":\"sv-SE\"},{\"@type\":[\"Organization\",\"Place\",\"Store\"],\"@id\":\"https:\\\/\\\/www.stenogfritid.dk\\\/#organization\",\"name\":\"Smykkesten og Fritid I\\\/S\",\"alternateName\":\"www.stenogfritid.dk\",\"url\":\"https:\\\/\\\/www.stenogfritid.dk\\\/\",\"logo\":{\"@id\":\"https:\\\/\\\/www.stenogfritid.dk\\\/vare\\\/symfonie-tunesiskhaeklenaalesaet-35-8-mm\\\/#local-main-organization-logo\"},\"image\":{\"@id\":\"https:\\\/\\\/www.stenogfritid.dk\\\/vare\\\/symfonie-tunesiskhaeklenaalesaet-35-8-mm\\\/#local-main-organization-logo\"},\"sameAs\":[\"http:\\\/\\\/www.facebook.com\\\/smykkestenogfritid\"],\"ownershipFundingInfo\":\"https:\\\/\\\/www.stenogfritid.dk\\\/handelsbetingelser\\\/\",\"address\":{\"@id\":\"https:\\\/\\\/www.stenogfritid.dk\\\/vare\\\/symfonie-tunesiskhaeklenaalesaet-35-8-mm\\\/#local-main-place-address\"},\"geo\":{\"@type\":\"GeoCoordinates\",\"latitude\":\"55.974960\",\"longitude\":\"12.020150\"},\"openingHoursSpecification\":[{\"@type\":\"OpeningHoursSpecification\",\"dayOfWeek\":[\"Monday\",\"Sunday\"],\"opens\":\"00:00\",\"closes\":\"00:00\"},{\"@type\":\"OpeningHoursSpecification\",\"dayOfWeek\":[\"Tuesday\",\"Wednesday\",\"Thursday\"],\"opens\":\"10:00\",\"closes\":\"17:30\"},{\"@type\":\"OpeningHoursSpecification\",\"dayOfWeek\":[\"Friday\"],\"opens\":\"10:00\",\"closes\":\"18:00\"},{\"@type\":\"OpeningHoursSpecification\",\"dayOfWeek\":[\"Saturday\"],\"opens\":\"10:00\",\"closes\":\"14:00\"}],\"email\":\"kontakt@stenogfritid.dk\",\"vatID\":\"DK34386641\",\"priceRange\":\"$$\"},{\"@type\":\"PostalAddress\",\"@id\":\"https:\\\/\\\/www.stenogfritid.dk\\\/vare\\\/symfonie-tunesiskhaeklenaalesaet-35-8-mm\\\/#local-main-place-address\",\"streetAddress\":\"N\u00f8rregade 28A\",\"addressLocality\":\"Frederiksv\u00e6rk\",\"postalCode\":\"3300\",\"addressCountry\":\"DK\"},{\"@type\":\"ImageObject\",\"inLanguage\":\"sv-SE\",\"@id\":\"https:\\\/\\\/www.stenogfritid.dk\\\/vare\\\/symfonie-tunesiskhaeklenaalesaet-35-8-mm\\\/#local-main-organization-logo\",\"url\":\"https:\\\/\\\/www.stenogfritid.dk\\\/wp-content\\\/uploads\\\/2021\\\/12\\\/Smykkesten-LOGO_krk.png\",\"contentUrl\":\"https:\\\/\\\/www.stenogfritid.dk\\\/wp-content\\\/uploads\\\/2021\\\/12\\\/Smykkesten-LOGO_krk.png\",\"width\":361,\"height\":50,\"caption\":\"Smykkesten og Fritid I\\\/S\"}]}<\/script>\n<meta property=\"product:price:amount\" content=\"525.00\" \/>\n<meta property=\"product:price:currency\" content=\"DKK\" \/>\n<meta property=\"og:availability\" content=\"instock\" \/>\n<meta property=\"product:availability\" content=\"instock\" \/>\n<meta property=\"product:retailer_item_id\" content=\"knitpro_tunesisk\" \/>\n<meta property=\"product:condition\" content=\"new\" \/>\n<meta name=\"geo.placename\" content=\"Frederiksv\u00e6rk\" \/>\n<meta name=\"geo.position\" content=\"55.974960;12.020150\" \/>\n<meta name=\"geo.region\" content=\"Danmark\" \/>\n<!-- \/ Yoast SEO Premium plugin. -->","yoast_head_json":{"title":"Symfonie tunisisk virkn\u00e5lssats 3,5-8 mm - Smycken och fritid","description":"Symfonie Tunisisk virkn\u00e5lsset 3,5-8 mm","robots":{"index":"index","follow":"follow","max-snippet":"max-snippet:-1","max-image-preview":"max-image-preview:large","max-video-preview":"max-video-preview:-1"},"canonical":"https:\/\/www.stenogfritid.dk\/sv\/gaa-till\/symfoni-tunisiacal-motorsaag-35-8-mm\/","og_locale":"sv_SE","og_type":"article","og_title":"Symfonie tunesiskh\u00e6klen\u00e5les\u00e6t 3,5-8 mm","og_description":"Symfonie tunesiskh\u00e6klen\u00e5les\u00e6t 3,5-8 mm","og_url":"https:\/\/www.stenogfritid.dk\/sv\/gaa-till\/symfoni-tunisiacal-motorsaag-35-8-mm\/","og_site_name":"Smykkesten og Fritid","article_publisher":"http:\/\/www.facebook.com\/smykkestenogfritid","article_modified_time":"2025-10-21T08:48:34+00:00","og_image":[{"width":500,"height":500,"url":"https:\/\/www.stenogfritid.dk\/wp-content\/uploads\/2025\/07\/symfonie-haeklenaletunesisksaet-35-8-mayflower-777055.webp","type":"image\/webp"}],"twitter_misc":{"Pris":"525,00&nbsp;DKK","Tillg\u00e4nglig":"I lager"},"schema":{"@context":"https:\/\/schema.org","@graph":[{"@type":"WebPage","@id":"https:\/\/www.stenogfritid.dk\/vare\/symfonie-tunesiskhaeklenaalesaet-35-8-mm\/","url":"https:\/\/www.stenogfritid.dk\/vare\/symfonie-tunesiskhaeklenaalesaet-35-8-mm\/","name":"Symfonie tunisisk virkn\u00e5lssats 3,5-8 mm - Smycken och fritid","isPartOf":{"@id":"https:\/\/www.stenogfritid.dk\/#website"},"primaryImageOfPage":{"@id":"https:\/\/www.stenogfritid.dk\/vare\/symfonie-tunesiskhaeklenaalesaet-35-8-mm\/#primaryimage"},"image":{"@id":"https:\/\/www.stenogfritid.dk\/vare\/symfonie-tunesiskhaeklenaalesaet-35-8-mm\/#primaryimage"},"thumbnailUrl":"https:\/\/www.stenogfritid.dk\/wp-content\/uploads\/2025\/07\/symfonie-haeklenaletunesisksaet-35-8-mayflower-777055.webp","datePublished":"2025-07-10T14:44:24+00:00","dateModified":"2025-10-21T08:48:34+00:00","description":"Symfonie Tunisisk virkn\u00e5lsset 3,5-8 mm","breadcrumb":{"@id":"https:\/\/www.stenogfritid.dk\/vare\/symfonie-tunesiskhaeklenaalesaet-35-8-mm\/#breadcrumb"},"inLanguage":"sv-SE","potentialAction":[{"@type":"ReadAction","target":["https:\/\/www.stenogfritid.dk\/vare\/symfonie-tunesiskhaeklenaalesaet-35-8-mm\/"]}]},{"@type":"ImageObject","inLanguage":"sv-SE","@id":"https:\/\/www.stenogfritid.dk\/vare\/symfonie-tunesiskhaeklenaalesaet-35-8-mm\/#primaryimage","url":"https:\/\/www.stenogfritid.dk\/wp-content\/uploads\/2025\/07\/symfonie-haeklenaletunesisksaet-35-8-mayflower-777055.webp","contentUrl":"https:\/\/www.stenogfritid.dk\/wp-content\/uploads\/2025\/07\/symfonie-haeklenaletunesisksaet-35-8-mayflower-777055.webp","width":500,"height":500},{"@type":"BreadcrumbList","@id":"https:\/\/www.stenogfritid.dk\/vare\/symfonie-tunesiskhaeklenaalesaet-35-8-mm\/#breadcrumb","itemListElement":[{"@type":"ListItem","position":1,"name":"Hjem","item":"https:\/\/www.stenogfritid.dk\/"},{"@type":"ListItem","position":2,"name":"Shop","item":"https:\/\/www.stenogfritid.dk\/shop\/"},{"@type":"ListItem","position":3,"name":"Symfonie tunesiskh\u00e6klen\u00e5les\u00e6t 3,5-8 mm"}]},{"@type":"WebSite","@id":"https:\/\/www.stenogfritid.dk\/#website","url":"https:\/\/www.stenogfritid.dk\/","name":"Smykkesten og Fritid","description":"Garn, kristallkristaller, stenslipning, smyckesmaterial","publisher":{"@id":"https:\/\/www.stenogfritid.dk\/#organization"},"potentialAction":[{"@type":"SearchAction","target":{"@type":"EntryPoint","urlTemplate":"https:\/\/www.stenogfritid.dk\/?s={search_term_string}"},"query-input":{"@type":"PropertyValueSpecification","valueRequired":true,"valueName":"search_term_string"}}],"inLanguage":"sv-SE"},{"@type":["Organization","Place","Store"],"@id":"https:\/\/www.stenogfritid.dk\/#organization","name":"Smycken och fritid I\/S","alternateName":"www.stenogfritid.dk","url":"https:\/\/www.stenogfritid.dk\/","logo":{"@id":"https:\/\/www.stenogfritid.dk\/vare\/symfonie-tunesiskhaeklenaalesaet-35-8-mm\/#local-main-organization-logo"},"image":{"@id":"https:\/\/www.stenogfritid.dk\/vare\/symfonie-tunesiskhaeklenaalesaet-35-8-mm\/#local-main-organization-logo"},"sameAs":["http:\/\/www.facebook.com\/smykkestenogfritid"],"ownershipFundingInfo":"https:\/\/www.stenogfritid.dk\/handelsbetingelser\/","address":{"@id":"https:\/\/www.stenogfritid.dk\/vare\/symfonie-tunesiskhaeklenaalesaet-35-8-mm\/#local-main-place-address"},"geo":{"@type":"GeoCoordinates","latitude":"55.974960","longitude":"12.020150"},"openingHoursSpecification":[{"@type":"OpeningHoursSpecification","dayOfWeek":["Monday","Sunday"],"opens":"00:00","closes":"00:00"},{"@type":"OpeningHoursSpecification","dayOfWeek":["Tuesday","Wednesday","Thursday"],"opens":"10:00","closes":"17:30"},{"@type":"OpeningHoursSpecification","dayOfWeek":["Friday"],"opens":"10:00","closes":"18:00"},{"@type":"OpeningHoursSpecification","dayOfWeek":["Saturday"],"opens":"10:00","closes":"14:00"}],"email":"kontakt@stenogfritid.dk","vatID":"DK34386641","priceRange":"$$"},{"@type":"PostalAddress","@id":"https:\/\/www.stenogfritid.dk\/vare\/symfonie-tunesiskhaeklenaalesaet-35-8-mm\/#local-main-place-address","streetAddress":"N\u00f8rregade 28A","addressLocality":"Frederiksv\u00e6rk","postalCode":"3300","addressCountry":"DK"},{"@type":"ImageObject","inLanguage":"sv-SE","@id":"https:\/\/www.stenogfritid.dk\/vare\/symfonie-tunesiskhaeklenaalesaet-35-8-mm\/#local-main-organization-logo","url":"https:\/\/www.stenogfritid.dk\/wp-content\/uploads\/2021\/12\/Smykkesten-LOGO_krk.png","contentUrl":"https:\/\/www.stenogfritid.dk\/wp-content\/uploads\/2021\/12\/Smykkesten-LOGO_krk.png","width":361,"height":50,"caption":"Smykkesten og Fritid I\/S"}]},"product_price_amount":"525.00","product_price_currency":"DKK","og_availability":"instock","product_availability":"instock","product_retailer_item_id":"knitpro_tunesisk","product_condition":"new","geo.placename":"Frederiksv\u00e6rk","geo.position":{"lat":"55.974960","long":"12.020150"},"geo.region":"Danmark"},"_links":{"self":[{"href":"https:\/\/www.stenogfritid.dk\/sv\/wp-json\/wp\/v2\/product\/77652","targetHints":{"allow":["GET"]}}],"collection":[{"href":"https:\/\/www.stenogfritid.dk\/sv\/wp-json\/wp\/v2\/product"}],"about":[{"href":"https:\/\/www.stenogfritid.dk\/sv\/wp-json\/wp\/v2\/types\/product"}],"version-history":[{"count":0,"href":"https:\/\/www.stenogfritid.dk\/sv\/wp-json\/wp\/v2\/product\/77652\/revisions"}],"wp:featuredmedia":[{"embeddable":true,"href":"https:\/\/www.stenogfritid.dk\/sv\/wp-json\/wp\/v2\/media\/77654"}],"wp:attachment":[{"href":"https:\/\/www.stenogfritid.dk\/sv\/wp-json\/wp\/v2\/media?parent=77652"}],"wp:term":[{"taxonomy":"product_brand","embeddable":true,"href":"https:\/\/www.stenogfritid.dk\/sv\/wp-json\/wp\/v2\/product_brand?post=77652"},{"taxonomy":"product_cat","embeddable":true,"href":"https:\/\/www.stenogfritid.dk\/sv\/wp-json\/wp\/v2\/product_cat?post=77652"},{"taxonomy":"product_tag","embeddable":true,"href":"https:\/\/www.stenogfritid.dk\/sv\/wp-json\/wp\/v2\/product_tag?post=77652"}],"curies":[{"name":"wp","href":"https:\/\/api.w.org\/{rel}","templated":true}]}}