{"id":8748,"date":"2022-12-28T13:49:47","date_gmt":"2022-12-28T12:49:47","guid":{"rendered":"https:\/\/www.stenogfritid.dk\/?post_type=product&#038;p=8748"},"modified":"2026-05-05T15:16:34","modified_gmt":"2026-05-05T14:16:34","slug":"knitpro-symfonie-interchangeable-round-sticks-2","status":"publish","type":"product","link":"https:\/\/www.stenogfritid.dk\/sv\/gaa-till\/knitpro-symfonie-interchangeable-round-sticks-2\/","title":{"rendered":"KnitPro Symfonie - L\u00e5nga n\u00e5lspetsar"},"content":{"rendered":"<p>L\u00e5nga (standard) stickspetsar i vackert och sl\u00e4tt bj\u00f6rktr\u00e4. L\u00e5nga sticktips anv\u00e4nds fr\u00e4mst f\u00f6r kablar som \u00e4r l\u00e4ngre \u00e4n 40 cm.<\/p>","protected":false},"excerpt":{"rendered":"<p>Kvalitetspinnar fr\u00e5n KnitPro. Standard l\u00e5nga pinnar f\u00f6r kablar fr\u00e5n 60cm.<br \/>\nV\u00e4lj \u00f6nskad diameter och kom ih\u00e5g att <strong><a href=\"https:\/\/www.stenogfritid.dk\/sv\/gaa-till\/knitpro-cables\/\">k\u00f6pa r\u00e4tt kablar<\/a>.<\/strong><\/p>","protected":false},"featured_media":2658,"template":"","meta":{"_acf_changed":false},"product_brand":[],"product_cat":[512],"product_tag":[],"class_list":{"0":"post-8748","1":"product","2":"type-product","3":"status-publish","4":"has-post-thumbnail","6":"product_cat-rundpinde","7":"pa_diameter-100mm","8":"pa_diameter-120mm","9":"pa_diameter-150mm","10":"pa_diameter-30mm","11":"pa_diameter-35mm","12":"pa_diameter-40mm","13":"pa_diameter-45mm","14":"pa_diameter-50mm","15":"pa_diameter-55mm","16":"pa_diameter-60mm","17":"pa_diameter-65mm","18":"pa_diameter-70mm","19":"pa_diameter-80mm","20":"pa_diameter-90mm","22":"first","23":"outofstock","24":"taxable","25":"shipping-taxable","26":"purchasable","27":"product-type-variable","28":"has-default-attributes"},"acf":[],"yoast_head":"<!-- This site is optimized with the Yoast SEO Premium plugin v21.7 (Yoast SEO v27.5) - https:\/\/yoast.com\/product\/yoast-seo-premium-wordpress\/ -->\n<title>KnitPro Symfonie - Lange pindespidser - Smykkesten og Fritid<\/title>\n<meta name=\"description\" content=\"KnitPro Symfonie - Lange pindespidser\" \/>\n<meta name=\"robots\" content=\"index, follow, max-snippet:-1, max-image-preview:large, max-video-preview:-1\" \/>\n<link rel=\"canonical\" href=\"https:\/\/www.stenogfritid.dk\/sv\/gaa-till\/knitpro-symfonie-interchangeable-round-sticks-2\/\" \/>\n<meta property=\"og:locale\" content=\"sv_SE\" \/>\n<meta property=\"og:type\" content=\"article\" \/>\n<meta property=\"og:title\" content=\"KnitPro Symfonie - Lange pindespidser\" \/>\n<meta property=\"og:description\" content=\"KnitPro Symfonie - Lange pindespidser\" \/>\n<meta property=\"og:url\" content=\"https:\/\/www.stenogfritid.dk\/sv\/gaa-till\/knitpro-symfonie-interchangeable-round-sticks-2\/\" \/>\n<meta property=\"og:site_name\" content=\"Smykkesten og Fritid\" \/>\n<meta property=\"article:publisher\" content=\"http:\/\/www.facebook.com\/smykkestenogfritid\" \/>\n<meta property=\"article:modified_time\" content=\"2026-05-05T14:16:34+00:00\" \/>\n<meta property=\"og:image\" content=\"https:\/\/www.stenogfritid.dk\/wp-content\/uploads\/2022\/01\/symfonie_compressed-1.jpg\" \/>\n\t<meta property=\"og:image:width\" content=\"500\" \/>\n\t<meta property=\"og:image:height\" content=\"500\" \/>\n\t<meta property=\"og:image:type\" content=\"image\/jpeg\" \/>\n<meta name=\"twitter:label1\" content=\"Tillg\u00e4nglig\" \/>\n\t<meta name=\"twitter:data1\" content=\"Slut i lager\" \/>\n<script type=\"application\/ld+json\" class=\"yoast-schema-graph\">{\"@context\":\"https:\\\/\\\/schema.org\",\"@graph\":[{\"@type\":\"WebPage\",\"@id\":\"https:\\\/\\\/www.stenogfritid.dk\\\/vare\\\/knitpro-symfonie-lange-pindespidser\\\/\",\"url\":\"https:\\\/\\\/www.stenogfritid.dk\\\/vare\\\/knitpro-symfonie-lange-pindespidser\\\/\",\"name\":\"KnitPro Symfonie - Lange pindespidser - Smykkesten og Fritid\",\"isPartOf\":{\"@id\":\"https:\\\/\\\/www.stenogfritid.dk\\\/#website\"},\"primaryImageOfPage\":{\"@id\":\"https:\\\/\\\/www.stenogfritid.dk\\\/vare\\\/knitpro-symfonie-lange-pindespidser\\\/#primaryimage\"},\"image\":{\"@id\":\"https:\\\/\\\/www.stenogfritid.dk\\\/vare\\\/knitpro-symfonie-lange-pindespidser\\\/#primaryimage\"},\"thumbnailUrl\":\"https:\\\/\\\/www.stenogfritid.dk\\\/wp-content\\\/uploads\\\/2022\\\/01\\\/symfonie_compressed-1.jpg\",\"datePublished\":\"2022-12-28T12:49:47+00:00\",\"dateModified\":\"2026-05-05T14:16:34+00:00\",\"description\":\"KnitPro Symfonie - Lange pindespidser\",\"breadcrumb\":{\"@id\":\"https:\\\/\\\/www.stenogfritid.dk\\\/vare\\\/knitpro-symfonie-lange-pindespidser\\\/#breadcrumb\"},\"inLanguage\":\"sv-SE\",\"potentialAction\":[{\"@type\":\"ReadAction\",\"target\":[\"https:\\\/\\\/www.stenogfritid.dk\\\/vare\\\/knitpro-symfonie-lange-pindespidser\\\/\"]}]},{\"@type\":\"ImageObject\",\"inLanguage\":\"sv-SE\",\"@id\":\"https:\\\/\\\/www.stenogfritid.dk\\\/vare\\\/knitpro-symfonie-lange-pindespidser\\\/#primaryimage\",\"url\":\"https:\\\/\\\/www.stenogfritid.dk\\\/wp-content\\\/uploads\\\/2022\\\/01\\\/symfonie_compressed-1.jpg\",\"contentUrl\":\"https:\\\/\\\/www.stenogfritid.dk\\\/wp-content\\\/uploads\\\/2022\\\/01\\\/symfonie_compressed-1.jpg\",\"width\":500,\"height\":500},{\"@type\":\"BreadcrumbList\",\"@id\":\"https:\\\/\\\/www.stenogfritid.dk\\\/vare\\\/knitpro-symfonie-lange-pindespidser\\\/#breadcrumb\",\"itemListElement\":[{\"@type\":\"ListItem\",\"position\":1,\"name\":\"Hjem\",\"item\":\"https:\\\/\\\/www.stenogfritid.dk\\\/\"},{\"@type\":\"ListItem\",\"position\":2,\"name\":\"Shop\",\"item\":\"https:\\\/\\\/www.stenogfritid.dk\\\/shop\\\/\"},{\"@type\":\"ListItem\",\"position\":3,\"name\":\"KnitPro Symfonie &#8211; Lange pindespidser\"}]},{\"@type\":\"WebSite\",\"@id\":\"https:\\\/\\\/www.stenogfritid.dk\\\/#website\",\"url\":\"https:\\\/\\\/www.stenogfritid.dk\\\/\",\"name\":\"Smykkesten og Fritid\",\"description\":\"Garn, Krystyaller, Stenslibning, Smykkematerialer\",\"publisher\":{\"@id\":\"https:\\\/\\\/www.stenogfritid.dk\\\/#organization\"},\"potentialAction\":[{\"@type\":\"SearchAction\",\"target\":{\"@type\":\"EntryPoint\",\"urlTemplate\":\"https:\\\/\\\/www.stenogfritid.dk\\\/?s={search_term_string}\"},\"query-input\":{\"@type\":\"PropertyValueSpecification\",\"valueRequired\":true,\"valueName\":\"search_term_string\"}}],\"inLanguage\":\"sv-SE\"},{\"@type\":[\"Organization\",\"Place\",\"Store\"],\"@id\":\"https:\\\/\\\/www.stenogfritid.dk\\\/#organization\",\"name\":\"Smykkesten og Fritid I\\\/S\",\"alternateName\":\"www.stenogfritid.dk\",\"url\":\"https:\\\/\\\/www.stenogfritid.dk\\\/\",\"logo\":{\"@id\":\"https:\\\/\\\/www.stenogfritid.dk\\\/vare\\\/knitpro-symfonie-lange-pindespidser\\\/#local-main-organization-logo\"},\"image\":{\"@id\":\"https:\\\/\\\/www.stenogfritid.dk\\\/vare\\\/knitpro-symfonie-lange-pindespidser\\\/#local-main-organization-logo\"},\"sameAs\":[\"http:\\\/\\\/www.facebook.com\\\/smykkestenogfritid\"],\"ownershipFundingInfo\":\"https:\\\/\\\/www.stenogfritid.dk\\\/handelsbetingelser\\\/\",\"address\":{\"@id\":\"https:\\\/\\\/www.stenogfritid.dk\\\/vare\\\/knitpro-symfonie-lange-pindespidser\\\/#local-main-place-address\"},\"geo\":{\"@type\":\"GeoCoordinates\",\"latitude\":\"55.974960\",\"longitude\":\"12.020150\"},\"openingHoursSpecification\":[{\"@type\":\"OpeningHoursSpecification\",\"dayOfWeek\":[\"Monday\",\"Sunday\"],\"opens\":\"00:00\",\"closes\":\"00:00\"},{\"@type\":\"OpeningHoursSpecification\",\"dayOfWeek\":[\"Tuesday\",\"Wednesday\",\"Thursday\"],\"opens\":\"10:00\",\"closes\":\"17:30\"},{\"@type\":\"OpeningHoursSpecification\",\"dayOfWeek\":[\"Friday\"],\"opens\":\"10:00\",\"closes\":\"18:00\"},{\"@type\":\"OpeningHoursSpecification\",\"dayOfWeek\":[\"Saturday\"],\"opens\":\"10:00\",\"closes\":\"14:00\"}],\"email\":\"kontakt@stenogfritid.dk\",\"vatID\":\"DK34386641\",\"priceRange\":\"$$\"},{\"@type\":\"PostalAddress\",\"@id\":\"https:\\\/\\\/www.stenogfritid.dk\\\/vare\\\/knitpro-symfonie-lange-pindespidser\\\/#local-main-place-address\",\"streetAddress\":\"N\u00f8rregade 28A\",\"addressLocality\":\"Frederiksv\u00e6rk\",\"postalCode\":\"3300\",\"addressCountry\":\"DK\"},{\"@type\":\"ImageObject\",\"inLanguage\":\"sv-SE\",\"@id\":\"https:\\\/\\\/www.stenogfritid.dk\\\/vare\\\/knitpro-symfonie-lange-pindespidser\\\/#local-main-organization-logo\",\"url\":\"https:\\\/\\\/www.stenogfritid.dk\\\/wp-content\\\/uploads\\\/2021\\\/12\\\/Smykkesten-LOGO_krk.png\",\"contentUrl\":\"https:\\\/\\\/www.stenogfritid.dk\\\/wp-content\\\/uploads\\\/2021\\\/12\\\/Smykkesten-LOGO_krk.png\",\"width\":361,\"height\":50,\"caption\":\"Smykkesten og Fritid I\\\/S\"}]}<\/script>\n<meta property=\"og:availability\" content=\"out of stock\" \/>\n<meta property=\"product:availability\" content=\"out of stock\" \/>\n<meta property=\"product:retailer_item_id\" content=\"knitpro-symfonie-lange-pindespidser\" \/>\n<meta property=\"product:condition\" content=\"new\" \/>\n<meta name=\"geo.placename\" content=\"Frederiksv\u00e6rk\" \/>\n<meta name=\"geo.position\" content=\"55.974960;12.020150\" \/>\n<meta name=\"geo.region\" content=\"Danmark\" \/>\n<!-- \/ Yoast SEO Premium plugin. -->","yoast_head_json":{"title":"KnitPro Symfonie - L\u00e5nga n\u00e5lspetsar - Smycken och fritid","description":"KnitPro Symfonie - L\u00e5nga n\u00e5lspetsar","robots":{"index":"index","follow":"follow","max-snippet":"max-snippet:-1","max-image-preview":"max-image-preview:large","max-video-preview":"max-video-preview:-1"},"canonical":"https:\/\/www.stenogfritid.dk\/sv\/gaa-till\/knitpro-symfonie-interchangeable-round-sticks-2\/","og_locale":"sv_SE","og_type":"article","og_title":"KnitPro Symfonie - Lange pindespidser","og_description":"KnitPro Symfonie - Lange pindespidser","og_url":"https:\/\/www.stenogfritid.dk\/sv\/gaa-till\/knitpro-symfonie-interchangeable-round-sticks-2\/","og_site_name":"Smykkesten og Fritid","article_publisher":"http:\/\/www.facebook.com\/smykkestenogfritid","article_modified_time":"2026-05-05T14:16:34+00:00","og_image":[{"width":500,"height":500,"url":"https:\/\/www.stenogfritid.dk\/wp-content\/uploads\/2022\/01\/symfonie_compressed-1.jpg","type":"image\/jpeg"}],"twitter_misc":{"Tillg\u00e4nglig":"Slut i lager"},"schema":{"@context":"https:\/\/schema.org","@graph":[{"@type":"WebPage","@id":"https:\/\/www.stenogfritid.dk\/vare\/knitpro-symfonie-lange-pindespidser\/","url":"https:\/\/www.stenogfritid.dk\/vare\/knitpro-symfonie-lange-pindespidser\/","name":"KnitPro Symfonie - L\u00e5nga n\u00e5lspetsar - Smycken och fritid","isPartOf":{"@id":"https:\/\/www.stenogfritid.dk\/#website"},"primaryImageOfPage":{"@id":"https:\/\/www.stenogfritid.dk\/vare\/knitpro-symfonie-lange-pindespidser\/#primaryimage"},"image":{"@id":"https:\/\/www.stenogfritid.dk\/vare\/knitpro-symfonie-lange-pindespidser\/#primaryimage"},"thumbnailUrl":"https:\/\/www.stenogfritid.dk\/wp-content\/uploads\/2022\/01\/symfonie_compressed-1.jpg","datePublished":"2022-12-28T12:49:47+00:00","dateModified":"2026-05-05T14:16:34+00:00","description":"KnitPro Symfonie - L\u00e5nga n\u00e5lspetsar","breadcrumb":{"@id":"https:\/\/www.stenogfritid.dk\/vare\/knitpro-symfonie-lange-pindespidser\/#breadcrumb"},"inLanguage":"sv-SE","potentialAction":[{"@type":"ReadAction","target":["https:\/\/www.stenogfritid.dk\/vare\/knitpro-symfonie-lange-pindespidser\/"]}]},{"@type":"ImageObject","inLanguage":"sv-SE","@id":"https:\/\/www.stenogfritid.dk\/vare\/knitpro-symfonie-lange-pindespidser\/#primaryimage","url":"https:\/\/www.stenogfritid.dk\/wp-content\/uploads\/2022\/01\/symfonie_compressed-1.jpg","contentUrl":"https:\/\/www.stenogfritid.dk\/wp-content\/uploads\/2022\/01\/symfonie_compressed-1.jpg","width":500,"height":500},{"@type":"BreadcrumbList","@id":"https:\/\/www.stenogfritid.dk\/vare\/knitpro-symfonie-lange-pindespidser\/#breadcrumb","itemListElement":[{"@type":"ListItem","position":1,"name":"Hjem","item":"https:\/\/www.stenogfritid.dk\/"},{"@type":"ListItem","position":2,"name":"Shop","item":"https:\/\/www.stenogfritid.dk\/shop\/"},{"@type":"ListItem","position":3,"name":"KnitPro Symfonie &#8211; Lange pindespidser"}]},{"@type":"WebSite","@id":"https:\/\/www.stenogfritid.dk\/#website","url":"https:\/\/www.stenogfritid.dk\/","name":"Smykkesten og Fritid","description":"Garn, kristallkristaller, stenslipning, smyckesmaterial","publisher":{"@id":"https:\/\/www.stenogfritid.dk\/#organization"},"potentialAction":[{"@type":"SearchAction","target":{"@type":"EntryPoint","urlTemplate":"https:\/\/www.stenogfritid.dk\/?s={search_term_string}"},"query-input":{"@type":"PropertyValueSpecification","valueRequired":true,"valueName":"search_term_string"}}],"inLanguage":"sv-SE"},{"@type":["Organization","Place","Store"],"@id":"https:\/\/www.stenogfritid.dk\/#organization","name":"Smycken och fritid I\/S","alternateName":"www.stenogfritid.dk","url":"https:\/\/www.stenogfritid.dk\/","logo":{"@id":"https:\/\/www.stenogfritid.dk\/vare\/knitpro-symfonie-lange-pindespidser\/#local-main-organization-logo"},"image":{"@id":"https:\/\/www.stenogfritid.dk\/vare\/knitpro-symfonie-lange-pindespidser\/#local-main-organization-logo"},"sameAs":["http:\/\/www.facebook.com\/smykkestenogfritid"],"ownershipFundingInfo":"https:\/\/www.stenogfritid.dk\/handelsbetingelser\/","address":{"@id":"https:\/\/www.stenogfritid.dk\/vare\/knitpro-symfonie-lange-pindespidser\/#local-main-place-address"},"geo":{"@type":"GeoCoordinates","latitude":"55.974960","longitude":"12.020150"},"openingHoursSpecification":[{"@type":"OpeningHoursSpecification","dayOfWeek":["Monday","Sunday"],"opens":"00:00","closes":"00:00"},{"@type":"OpeningHoursSpecification","dayOfWeek":["Tuesday","Wednesday","Thursday"],"opens":"10:00","closes":"17:30"},{"@type":"OpeningHoursSpecification","dayOfWeek":["Friday"],"opens":"10:00","closes":"18:00"},{"@type":"OpeningHoursSpecification","dayOfWeek":["Saturday"],"opens":"10:00","closes":"14:00"}],"email":"kontakt@stenogfritid.dk","vatID":"DK34386641","priceRange":"$$"},{"@type":"PostalAddress","@id":"https:\/\/www.stenogfritid.dk\/vare\/knitpro-symfonie-lange-pindespidser\/#local-main-place-address","streetAddress":"N\u00f8rregade 28A","addressLocality":"Frederiksv\u00e6rk","postalCode":"3300","addressCountry":"DK"},{"@type":"ImageObject","inLanguage":"sv-SE","@id":"https:\/\/www.stenogfritid.dk\/vare\/knitpro-symfonie-lange-pindespidser\/#local-main-organization-logo","url":"https:\/\/www.stenogfritid.dk\/wp-content\/uploads\/2021\/12\/Smykkesten-LOGO_krk.png","contentUrl":"https:\/\/www.stenogfritid.dk\/wp-content\/uploads\/2021\/12\/Smykkesten-LOGO_krk.png","width":361,"height":50,"caption":"Smykkesten og Fritid I\/S"}]},"og_availability":"out of stock","product_availability":"out of stock","product_retailer_item_id":"knitpro-symfonie-lange-pindespidser","product_condition":"new","geo.placename":"Frederiksv\u00e6rk","geo.position":{"lat":"55.974960","long":"12.020150"},"geo.region":"Danmark"},"_links":{"self":[{"href":"https:\/\/www.stenogfritid.dk\/sv\/wp-json\/wp\/v2\/product\/8748","targetHints":{"allow":["GET"]}}],"collection":[{"href":"https:\/\/www.stenogfritid.dk\/sv\/wp-json\/wp\/v2\/product"}],"about":[{"href":"https:\/\/www.stenogfritid.dk\/sv\/wp-json\/wp\/v2\/types\/product"}],"version-history":[{"count":0,"href":"https:\/\/www.stenogfritid.dk\/sv\/wp-json\/wp\/v2\/product\/8748\/revisions"}],"wp:featuredmedia":[{"embeddable":true,"href":"https:\/\/www.stenogfritid.dk\/sv\/wp-json\/wp\/v2\/media\/2658"}],"wp:attachment":[{"href":"https:\/\/www.stenogfritid.dk\/sv\/wp-json\/wp\/v2\/media?parent=8748"}],"wp:term":[{"taxonomy":"product_brand","embeddable":true,"href":"https:\/\/www.stenogfritid.dk\/sv\/wp-json\/wp\/v2\/product_brand?post=8748"},{"taxonomy":"product_cat","embeddable":true,"href":"https:\/\/www.stenogfritid.dk\/sv\/wp-json\/wp\/v2\/product_cat?post=8748"},{"taxonomy":"product_tag","embeddable":true,"href":"https:\/\/www.stenogfritid.dk\/sv\/wp-json\/wp\/v2\/product_tag?post=8748"}],"curies":[{"name":"wp","href":"https:\/\/api.w.org\/{rel}","templated":true}]}}